{"id":263406,"date":"2024-01-01T18:16:37","date_gmt":"2024-01-01T18:16:37","guid":{"rendered":"https:\/\/www.ilfrantoiosaporito.it\/prodotto\/olio-extravergine-di-oliva-in-latta\/"},"modified":"2025-10-03T04:52:41","modified_gmt":"2025-10-03T04:52:41","slug":"huile-dolive-extra-vierge-en-boite","status":"publish","type":"product","link":"https:\/\/www.ilfrantoiosaporito.it\/fr\/produit\/huile-dolive-extra-vierge-en-boite\/","title":{"rendered":"Huile d&rsquo;olive extra vierge en bo\u00eete"},"content":{"rendered":"<p data-start=\"3020\" data-end=\"3047\"><strong data-start=\"3020\" data-end=\"3045\">\ud83c\udf43 Profil Sensoriel :<\/strong><\/p>\n<ul data-start=\"3048\" data-end=\"3250\">\n<li data-start=\"3048\" data-end=\"3109\"><strong data-start=\"3050\" data-end=\"3063\">Couleur :<\/strong> Vert brillant avec de belles nuances dor\u00e9es<\/li>\n<li data-start=\"3110\" data-end=\"3197\"><strong data-start=\"3112\" data-end=\"3123\">Ar\u00f4me :<\/strong> Notes fruit\u00e9es intenses, avec des touches d&rsquo;herbe fra\u00eeche et de chardon<\/li>\n<li data-start=\"3198\" data-end=\"3250\"><strong data-start=\"3200\" data-end=\"3210\">Go\u00fbt :<\/strong> Fruit\u00e9 moyen, harmonieux et \u00e9quilibr\u00e9<\/li>\n<\/ul>\n<p data-start=\"3252\" data-end=\"3480\"><strong data-start=\"3252\" data-end=\"3280\">\ud83c\udf7d\ufe0f Accords en Cuisine :<\/strong><br data-start=\"3280\" data-end=\"3283\" \/>Id\u00e9al pour sublimer les plats de poisson cru, viandes grill\u00e9es, salades fra\u00eeches et l\u00e9gumes. Parfait \u00e9galement sur les soupes, l\u00e9gumineuses, bruschetta et pour enrichir chaque cr\u00e9ation culinaire.<\/p>\n<p data-start=\"3482\" data-end=\"3682\"><strong data-start=\"3482\" data-end=\"3503\">\ud83d\udce6 Conservation :<\/strong><br data-start=\"3503\" data-end=\"3506\" \/>Conservez l&rsquo;huile dans un endroit frais et sec, \u00e0 l&rsquo;abri de la lumi\u00e8re et des sources de chaleur, pour pr\u00e9server ses propri\u00e9t\u00e9s organoleptiques. Temp\u00e9rature id\u00e9ale : 15-18\u00b0C.<\/p>\n","protected":false},"excerpt":{"rendered":"<p data-start=\"2520\" data-end=\"2752\">Apportez \u00e0 votre table le go\u00fbt authentique de la Sabina avec notre huile d&rsquo;olive vierge extra biologique, issue des meilleures olives <em data-start=\"2654\" data-end=\"2663\">Leccino<\/em>, <em data-start=\"2665\" data-end=\"2675\">Frantoio<\/em> et <em data-start=\"2679\" data-end=\"2685\">Raja<\/em>, r\u00e9colt\u00e9es dans la charmante r\u00e9gion de <strong data-start=\"2725\" data-end=\"2749\">Castelnuovo di Farfa<\/strong>.<\/p>\n<p data-start=\"2754\" data-end=\"2781\"><strong data-start=\"2754\" data-end=\"2779\">\ud83c\udf3f Caract\u00e9ristiques :<\/strong><\/p>\n<ul data-start=\"2782\" data-end=\"3018\">\n<li data-start=\"2782\" data-end=\"2831\"><strong data-start=\"2784\" data-end=\"2796\">Format :<\/strong> Bidon disponible en 1L, 3L et 5L<\/li>\n<li data-start=\"2832\" data-end=\"2864\"><strong data-start=\"2834\" data-end=\"2847\">R\u00e9colte :<\/strong> Saison 2025\/26<\/li>\n<li data-start=\"2865\" data-end=\"2909\"><strong data-start=\"2867\" data-end=\"2886\">Certification :<\/strong> 100% Bio et tra\u00e7able<\/li>\n<li data-start=\"2910\" data-end=\"2958\"><strong data-start=\"2912\" data-end=\"2926\">Cultivar :<\/strong> <em data-start=\"2927\" data-end=\"2936\">Leccino<\/em>, <em data-start=\"2938\" data-end=\"2948\">Frantoio<\/em>, <em data-start=\"2950\" data-end=\"2956\">Raja<\/em><\/li>\n<li data-start=\"2959\" data-end=\"3018\"><strong data-start=\"2961\" data-end=\"2974\">Origine :<\/strong> 100% Italien, de la r\u00e9colte \u00e0 l&#8217;emballage<\/li>\n<\/ul>\n","protected":false},"featured_media":258675,"comment_status":"open","ping_status":"closed","template":"","meta":{"_et_pb_use_builder":"off","_et_pb_old_content":"olio extra vergine di oliva bio 3 litri\r\nFRANTOIO\u00a0 ideale per condire a crudo, pesce ,carni ed insalate \"Confezione : LATTA\r\nFormat1 : 1 LT | 3 LT | 5 LT\r\nRaccolta : <strong>2023\/24<\/strong>\r\nTipologia :OLIO EXTRA VERGINE DI OLIVA \u00e8 tracciato, e certificato Biologico.\r\nSapore : FRUTTATO MEDIO\r\nCertificazione :BIO\r\nCultivar :LECCINO - FRANTOIO - RAJA .\r\nOrigine :100% olio extravergine di oliva prodotto, imbottigliato e confezionato in Italia da olive raccolte in Italia.\r\nRegione Frantoio :Castelnuovo di farfa\r\nConservazione : In luogo fresco ed asciutto, al riparo dalla luce e da fonti di calore. Temperatura ottimale: 15-18\u00b0C.\" \"Colore: verde con riflessi giallo oro.\r\nProfumo: fruttato intenso, con note erbacee e di cardo.\r\nGusto: fruttato MEDIO.\r\nAbbinamento in cucina: condimento di verdure, legumi, zuppe, bruschette, carni alla brace.\"","_et_gb_content_width":"","cybocfi_hide_featured_image":""},"product_brand":[],"product_cat":[183],"product_tag":[],"class_list":{"0":"post-263406","1":"product","2":"type-product","3":"status-publish","4":"has-post-thumbnail","6":"product_cat-olio-extravergine-di-oliva-in-latta-fr","8":"first","9":"instock","10":"taxable","11":"shipping-taxable","12":"purchasable","13":"product-type-variable"},"yoast_head":"<!-- This site is optimized with the Yoast SEO plugin v27.2 - https:\/\/yoast.com\/product\/yoast-seo-wordpress\/ -->\n<title>Huile d&#039;olive extra vierge en bo\u00eete - Azienda agricola Saporito l&#039;olio extravergine di oliva<\/title>\n<meta name=\"robots\" content=\"index, follow, max-snippet:-1, max-image-preview:large, max-video-preview:-1\" \/>\n<link rel=\"canonical\" href=\"https:\/\/www.ilfrantoiosaporito.it\/fr\/produit\/huile-dolive-extra-vierge-en-boite\/\" \/>\n<meta property=\"og:locale\" content=\"fr_FR\" \/>\n<meta property=\"og:type\" content=\"article\" \/>\n<meta property=\"og:title\" content=\"Huile d&#039;olive extra vierge en bo\u00eete - Azienda agricola Saporito l&#039;olio extravergine di oliva\" \/>\n<meta property=\"og:description\" content=\"Apportez \u00e0 votre table le go\u00fbt authentique de la Sabina avec notre huile d&#039;olive vierge extra biologique, issue des meilleures olives Leccino, Frantoio et Raja, r\u00e9colt\u00e9es dans la charmante r\u00e9gion de Castelnuovo di Farfa. \ud83c\udf3f Caract\u00e9ristiques :    Format : Bidon disponible en 1L, 3L et 5L  R\u00e9colte : Saison 2025\/26  Certification : 100% Bio et tra\u00e7able  Cultivar : Leccino, Frantoio, Raja  Origine : 100% Italien, de la r\u00e9colte \u00e0 l&#039;emballage\" \/>\n<meta property=\"og:url\" content=\"https:\/\/www.ilfrantoiosaporito.it\/fr\/produit\/huile-dolive-extra-vierge-en-boite\/\" \/>\n<meta property=\"og:site_name\" content=\"Azienda agricola Saporito l&#039;olio extravergine di oliva\" \/>\n<meta property=\"article:modified_time\" content=\"2025-10-03T04:52:41+00:00\" \/>\n<meta property=\"og:image\" content=\"https:\/\/www.ilfrantoiosaporito.it\/wp-content\/uploads\/2021\/06\/Baratole-4.jpg\" \/>\n\t<meta property=\"og:image:width\" content=\"1000\" \/>\n\t<meta property=\"og:image:height\" content=\"1000\" \/>\n\t<meta property=\"og:image:type\" content=\"image\/jpeg\" \/>\n<meta name=\"twitter:card\" content=\"summary_large_image\" \/>\n<meta name=\"twitter:label1\" content=\"Dur\u00e9e de lecture estim\u00e9e\" \/>\n\t<meta name=\"twitter:data1\" content=\"1 minute\" \/>\n<script type=\"application\/ld+json\" class=\"yoast-schema-graph\">{\"@context\":\"https:\/\/schema.org\",\"@graph\":[{\"@type\":\"WebPage\",\"@id\":\"https:\/\/www.ilfrantoiosaporito.it\/fr\/produit\/huile-dolive-extra-vierge-en-boite\/\",\"url\":\"https:\/\/www.ilfrantoiosaporito.it\/fr\/produit\/huile-dolive-extra-vierge-en-boite\/\",\"name\":\"Huile d'olive extra vierge en bo\u00eete - Azienda agricola Saporito l&#039;olio extravergine di oliva\",\"isPartOf\":{\"@id\":\"https:\/\/www.ilfrantoiosaporito.it\/fr\/#website\"},\"primaryImageOfPage\":{\"@id\":\"https:\/\/www.ilfrantoiosaporito.it\/fr\/produit\/huile-dolive-extra-vierge-en-boite\/#primaryimage\"},\"image\":{\"@id\":\"https:\/\/www.ilfrantoiosaporito.it\/fr\/produit\/huile-dolive-extra-vierge-en-boite\/#primaryimage\"},\"thumbnailUrl\":\"https:\/\/www.ilfrantoiosaporito.it\/wp-content\/uploads\/2021\/06\/Baratole-4.jpg\",\"datePublished\":\"2024-01-01T18:16:37+00:00\",\"dateModified\":\"2025-10-03T04:52:41+00:00\",\"breadcrumb\":{\"@id\":\"https:\/\/www.ilfrantoiosaporito.it\/fr\/produit\/huile-dolive-extra-vierge-en-boite\/#breadcrumb\"},\"inLanguage\":\"fr-FR\",\"potentialAction\":[{\"@type\":\"ReadAction\",\"target\":[\"https:\/\/www.ilfrantoiosaporito.it\/fr\/produit\/huile-dolive-extra-vierge-en-boite\/\"]}]},{\"@type\":\"ImageObject\",\"inLanguage\":\"fr-FR\",\"@id\":\"https:\/\/www.ilfrantoiosaporito.it\/fr\/produit\/huile-dolive-extra-vierge-en-boite\/#primaryimage\",\"url\":\"https:\/\/www.ilfrantoiosaporito.it\/wp-content\/uploads\/2021\/06\/Baratole-4.jpg\",\"contentUrl\":\"https:\/\/www.ilfrantoiosaporito.it\/wp-content\/uploads\/2021\/06\/Baratole-4.jpg\",\"width\":1000,\"height\":1000},{\"@type\":\"BreadcrumbList\",\"@id\":\"https:\/\/www.ilfrantoiosaporito.it\/fr\/produit\/huile-dolive-extra-vierge-en-boite\/#breadcrumb\",\"itemListElement\":[{\"@type\":\"ListItem\",\"position\":1,\"name\":\"Home\",\"item\":\"https:\/\/www.ilfrantoiosaporito.it\/fr\/\"},{\"@type\":\"ListItem\",\"position\":2,\"name\":\"Boutique\",\"item\":\"https:\/\/www.ilfrantoiosaporito.it\/fr\/boutique\/\"},{\"@type\":\"ListItem\",\"position\":3,\"name\":\"Huile d&#8217;olive extra vierge en bo\u00eete\"}]},{\"@type\":\"WebSite\",\"@id\":\"https:\/\/www.ilfrantoiosaporito.it\/fr\/#website\",\"url\":\"https:\/\/www.ilfrantoiosaporito.it\/fr\/\",\"name\":\"Azienda agricola Saporito l&#039;olio extravergine di oliva\",\"description\":\"Azienda Agricola Saporito In Sabina l&#039;olivo \u00e8 coltivato da millenni \",\"potentialAction\":[{\"@type\":\"SearchAction\",\"target\":{\"@type\":\"EntryPoint\",\"urlTemplate\":\"https:\/\/www.ilfrantoiosaporito.it\/fr\/?s={search_term_string}\"},\"query-input\":{\"@type\":\"PropertyValueSpecification\",\"valueRequired\":true,\"valueName\":\"search_term_string\"}}],\"inLanguage\":\"fr-FR\"}]}<\/script>\n<!-- \/ Yoast SEO plugin. -->","yoast_head_json":{"title":"Huile d'olive extra vierge en bo\u00eete - Azienda agricola Saporito l&#039;olio extravergine di oliva","robots":{"index":"index","follow":"follow","max-snippet":"max-snippet:-1","max-image-preview":"max-image-preview:large","max-video-preview":"max-video-preview:-1"},"canonical":"https:\/\/www.ilfrantoiosaporito.it\/fr\/produit\/huile-dolive-extra-vierge-en-boite\/","og_locale":"fr_FR","og_type":"article","og_title":"Huile d'olive extra vierge en bo\u00eete - Azienda agricola Saporito l&#039;olio extravergine di oliva","og_description":"Apportez \u00e0 votre table le go\u00fbt authentique de la Sabina avec notre huile d'olive vierge extra biologique, issue des meilleures olives Leccino, Frantoio et Raja, r\u00e9colt\u00e9es dans la charmante r\u00e9gion de Castelnuovo di Farfa. \ud83c\udf3f Caract\u00e9ristiques :    Format : Bidon disponible en 1L, 3L et 5L  R\u00e9colte : Saison 2025\/26  Certification : 100% Bio et tra\u00e7able  Cultivar : Leccino, Frantoio, Raja  Origine : 100% Italien, de la r\u00e9colte \u00e0 l'emballage","og_url":"https:\/\/www.ilfrantoiosaporito.it\/fr\/produit\/huile-dolive-extra-vierge-en-boite\/","og_site_name":"Azienda agricola Saporito l&#039;olio extravergine di oliva","article_modified_time":"2025-10-03T04:52:41+00:00","og_image":[{"width":1000,"height":1000,"url":"https:\/\/www.ilfrantoiosaporito.it\/wp-content\/uploads\/2021\/06\/Baratole-4.jpg","type":"image\/jpeg"}],"twitter_card":"summary_large_image","twitter_misc":{"Dur\u00e9e de lecture estim\u00e9e":"1 minute"},"schema":{"@context":"https:\/\/schema.org","@graph":[{"@type":"WebPage","@id":"https:\/\/www.ilfrantoiosaporito.it\/fr\/produit\/huile-dolive-extra-vierge-en-boite\/","url":"https:\/\/www.ilfrantoiosaporito.it\/fr\/produit\/huile-dolive-extra-vierge-en-boite\/","name":"Huile d'olive extra vierge en bo\u00eete - Azienda agricola Saporito l&#039;olio extravergine di oliva","isPartOf":{"@id":"https:\/\/www.ilfrantoiosaporito.it\/fr\/#website"},"primaryImageOfPage":{"@id":"https:\/\/www.ilfrantoiosaporito.it\/fr\/produit\/huile-dolive-extra-vierge-en-boite\/#primaryimage"},"image":{"@id":"https:\/\/www.ilfrantoiosaporito.it\/fr\/produit\/huile-dolive-extra-vierge-en-boite\/#primaryimage"},"thumbnailUrl":"https:\/\/www.ilfrantoiosaporito.it\/wp-content\/uploads\/2021\/06\/Baratole-4.jpg","datePublished":"2024-01-01T18:16:37+00:00","dateModified":"2025-10-03T04:52:41+00:00","breadcrumb":{"@id":"https:\/\/www.ilfrantoiosaporito.it\/fr\/produit\/huile-dolive-extra-vierge-en-boite\/#breadcrumb"},"inLanguage":"fr-FR","potentialAction":[{"@type":"ReadAction","target":["https:\/\/www.ilfrantoiosaporito.it\/fr\/produit\/huile-dolive-extra-vierge-en-boite\/"]}]},{"@type":"ImageObject","inLanguage":"fr-FR","@id":"https:\/\/www.ilfrantoiosaporito.it\/fr\/produit\/huile-dolive-extra-vierge-en-boite\/#primaryimage","url":"https:\/\/www.ilfrantoiosaporito.it\/wp-content\/uploads\/2021\/06\/Baratole-4.jpg","contentUrl":"https:\/\/www.ilfrantoiosaporito.it\/wp-content\/uploads\/2021\/06\/Baratole-4.jpg","width":1000,"height":1000},{"@type":"BreadcrumbList","@id":"https:\/\/www.ilfrantoiosaporito.it\/fr\/produit\/huile-dolive-extra-vierge-en-boite\/#breadcrumb","itemListElement":[{"@type":"ListItem","position":1,"name":"Home","item":"https:\/\/www.ilfrantoiosaporito.it\/fr\/"},{"@type":"ListItem","position":2,"name":"Boutique","item":"https:\/\/www.ilfrantoiosaporito.it\/fr\/boutique\/"},{"@type":"ListItem","position":3,"name":"Huile d&#8217;olive extra vierge en bo\u00eete"}]},{"@type":"WebSite","@id":"https:\/\/www.ilfrantoiosaporito.it\/fr\/#website","url":"https:\/\/www.ilfrantoiosaporito.it\/fr\/","name":"Azienda agricola Saporito l&#039;olio extravergine di oliva","description":"Azienda Agricola Saporito In Sabina l&#039;olivo \u00e8 coltivato da millenni ","potentialAction":[{"@type":"SearchAction","target":{"@type":"EntryPoint","urlTemplate":"https:\/\/www.ilfrantoiosaporito.it\/fr\/?s={search_term_string}"},"query-input":{"@type":"PropertyValueSpecification","valueRequired":true,"valueName":"search_term_string"}}],"inLanguage":"fr-FR"}]}},"_links":{"self":[{"href":"https:\/\/www.ilfrantoiosaporito.it\/fr\/wp-json\/wp\/v2\/product\/263406","targetHints":{"allow":["GET"]}}],"collection":[{"href":"https:\/\/www.ilfrantoiosaporito.it\/fr\/wp-json\/wp\/v2\/product"}],"about":[{"href":"https:\/\/www.ilfrantoiosaporito.it\/fr\/wp-json\/wp\/v2\/types\/product"}],"replies":[{"embeddable":true,"href":"https:\/\/www.ilfrantoiosaporito.it\/fr\/wp-json\/wp\/v2\/comments?post=263406"}],"wp:featuredmedia":[{"embeddable":true,"href":"https:\/\/www.ilfrantoiosaporito.it\/fr\/wp-json\/wp\/v2\/media\/258675"}],"wp:attachment":[{"href":"https:\/\/www.ilfrantoiosaporito.it\/fr\/wp-json\/wp\/v2\/media?parent=263406"}],"wp:term":[{"taxonomy":"product_brand","embeddable":true,"href":"https:\/\/www.ilfrantoiosaporito.it\/fr\/wp-json\/wp\/v2\/product_brand?post=263406"},{"taxonomy":"product_cat","embeddable":true,"href":"https:\/\/www.ilfrantoiosaporito.it\/fr\/wp-json\/wp\/v2\/product_cat?post=263406"},{"taxonomy":"product_tag","embeddable":true,"href":"https:\/\/www.ilfrantoiosaporito.it\/fr\/wp-json\/wp\/v2\/product_tag?post=263406"}],"curies":[{"name":"wp","href":"https:\/\/api.w.org\/{rel}","templated":true}]}}