{"id":260267,"date":"2021-10-31T21:48:21","date_gmt":"2021-10-31T21:48:21","guid":{"rendered":"https:\/\/www.ilfrantoiosaporito.it\/prodotto\/pate-aux-olives-noires\/"},"modified":"2024-05-05T08:06:25","modified_gmt":"2024-05-05T08:06:25","slug":"pate-d-olives-noires","status":"publish","type":"product","link":"https:\/\/www.ilfrantoiosaporito.it\/fr\/produit\/pate-d-olives-noires\/","title":{"rendered":"P\u00e2t\u00e9 aux olives noires"},"content":{"rendered":"<p>180 gr<br \/>\n<strong>Ingr\u00e9dients<\/strong> : Olives noires (70%), huile d&rsquo;olive extra vierge, sel, \u00e9pices et ar\u00f4mes naturels.<br \/>\nIl peut contenir des traces de fruits \u00e0 coque, de c\u00e9leri et de d\u00e9riv\u00e9s du lait.<br \/>\nConserver dans un endroit frais et sec.<br \/>\nUne fois ouvert, conserver au r\u00e9frig\u00e9rateur et utiliser dans les sept jours.<\/p>\n","protected":false},"excerpt":{"rendered":"<p><strong>180 gr<\/strong><\/p>\n<p><strong>L&rsquo;Azienda Agricole Saporito<\/strong> conseille \u00e0 ses clients d&rsquo;utiliser cette sauce pour assaisonner les entr\u00e9es \u00e0 base de p\u00e2tes s\u00e8ches, de p\u00e2tes fra\u00eeches et de riz ; pour accompagner et assaisonner la viande; excellent sur du pain grill\u00e9, sur des canap\u00e9s et des bruschettas.<\/p>\n<p><strong>SANS GLUTEN, COLORANTS ET CONSERVATEURS<\/strong><\/p>\n","protected":false},"featured_media":259225,"comment_status":"open","ping_status":"closed","template":"","meta":{"_et_pb_use_builder":"","_et_pb_old_content":"","_et_gb_content_width":"","cybocfi_hide_featured_image":""},"product_brand":[],"product_cat":[108],"product_tag":[],"class_list":{"0":"post-260267","1":"product","2":"type-product","3":"status-publish","4":"has-post-thumbnail","6":"product_cat-sauces-salees","8":"first","9":"instock","10":"taxable","11":"shipping-taxable","12":"purchasable","13":"product-type-simple"},"yoast_head":"<!-- This site is optimized with the Yoast SEO plugin v27.2 - https:\/\/yoast.com\/product\/yoast-seo-wordpress\/ -->\n<title>Black Olive Pat\u00e8 une touche de saveur \u00e0 chaque bouch\u00e9e<\/title>\n<meta name=\"description\" content=\"Les p\u00e2t\u00e9s artisanaux sont \u00e9labor\u00e9s avec les meilleurs ingr\u00e9dients frais. Nous n&#039;utilisons que nos olives, une touche de saveur \u00e0 chaque bouch\u00e9e.\" \/>\n<meta name=\"robots\" content=\"index, follow, max-snippet:-1, max-image-preview:large, max-video-preview:-1\" \/>\n<link rel=\"canonical\" href=\"https:\/\/www.ilfrantoiosaporito.it\/fr\/produit\/pate-d-olives-noires\/\" \/>\n<meta property=\"og:locale\" content=\"fr_FR\" \/>\n<meta property=\"og:type\" content=\"article\" \/>\n<meta property=\"og:title\" content=\"Black Olive Pat\u00e8 une touche de saveur \u00e0 chaque bouch\u00e9e\" \/>\n<meta property=\"og:description\" content=\"Les p\u00e2t\u00e9s artisanaux sont \u00e9labor\u00e9s avec les meilleurs ingr\u00e9dients frais. Nous n&#039;utilisons que nos olives, une touche de saveur \u00e0 chaque bouch\u00e9e.\" \/>\n<meta property=\"og:url\" content=\"https:\/\/www.ilfrantoiosaporito.it\/fr\/produit\/pate-d-olives-noires\/\" \/>\n<meta property=\"og:site_name\" content=\"Azienda agricola Saporito l&#039;olio extravergine di oliva\" \/>\n<meta property=\"article:modified_time\" content=\"2024-05-05T08:06:25+00:00\" \/>\n<meta property=\"og:image\" content=\"https:\/\/www.ilfrantoiosaporito.it\/wp-content\/uploads\/2021\/10\/PATE-DI-OLIVE-NERE.jpg\" \/>\n\t<meta property=\"og:image:width\" content=\"1000\" \/>\n\t<meta property=\"og:image:height\" content=\"1000\" \/>\n\t<meta property=\"og:image:type\" content=\"image\/jpeg\" \/>\n<meta name=\"twitter:card\" content=\"summary_large_image\" \/>\n<script type=\"application\/ld+json\" class=\"yoast-schema-graph\">{\"@context\":\"https:\/\/schema.org\",\"@graph\":[{\"@type\":\"WebPage\",\"@id\":\"https:\/\/www.ilfrantoiosaporito.it\/fr\/produit\/pate-d-olives-noires\/\",\"url\":\"https:\/\/www.ilfrantoiosaporito.it\/fr\/produit\/pate-d-olives-noires\/\",\"name\":\"Black Olive Pat\u00e8 une touche de saveur \u00e0 chaque bouch\u00e9e\",\"isPartOf\":{\"@id\":\"https:\/\/www.ilfrantoiosaporito.it\/fr\/#website\"},\"primaryImageOfPage\":{\"@id\":\"https:\/\/www.ilfrantoiosaporito.it\/fr\/produit\/pate-d-olives-noires\/#primaryimage\"},\"image\":{\"@id\":\"https:\/\/www.ilfrantoiosaporito.it\/fr\/produit\/pate-d-olives-noires\/#primaryimage\"},\"thumbnailUrl\":\"https:\/\/www.ilfrantoiosaporito.it\/wp-content\/uploads\/2021\/10\/PATE-DI-OLIVE-NERE.jpg\",\"datePublished\":\"2021-10-31T21:48:21+00:00\",\"dateModified\":\"2024-05-05T08:06:25+00:00\",\"description\":\"Les p\u00e2t\u00e9s artisanaux sont \u00e9labor\u00e9s avec les meilleurs ingr\u00e9dients frais. Nous n'utilisons que nos olives, une touche de saveur \u00e0 chaque bouch\u00e9e.\",\"breadcrumb\":{\"@id\":\"https:\/\/www.ilfrantoiosaporito.it\/fr\/produit\/pate-d-olives-noires\/#breadcrumb\"},\"inLanguage\":\"fr-FR\",\"potentialAction\":[{\"@type\":\"ReadAction\",\"target\":[\"https:\/\/www.ilfrantoiosaporito.it\/fr\/produit\/pate-d-olives-noires\/\"]}]},{\"@type\":\"ImageObject\",\"inLanguage\":\"fr-FR\",\"@id\":\"https:\/\/www.ilfrantoiosaporito.it\/fr\/produit\/pate-d-olives-noires\/#primaryimage\",\"url\":\"https:\/\/www.ilfrantoiosaporito.it\/wp-content\/uploads\/2021\/10\/PATE-DI-OLIVE-NERE.jpg\",\"contentUrl\":\"https:\/\/www.ilfrantoiosaporito.it\/wp-content\/uploads\/2021\/10\/PATE-DI-OLIVE-NERE.jpg\",\"width\":1000,\"height\":1000,\"caption\":\"PATE 'D'OLIVES NOIRES DE FRANTOIO SAPORITO CASTENUOVO DI FARFA - LATIUM - MADE IN ITALY\"},{\"@type\":\"BreadcrumbList\",\"@id\":\"https:\/\/www.ilfrantoiosaporito.it\/fr\/produit\/pate-d-olives-noires\/#breadcrumb\",\"itemListElement\":[{\"@type\":\"ListItem\",\"position\":1,\"name\":\"Home\",\"item\":\"https:\/\/www.ilfrantoiosaporito.it\/fr\/\"},{\"@type\":\"ListItem\",\"position\":2,\"name\":\"Boutique\",\"item\":\"https:\/\/www.ilfrantoiosaporito.it\/fr\/boutique\/\"},{\"@type\":\"ListItem\",\"position\":3,\"name\":\"P\u00e2t\u00e9 aux olives noires\"}]},{\"@type\":\"WebSite\",\"@id\":\"https:\/\/www.ilfrantoiosaporito.it\/fr\/#website\",\"url\":\"https:\/\/www.ilfrantoiosaporito.it\/fr\/\",\"name\":\"Azienda agricola Saporito l&#039;olio extravergine di oliva\",\"description\":\"Azienda Agricola Saporito In Sabina l&#039;olivo \u00e8 coltivato da millenni \",\"potentialAction\":[{\"@type\":\"SearchAction\",\"target\":{\"@type\":\"EntryPoint\",\"urlTemplate\":\"https:\/\/www.ilfrantoiosaporito.it\/fr\/?s={search_term_string}\"},\"query-input\":{\"@type\":\"PropertyValueSpecification\",\"valueRequired\":true,\"valueName\":\"search_term_string\"}}],\"inLanguage\":\"fr-FR\"}]}<\/script>\n<!-- \/ Yoast SEO plugin. -->","yoast_head_json":{"title":"Black Olive Pat\u00e8 une touche de saveur \u00e0 chaque bouch\u00e9e","description":"Les p\u00e2t\u00e9s artisanaux sont \u00e9labor\u00e9s avec les meilleurs ingr\u00e9dients frais. Nous n'utilisons que nos olives, une touche de saveur \u00e0 chaque bouch\u00e9e.","robots":{"index":"index","follow":"follow","max-snippet":"max-snippet:-1","max-image-preview":"max-image-preview:large","max-video-preview":"max-video-preview:-1"},"canonical":"https:\/\/www.ilfrantoiosaporito.it\/fr\/produit\/pate-d-olives-noires\/","og_locale":"fr_FR","og_type":"article","og_title":"Black Olive Pat\u00e8 une touche de saveur \u00e0 chaque bouch\u00e9e","og_description":"Les p\u00e2t\u00e9s artisanaux sont \u00e9labor\u00e9s avec les meilleurs ingr\u00e9dients frais. Nous n'utilisons que nos olives, une touche de saveur \u00e0 chaque bouch\u00e9e.","og_url":"https:\/\/www.ilfrantoiosaporito.it\/fr\/produit\/pate-d-olives-noires\/","og_site_name":"Azienda agricola Saporito l&#039;olio extravergine di oliva","article_modified_time":"2024-05-05T08:06:25+00:00","og_image":[{"width":1000,"height":1000,"url":"https:\/\/www.ilfrantoiosaporito.it\/wp-content\/uploads\/2021\/10\/PATE-DI-OLIVE-NERE.jpg","type":"image\/jpeg"}],"twitter_card":"summary_large_image","schema":{"@context":"https:\/\/schema.org","@graph":[{"@type":"WebPage","@id":"https:\/\/www.ilfrantoiosaporito.it\/fr\/produit\/pate-d-olives-noires\/","url":"https:\/\/www.ilfrantoiosaporito.it\/fr\/produit\/pate-d-olives-noires\/","name":"Black Olive Pat\u00e8 une touche de saveur \u00e0 chaque bouch\u00e9e","isPartOf":{"@id":"https:\/\/www.ilfrantoiosaporito.it\/fr\/#website"},"primaryImageOfPage":{"@id":"https:\/\/www.ilfrantoiosaporito.it\/fr\/produit\/pate-d-olives-noires\/#primaryimage"},"image":{"@id":"https:\/\/www.ilfrantoiosaporito.it\/fr\/produit\/pate-d-olives-noires\/#primaryimage"},"thumbnailUrl":"https:\/\/www.ilfrantoiosaporito.it\/wp-content\/uploads\/2021\/10\/PATE-DI-OLIVE-NERE.jpg","datePublished":"2021-10-31T21:48:21+00:00","dateModified":"2024-05-05T08:06:25+00:00","description":"Les p\u00e2t\u00e9s artisanaux sont \u00e9labor\u00e9s avec les meilleurs ingr\u00e9dients frais. Nous n'utilisons que nos olives, une touche de saveur \u00e0 chaque bouch\u00e9e.","breadcrumb":{"@id":"https:\/\/www.ilfrantoiosaporito.it\/fr\/produit\/pate-d-olives-noires\/#breadcrumb"},"inLanguage":"fr-FR","potentialAction":[{"@type":"ReadAction","target":["https:\/\/www.ilfrantoiosaporito.it\/fr\/produit\/pate-d-olives-noires\/"]}]},{"@type":"ImageObject","inLanguage":"fr-FR","@id":"https:\/\/www.ilfrantoiosaporito.it\/fr\/produit\/pate-d-olives-noires\/#primaryimage","url":"https:\/\/www.ilfrantoiosaporito.it\/wp-content\/uploads\/2021\/10\/PATE-DI-OLIVE-NERE.jpg","contentUrl":"https:\/\/www.ilfrantoiosaporito.it\/wp-content\/uploads\/2021\/10\/PATE-DI-OLIVE-NERE.jpg","width":1000,"height":1000,"caption":"PATE 'D'OLIVES NOIRES DE FRANTOIO SAPORITO CASTENUOVO DI FARFA - LATIUM - MADE IN ITALY"},{"@type":"BreadcrumbList","@id":"https:\/\/www.ilfrantoiosaporito.it\/fr\/produit\/pate-d-olives-noires\/#breadcrumb","itemListElement":[{"@type":"ListItem","position":1,"name":"Home","item":"https:\/\/www.ilfrantoiosaporito.it\/fr\/"},{"@type":"ListItem","position":2,"name":"Boutique","item":"https:\/\/www.ilfrantoiosaporito.it\/fr\/boutique\/"},{"@type":"ListItem","position":3,"name":"P\u00e2t\u00e9 aux olives noires"}]},{"@type":"WebSite","@id":"https:\/\/www.ilfrantoiosaporito.it\/fr\/#website","url":"https:\/\/www.ilfrantoiosaporito.it\/fr\/","name":"Azienda agricola Saporito l&#039;olio extravergine di oliva","description":"Azienda Agricola Saporito In Sabina l&#039;olivo \u00e8 coltivato da millenni ","potentialAction":[{"@type":"SearchAction","target":{"@type":"EntryPoint","urlTemplate":"https:\/\/www.ilfrantoiosaporito.it\/fr\/?s={search_term_string}"},"query-input":{"@type":"PropertyValueSpecification","valueRequired":true,"valueName":"search_term_string"}}],"inLanguage":"fr-FR"}]}},"_links":{"self":[{"href":"https:\/\/www.ilfrantoiosaporito.it\/fr\/wp-json\/wp\/v2\/product\/260267","targetHints":{"allow":["GET"]}}],"collection":[{"href":"https:\/\/www.ilfrantoiosaporito.it\/fr\/wp-json\/wp\/v2\/product"}],"about":[{"href":"https:\/\/www.ilfrantoiosaporito.it\/fr\/wp-json\/wp\/v2\/types\/product"}],"replies":[{"embeddable":true,"href":"https:\/\/www.ilfrantoiosaporito.it\/fr\/wp-json\/wp\/v2\/comments?post=260267"}],"wp:featuredmedia":[{"embeddable":true,"href":"https:\/\/www.ilfrantoiosaporito.it\/fr\/wp-json\/wp\/v2\/media\/259225"}],"wp:attachment":[{"href":"https:\/\/www.ilfrantoiosaporito.it\/fr\/wp-json\/wp\/v2\/media?parent=260267"}],"wp:term":[{"taxonomy":"product_brand","embeddable":true,"href":"https:\/\/www.ilfrantoiosaporito.it\/fr\/wp-json\/wp\/v2\/product_brand?post=260267"},{"taxonomy":"product_cat","embeddable":true,"href":"https:\/\/www.ilfrantoiosaporito.it\/fr\/wp-json\/wp\/v2\/product_cat?post=260267"},{"taxonomy":"product_tag","embeddable":true,"href":"https:\/\/www.ilfrantoiosaporito.it\/fr\/wp-json\/wp\/v2\/product_tag?post=260267"}],"curies":[{"name":"wp","href":"https:\/\/api.w.org\/{rel}","templated":true}]}}