{"id":260196,"date":"2021-04-07T16:54:16","date_gmt":"2021-04-07T16:54:16","guid":{"rendered":"https:\/\/www.ilfrantoiosaporito.it\/prodotto\/creme-a-tartiner-au-cacao-et-a-lorange\/"},"modified":"2022-09-11T20:36:13","modified_gmt":"2022-09-11T20:36:13","slug":"creme-a-tartiner-au-cacao-et-a-lorange","status":"publish","type":"product","link":"https:\/\/www.ilfrantoiosaporito.it\/fr\/produit\/creme-a-tartiner-au-cacao-et-a-lorange\/","title":{"rendered":"Cr\u00e8me \u00e0 tartiner au cacao et \u00e0 l&rsquo;orange"},"content":{"rendered":"<p>Format : 250 GR.l<br \/>\nPoids : gr.<br \/>\nCampagnes de production 2021\/2022<br \/>\nType : CACAO AVEC DES MORCEAUX D&rsquo;ORANGE<br \/>\nGo\u00fbt: SAVOUREUX<\/p>\n<p dir=\"auto\" data-pm-slice=\"1 1 []\">Cr\u00e8me \u00e0 tartiner enti\u00e8rement naturelle au cacao et \u00e0 l&rsquo;orange et \u00e0 l&rsquo;huile d&rsquo;olive extra vierge<\/p>\n<p dir=\"auto\" data-pm-slice=\"1 1 []\">Origine : 100% huile d&rsquo;olive extra vierge et produits italiens, conditionn\u00e9s en Italie<br \/>\nR\u00e9gion de Frantoio : Castelnuovo di farfa &#8211; ITALIE<br \/>\nStockage : Dans un endroit frais et sec, \u00e0 l&rsquo;abri de la lumi\u00e8re et des sources de chaleur. Temp\u00e9rature optimale : 15-18\u00b0C. \u00ab\u00a0<\/p>\n","protected":false},"excerpt":{"rendered":"<p><strong>CACAO ET ORANGE<\/strong> 250 GR LE SNACK SAVOUREUX PARFAIT, EN BOUCHE AVEC UNE TOUCHE D&rsquo;HUILE D&rsquo;OLIVE EXTRA VIERGE.<\/p>\n<p><b>CONDITIONNEMENT<\/b>: POT EN VERRE \u00c0 BASE D&rsquo;HUILE D&rsquo;OLIVE EXTRA VIERGE DE SESSION AVEC AJOUT D&rsquo;ORANGE.<br \/>\nCollecte : 2021\/2022<\/p>\n","protected":false},"featured_media":257923,"comment_status":"open","ping_status":"closed","template":"","meta":{"_et_pb_use_builder":"","_et_pb_old_content":"","_et_gb_content_width":"","cybocfi_hide_featured_image":""},"product_brand":[],"product_cat":[144],"product_tag":[],"class_list":{"0":"post-260196","1":"product","2":"type-product","3":"status-publish","4":"has-post-thumbnail","6":"product_cat-cremes-a-tartiner","8":"first","9":"instock","10":"taxable","11":"shipping-taxable","12":"purchasable","13":"product-type-simple"},"yoast_head":"<!-- This site is optimized with the Yoast SEO plugin v27.2 - https:\/\/yoast.com\/product\/yoast-seo-wordpress\/ -->\n<title>Une d\u00e9licieuse cr\u00e8me \u00e0 tartiner enti\u00e8rement naturelle au cacao et \u00e0 l&#039;orange<\/title>\n<meta name=\"description\" content=\"Une d\u00e9licieuse p\u00e2te \u00e0 tartiner enti\u00e8rement naturelle au cacao et \u00e0 l&#039;orange avec une touche d&#039;huile d&#039;olive extra vierge\" \/>\n<meta name=\"robots\" content=\"index, follow, max-snippet:-1, max-image-preview:large, max-video-preview:-1\" \/>\n<link rel=\"canonical\" href=\"https:\/\/www.ilfrantoiosaporito.it\/fr\/produit\/creme-a-tartiner-au-cacao-et-a-lorange\/\" \/>\n<meta property=\"og:locale\" content=\"fr_FR\" \/>\n<meta property=\"og:type\" content=\"article\" \/>\n<meta property=\"og:title\" content=\"Une d\u00e9licieuse cr\u00e8me \u00e0 tartiner enti\u00e8rement naturelle au cacao et \u00e0 l&#039;orange\" \/>\n<meta property=\"og:description\" content=\"Une d\u00e9licieuse p\u00e2te \u00e0 tartiner enti\u00e8rement naturelle au cacao et \u00e0 l&#039;orange avec une touche d&#039;huile d&#039;olive extra vierge\" \/>\n<meta property=\"og:url\" content=\"https:\/\/www.ilfrantoiosaporito.it\/fr\/produit\/creme-a-tartiner-au-cacao-et-a-lorange\/\" \/>\n<meta property=\"og:site_name\" content=\"Azienda agricola Saporito l&#039;olio extravergine di oliva\" \/>\n<meta property=\"article:modified_time\" content=\"2022-09-11T20:36:13+00:00\" \/>\n<meta property=\"og:image\" content=\"https:\/\/www.ilfrantoiosaporito.it\/wp-content\/uploads\/2021\/04\/cacao-e-arancia-1-2.jpg\" \/>\n\t<meta property=\"og:image:width\" content=\"600\" \/>\n\t<meta property=\"og:image:height\" content=\"600\" \/>\n\t<meta property=\"og:image:type\" content=\"image\/jpeg\" \/>\n<meta name=\"twitter:card\" content=\"summary_large_image\" \/>\n<script type=\"application\/ld+json\" class=\"yoast-schema-graph\">{\"@context\":\"https:\/\/schema.org\",\"@graph\":[{\"@type\":\"WebPage\",\"@id\":\"https:\/\/www.ilfrantoiosaporito.it\/fr\/produit\/creme-a-tartiner-au-cacao-et-a-lorange\/\",\"url\":\"https:\/\/www.ilfrantoiosaporito.it\/fr\/produit\/creme-a-tartiner-au-cacao-et-a-lorange\/\",\"name\":\"Une d\u00e9licieuse cr\u00e8me \u00e0 tartiner enti\u00e8rement naturelle au cacao et \u00e0 l'orange\",\"isPartOf\":{\"@id\":\"https:\/\/www.ilfrantoiosaporito.it\/fr\/#website\"},\"primaryImageOfPage\":{\"@id\":\"https:\/\/www.ilfrantoiosaporito.it\/fr\/produit\/creme-a-tartiner-au-cacao-et-a-lorange\/#primaryimage\"},\"image\":{\"@id\":\"https:\/\/www.ilfrantoiosaporito.it\/fr\/produit\/creme-a-tartiner-au-cacao-et-a-lorange\/#primaryimage\"},\"thumbnailUrl\":\"https:\/\/www.ilfrantoiosaporito.it\/wp-content\/uploads\/2021\/04\/cacao-e-arancia-1-2.jpg\",\"datePublished\":\"2021-04-07T16:54:16+00:00\",\"dateModified\":\"2022-09-11T20:36:13+00:00\",\"description\":\"Une d\u00e9licieuse p\u00e2te \u00e0 tartiner enti\u00e8rement naturelle au cacao et \u00e0 l'orange avec une touche d'huile d'olive extra vierge\",\"breadcrumb\":{\"@id\":\"https:\/\/www.ilfrantoiosaporito.it\/fr\/produit\/creme-a-tartiner-au-cacao-et-a-lorange\/#breadcrumb\"},\"inLanguage\":\"fr-FR\",\"potentialAction\":[{\"@type\":\"ReadAction\",\"target\":[\"https:\/\/www.ilfrantoiosaporito.it\/fr\/produit\/creme-a-tartiner-au-cacao-et-a-lorange\/\"]}]},{\"@type\":\"ImageObject\",\"inLanguage\":\"fr-FR\",\"@id\":\"https:\/\/www.ilfrantoiosaporito.it\/fr\/produit\/creme-a-tartiner-au-cacao-et-a-lorange\/#primaryimage\",\"url\":\"https:\/\/www.ilfrantoiosaporito.it\/wp-content\/uploads\/2021\/04\/cacao-e-arancia-1-2.jpg\",\"contentUrl\":\"https:\/\/www.ilfrantoiosaporito.it\/wp-content\/uploads\/2021\/04\/cacao-e-arancia-1-2.jpg\",\"width\":600,\"height\":600},{\"@type\":\"BreadcrumbList\",\"@id\":\"https:\/\/www.ilfrantoiosaporito.it\/fr\/produit\/creme-a-tartiner-au-cacao-et-a-lorange\/#breadcrumb\",\"itemListElement\":[{\"@type\":\"ListItem\",\"position\":1,\"name\":\"Home\",\"item\":\"https:\/\/www.ilfrantoiosaporito.it\/fr\/\"},{\"@type\":\"ListItem\",\"position\":2,\"name\":\"Boutique\",\"item\":\"https:\/\/www.ilfrantoiosaporito.it\/fr\/boutique\/\"},{\"@type\":\"ListItem\",\"position\":3,\"name\":\"Cr\u00e8me \u00e0 tartiner au cacao et \u00e0 l&#8217;orange\"}]},{\"@type\":\"WebSite\",\"@id\":\"https:\/\/www.ilfrantoiosaporito.it\/fr\/#website\",\"url\":\"https:\/\/www.ilfrantoiosaporito.it\/fr\/\",\"name\":\"Azienda agricola Saporito l&#039;olio extravergine di oliva\",\"description\":\"Azienda Agricola Saporito In Sabina l&#039;olivo \u00e8 coltivato da millenni \",\"potentialAction\":[{\"@type\":\"SearchAction\",\"target\":{\"@type\":\"EntryPoint\",\"urlTemplate\":\"https:\/\/www.ilfrantoiosaporito.it\/fr\/?s={search_term_string}\"},\"query-input\":{\"@type\":\"PropertyValueSpecification\",\"valueRequired\":true,\"valueName\":\"search_term_string\"}}],\"inLanguage\":\"fr-FR\"}]}<\/script>\n<!-- \/ Yoast SEO plugin. -->","yoast_head_json":{"title":"Une d\u00e9licieuse cr\u00e8me \u00e0 tartiner enti\u00e8rement naturelle au cacao et \u00e0 l'orange","description":"Une d\u00e9licieuse p\u00e2te \u00e0 tartiner enti\u00e8rement naturelle au cacao et \u00e0 l'orange avec une touche d'huile d'olive extra vierge","robots":{"index":"index","follow":"follow","max-snippet":"max-snippet:-1","max-image-preview":"max-image-preview:large","max-video-preview":"max-video-preview:-1"},"canonical":"https:\/\/www.ilfrantoiosaporito.it\/fr\/produit\/creme-a-tartiner-au-cacao-et-a-lorange\/","og_locale":"fr_FR","og_type":"article","og_title":"Une d\u00e9licieuse cr\u00e8me \u00e0 tartiner enti\u00e8rement naturelle au cacao et \u00e0 l'orange","og_description":"Une d\u00e9licieuse p\u00e2te \u00e0 tartiner enti\u00e8rement naturelle au cacao et \u00e0 l'orange avec une touche d'huile d'olive extra vierge","og_url":"https:\/\/www.ilfrantoiosaporito.it\/fr\/produit\/creme-a-tartiner-au-cacao-et-a-lorange\/","og_site_name":"Azienda agricola Saporito l&#039;olio extravergine di oliva","article_modified_time":"2022-09-11T20:36:13+00:00","og_image":[{"width":600,"height":600,"url":"https:\/\/www.ilfrantoiosaporito.it\/wp-content\/uploads\/2021\/04\/cacao-e-arancia-1-2.jpg","type":"image\/jpeg"}],"twitter_card":"summary_large_image","schema":{"@context":"https:\/\/schema.org","@graph":[{"@type":"WebPage","@id":"https:\/\/www.ilfrantoiosaporito.it\/fr\/produit\/creme-a-tartiner-au-cacao-et-a-lorange\/","url":"https:\/\/www.ilfrantoiosaporito.it\/fr\/produit\/creme-a-tartiner-au-cacao-et-a-lorange\/","name":"Une d\u00e9licieuse cr\u00e8me \u00e0 tartiner enti\u00e8rement naturelle au cacao et \u00e0 l'orange","isPartOf":{"@id":"https:\/\/www.ilfrantoiosaporito.it\/fr\/#website"},"primaryImageOfPage":{"@id":"https:\/\/www.ilfrantoiosaporito.it\/fr\/produit\/creme-a-tartiner-au-cacao-et-a-lorange\/#primaryimage"},"image":{"@id":"https:\/\/www.ilfrantoiosaporito.it\/fr\/produit\/creme-a-tartiner-au-cacao-et-a-lorange\/#primaryimage"},"thumbnailUrl":"https:\/\/www.ilfrantoiosaporito.it\/wp-content\/uploads\/2021\/04\/cacao-e-arancia-1-2.jpg","datePublished":"2021-04-07T16:54:16+00:00","dateModified":"2022-09-11T20:36:13+00:00","description":"Une d\u00e9licieuse p\u00e2te \u00e0 tartiner enti\u00e8rement naturelle au cacao et \u00e0 l'orange avec une touche d'huile d'olive extra vierge","breadcrumb":{"@id":"https:\/\/www.ilfrantoiosaporito.it\/fr\/produit\/creme-a-tartiner-au-cacao-et-a-lorange\/#breadcrumb"},"inLanguage":"fr-FR","potentialAction":[{"@type":"ReadAction","target":["https:\/\/www.ilfrantoiosaporito.it\/fr\/produit\/creme-a-tartiner-au-cacao-et-a-lorange\/"]}]},{"@type":"ImageObject","inLanguage":"fr-FR","@id":"https:\/\/www.ilfrantoiosaporito.it\/fr\/produit\/creme-a-tartiner-au-cacao-et-a-lorange\/#primaryimage","url":"https:\/\/www.ilfrantoiosaporito.it\/wp-content\/uploads\/2021\/04\/cacao-e-arancia-1-2.jpg","contentUrl":"https:\/\/www.ilfrantoiosaporito.it\/wp-content\/uploads\/2021\/04\/cacao-e-arancia-1-2.jpg","width":600,"height":600},{"@type":"BreadcrumbList","@id":"https:\/\/www.ilfrantoiosaporito.it\/fr\/produit\/creme-a-tartiner-au-cacao-et-a-lorange\/#breadcrumb","itemListElement":[{"@type":"ListItem","position":1,"name":"Home","item":"https:\/\/www.ilfrantoiosaporito.it\/fr\/"},{"@type":"ListItem","position":2,"name":"Boutique","item":"https:\/\/www.ilfrantoiosaporito.it\/fr\/boutique\/"},{"@type":"ListItem","position":3,"name":"Cr\u00e8me \u00e0 tartiner au cacao et \u00e0 l&#8217;orange"}]},{"@type":"WebSite","@id":"https:\/\/www.ilfrantoiosaporito.it\/fr\/#website","url":"https:\/\/www.ilfrantoiosaporito.it\/fr\/","name":"Azienda agricola Saporito l&#039;olio extravergine di oliva","description":"Azienda Agricola Saporito In Sabina l&#039;olivo \u00e8 coltivato da millenni ","potentialAction":[{"@type":"SearchAction","target":{"@type":"EntryPoint","urlTemplate":"https:\/\/www.ilfrantoiosaporito.it\/fr\/?s={search_term_string}"},"query-input":{"@type":"PropertyValueSpecification","valueRequired":true,"valueName":"search_term_string"}}],"inLanguage":"fr-FR"}]}},"_links":{"self":[{"href":"https:\/\/www.ilfrantoiosaporito.it\/fr\/wp-json\/wp\/v2\/product\/260196","targetHints":{"allow":["GET"]}}],"collection":[{"href":"https:\/\/www.ilfrantoiosaporito.it\/fr\/wp-json\/wp\/v2\/product"}],"about":[{"href":"https:\/\/www.ilfrantoiosaporito.it\/fr\/wp-json\/wp\/v2\/types\/product"}],"replies":[{"embeddable":true,"href":"https:\/\/www.ilfrantoiosaporito.it\/fr\/wp-json\/wp\/v2\/comments?post=260196"}],"wp:featuredmedia":[{"embeddable":true,"href":"https:\/\/www.ilfrantoiosaporito.it\/fr\/wp-json\/wp\/v2\/media\/257923"}],"wp:attachment":[{"href":"https:\/\/www.ilfrantoiosaporito.it\/fr\/wp-json\/wp\/v2\/media?parent=260196"}],"wp:term":[{"taxonomy":"product_brand","embeddable":true,"href":"https:\/\/www.ilfrantoiosaporito.it\/fr\/wp-json\/wp\/v2\/product_brand?post=260196"},{"taxonomy":"product_cat","embeddable":true,"href":"https:\/\/www.ilfrantoiosaporito.it\/fr\/wp-json\/wp\/v2\/product_cat?post=260196"},{"taxonomy":"product_tag","embeddable":true,"href":"https:\/\/www.ilfrantoiosaporito.it\/fr\/wp-json\/wp\/v2\/product_tag?post=260196"}],"curies":[{"name":"wp","href":"https:\/\/api.w.org\/{rel}","templated":true}]}}