{"id":260183,"date":"2021-11-12T19:32:02","date_gmt":"2021-11-12T19:32:02","guid":{"rendered":"https:\/\/www.ilfrantoiosaporito.it\/prodotto\/100-huile-dolive-extra-vierge-italienne-campagne-dhuile-de-nectarine-2021-2022-uniquement-carboncella\/"},"modified":"2024-06-30T12:02:42","modified_gmt":"2024-06-30T12:02:42","slug":"100-huile-dolive-extra-vierge-italienne-campagne-dhuile-de-nectarine-2021-2022-uniquement-carboncella","status":"publish","type":"product","link":"https:\/\/www.ilfrantoiosaporito.it\/fr\/produit\/100-huile-dolive-extra-vierge-italienne-campagne-dhuile-de-nectarine-2021-2022-uniquement-carboncella\/","title":{"rendered":"100% Huile d&rsquo;olive extra vierge italienne Campagne d&rsquo;huile de nectarine 2021-2022 uniquement carboncella"},"content":{"rendered":"<h3>\u00c9dition Limit\u00e9e 2021\/22 Paquet 500 Ml<\/h3>\n<p>Monocultivar Carboncella B\u00edo<br \/>\nLaissez-vous surprendre par les senteurs de cette huile d&rsquo;olive vierge extra qui n&rsquo;a d&rsquo;\u00e9gale qu&rsquo;elle-m\u00eame. Lavande, pignons, pomme et herbe fra\u00eeche dominent le bouquet aromatique et d\u00e9crivent un fruit\u00e9 moyen \u00e9l\u00e9gant et original. \u00c0 la d\u00e9gustation, des notes de fleurs, d&rsquo;herbes m\u00e9diterran\u00e9ennes, de pomme jaune et d&rsquo;amande reviennent, avec un piquant et une amertume harmonieux mais pas trop forts. Une huile aux multiples facettes, agr\u00e9able en cuisine avec des viandes rouges, des entr\u00e9es, des soupes, des salades, recommand\u00e9e pour ceux qui aiment le parfum intense de l&rsquo;huile dans tous les aliments crus.<\/p>\n<p>Cultivar : nectarine d&rsquo;octobre uniquement carboncella<br \/>\nCultivar : nectarine d&rsquo;octobre uniquement carboncella<br \/>\nR\u00e9gion des moulins \u00e0 huile : Castelnuovo di farfa<\/p>\n<p>&nbsp;<\/p>\n","protected":false},"excerpt":{"rendered":"<h3>\u00c9dition Limit\u00e9e 2021\/22 Paquet 500 Ml<\/h3>\n<p>Monocultivar Carboncella B\u00edo<br \/>\nLaissez-vous surprendre par les senteurs de cette huile d&rsquo;olive vierge extra qui n&rsquo;a d&rsquo;\u00e9gale qu&rsquo;elle-m\u00eame. Lavande, pignons, pomme et herbe fra\u00eeche dominent le bouquet aromatique et d\u00e9crivent un fruit\u00e9 moyen \u00e9l\u00e9gant et original. \u00c0 la d\u00e9gustation, des notes de fleurs, d&rsquo;herbes m\u00e9diterran\u00e9ennes, de pomme jaune et d&rsquo;amande reviennent, avec un piquant et une amertume harmonieux mais pas trop forts. Une huile aux multiples facettes, agr\u00e9able en cuisine avec des viandes rouges, des entr\u00e9es, des soupes, des salades, recommand\u00e9e pour ceux qui aiment le parfum intense de l&rsquo;huile dans tous les aliments crus.<\/p>\n<p>Cultivar : nectarine d&rsquo;octobre uniquement carboncella<br \/>\nCultivar : nectarine d&rsquo;octobre uniquement carboncella<br \/>\nR\u00e9gion des moulins \u00e0 huile : Castelnuovo di farfa<\/p>\n<p>&nbsp;<\/p>\n","protected":false},"featured_media":261910,"comment_status":"open","ping_status":"closed","template":"","meta":{"_et_pb_use_builder":"on","_et_pb_old_content":"Edizione Limitata 2021\/22 Confezione 500 Ml\r\n\r\nOlio extra vergine di oliva bio il nettarino d'ottobre solo carboncella","_et_gb_content_width":"","cybocfi_hide_featured_image":""},"product_brand":[],"product_cat":[],"product_tag":[],"class_list":{"0":"post-260183","1":"product","2":"type-product","3":"status-publish","4":"has-post-thumbnail","7":"first","8":"outofstock","9":"taxable","10":"shipping-taxable","11":"purchasable","12":"product-type-simple"},"yoast_head":"<!-- This site is optimized with the Yoast SEO plugin v27.2 - https:\/\/yoast.com\/product\/yoast-seo-wordpress\/ -->\n<title>Huile d&#039;olive extra vierge 100% pure et naturelle - Il Nettarino<\/title>\n<meta name=\"description\" content=\"L&#039;huile d&#039;olive extra vierge 100% italienne 2021-2022 est une huile d&#039;olive extra vierge unique et en \u00e9dition limit\u00e9e.\" \/>\n<meta name=\"robots\" content=\"index, follow, max-snippet:-1, max-image-preview:large, max-video-preview:-1\" \/>\n<link rel=\"canonical\" href=\"https:\/\/www.ilfrantoiosaporito.it\/fr\/produit\/100-huile-dolive-extra-vierge-italienne-campagne-dhuile-de-nectarine-2021-2022-uniquement-carboncella\/\" \/>\n<meta property=\"og:locale\" content=\"fr_FR\" \/>\n<meta property=\"og:type\" content=\"article\" \/>\n<meta property=\"og:title\" content=\"Huile d&#039;olive extra vierge 100% pure et naturelle - Il Nettarino\" \/>\n<meta property=\"og:description\" content=\"L&#039;huile d&#039;olive extra vierge 100% italienne 2021-2022 est une huile d&#039;olive extra vierge unique et en \u00e9dition limit\u00e9e.\" \/>\n<meta property=\"og:url\" content=\"https:\/\/www.ilfrantoiosaporito.it\/fr\/produit\/100-huile-dolive-extra-vierge-italienne-campagne-dhuile-de-nectarine-2021-2022-uniquement-carboncella\/\" \/>\n<meta property=\"og:site_name\" content=\"Azienda agricola Saporito l&#039;olio extravergine di oliva\" \/>\n<meta property=\"article:modified_time\" content=\"2024-06-30T12:02:42+00:00\" \/>\n<meta property=\"og:image\" content=\"https:\/\/www.ilfrantoiosaporito.it\/wp-content\/uploads\/2021\/11\/Carboncella-3.jpg\" \/>\n\t<meta property=\"og:image:width\" content=\"1000\" \/>\n\t<meta property=\"og:image:height\" content=\"1000\" \/>\n\t<meta property=\"og:image:type\" content=\"image\/jpeg\" \/>\n<meta name=\"twitter:card\" content=\"summary_large_image\" \/>\n<meta name=\"twitter:label1\" content=\"Dur\u00e9e de lecture estim\u00e9e\" \/>\n\t<meta name=\"twitter:data1\" content=\"1 minute\" \/>\n<script type=\"application\/ld+json\" class=\"yoast-schema-graph\">{\"@context\":\"https:\/\/schema.org\",\"@graph\":[{\"@type\":\"WebPage\",\"@id\":\"https:\/\/www.ilfrantoiosaporito.it\/fr\/produit\/100-huile-dolive-extra-vierge-italienne-campagne-dhuile-de-nectarine-2021-2022-uniquement-carboncella\/\",\"url\":\"https:\/\/www.ilfrantoiosaporito.it\/fr\/produit\/100-huile-dolive-extra-vierge-italienne-campagne-dhuile-de-nectarine-2021-2022-uniquement-carboncella\/\",\"name\":\"Huile d'olive extra vierge 100% pure et naturelle - Il Nettarino\",\"isPartOf\":{\"@id\":\"https:\/\/www.ilfrantoiosaporito.it\/fr\/#website\"},\"primaryImageOfPage\":{\"@id\":\"https:\/\/www.ilfrantoiosaporito.it\/fr\/produit\/100-huile-dolive-extra-vierge-italienne-campagne-dhuile-de-nectarine-2021-2022-uniquement-carboncella\/#primaryimage\"},\"image\":{\"@id\":\"https:\/\/www.ilfrantoiosaporito.it\/fr\/produit\/100-huile-dolive-extra-vierge-italienne-campagne-dhuile-de-nectarine-2021-2022-uniquement-carboncella\/#primaryimage\"},\"thumbnailUrl\":\"https:\/\/www.ilfrantoiosaporito.it\/wp-content\/uploads\/2021\/11\/Premium-Netterino.jpg\",\"datePublished\":\"2021-11-12T19:32:02+00:00\",\"dateModified\":\"2024-06-30T12:02:42+00:00\",\"description\":\"L'huile d'olive extra vierge 100% italienne 2021-2022 est une huile d'olive extra vierge unique et en \u00e9dition limit\u00e9e.\",\"breadcrumb\":{\"@id\":\"https:\/\/www.ilfrantoiosaporito.it\/fr\/produit\/100-huile-dolive-extra-vierge-italienne-campagne-dhuile-de-nectarine-2021-2022-uniquement-carboncella\/#breadcrumb\"},\"inLanguage\":\"fr-FR\",\"potentialAction\":[{\"@type\":\"ReadAction\",\"target\":[\"https:\/\/www.ilfrantoiosaporito.it\/fr\/produit\/100-huile-dolive-extra-vierge-italienne-campagne-dhuile-de-nectarine-2021-2022-uniquement-carboncella\/\"]}]},{\"@type\":\"ImageObject\",\"inLanguage\":\"fr-FR\",\"@id\":\"https:\/\/www.ilfrantoiosaporito.it\/fr\/produit\/100-huile-dolive-extra-vierge-italienne-campagne-dhuile-de-nectarine-2021-2022-uniquement-carboncella\/#primaryimage\",\"url\":\"https:\/\/www.ilfrantoiosaporito.it\/wp-content\/uploads\/2021\/11\/Premium-Netterino.jpg\",\"contentUrl\":\"https:\/\/www.ilfrantoiosaporito.it\/wp-content\/uploads\/2021\/11\/Premium-Netterino.jpg\",\"width\":1200,\"height\":1200},{\"@type\":\"BreadcrumbList\",\"@id\":\"https:\/\/www.ilfrantoiosaporito.it\/fr\/produit\/100-huile-dolive-extra-vierge-italienne-campagne-dhuile-de-nectarine-2021-2022-uniquement-carboncella\/#breadcrumb\",\"itemListElement\":[{\"@type\":\"ListItem\",\"position\":1,\"name\":\"Home\",\"item\":\"https:\/\/www.ilfrantoiosaporito.it\/fr\/\"},{\"@type\":\"ListItem\",\"position\":2,\"name\":\"Boutique\",\"item\":\"https:\/\/www.ilfrantoiosaporito.it\/fr\/boutique\/\"},{\"@type\":\"ListItem\",\"position\":3,\"name\":\"100% Huile d&#8217;olive extra vierge italienne Campagne d&#8217;huile de nectarine 2021-2022 uniquement carboncella\"}]},{\"@type\":\"WebSite\",\"@id\":\"https:\/\/www.ilfrantoiosaporito.it\/fr\/#website\",\"url\":\"https:\/\/www.ilfrantoiosaporito.it\/fr\/\",\"name\":\"Azienda agricola Saporito l&#039;olio extravergine di oliva\",\"description\":\"Azienda Agricola Saporito In Sabina l&#039;olivo \u00e8 coltivato da millenni \",\"potentialAction\":[{\"@type\":\"SearchAction\",\"target\":{\"@type\":\"EntryPoint\",\"urlTemplate\":\"https:\/\/www.ilfrantoiosaporito.it\/fr\/?s={search_term_string}\"},\"query-input\":{\"@type\":\"PropertyValueSpecification\",\"valueRequired\":true,\"valueName\":\"search_term_string\"}}],\"inLanguage\":\"fr-FR\"}]}<\/script>\n<!-- \/ Yoast SEO plugin. -->","yoast_head_json":{"title":"Huile d'olive extra vierge 100% pure et naturelle - Il Nettarino","description":"L'huile d'olive extra vierge 100% italienne 2021-2022 est une huile d'olive extra vierge unique et en \u00e9dition limit\u00e9e.","robots":{"index":"index","follow":"follow","max-snippet":"max-snippet:-1","max-image-preview":"max-image-preview:large","max-video-preview":"max-video-preview:-1"},"canonical":"https:\/\/www.ilfrantoiosaporito.it\/fr\/produit\/100-huile-dolive-extra-vierge-italienne-campagne-dhuile-de-nectarine-2021-2022-uniquement-carboncella\/","og_locale":"fr_FR","og_type":"article","og_title":"Huile d'olive extra vierge 100% pure et naturelle - Il Nettarino","og_description":"L'huile d'olive extra vierge 100% italienne 2021-2022 est une huile d'olive extra vierge unique et en \u00e9dition limit\u00e9e.","og_url":"https:\/\/www.ilfrantoiosaporito.it\/fr\/produit\/100-huile-dolive-extra-vierge-italienne-campagne-dhuile-de-nectarine-2021-2022-uniquement-carboncella\/","og_site_name":"Azienda agricola Saporito l&#039;olio extravergine di oliva","article_modified_time":"2024-06-30T12:02:42+00:00","og_image":[{"width":1000,"height":1000,"url":"https:\/\/www.ilfrantoiosaporito.it\/wp-content\/uploads\/2021\/11\/Carboncella-3.jpg","type":"image\/jpeg"}],"twitter_card":"summary_large_image","twitter_misc":{"Dur\u00e9e de lecture estim\u00e9e":"1 minute"},"schema":{"@context":"https:\/\/schema.org","@graph":[{"@type":"WebPage","@id":"https:\/\/www.ilfrantoiosaporito.it\/fr\/produit\/100-huile-dolive-extra-vierge-italienne-campagne-dhuile-de-nectarine-2021-2022-uniquement-carboncella\/","url":"https:\/\/www.ilfrantoiosaporito.it\/fr\/produit\/100-huile-dolive-extra-vierge-italienne-campagne-dhuile-de-nectarine-2021-2022-uniquement-carboncella\/","name":"Huile d'olive extra vierge 100% pure et naturelle - Il Nettarino","isPartOf":{"@id":"https:\/\/www.ilfrantoiosaporito.it\/fr\/#website"},"primaryImageOfPage":{"@id":"https:\/\/www.ilfrantoiosaporito.it\/fr\/produit\/100-huile-dolive-extra-vierge-italienne-campagne-dhuile-de-nectarine-2021-2022-uniquement-carboncella\/#primaryimage"},"image":{"@id":"https:\/\/www.ilfrantoiosaporito.it\/fr\/produit\/100-huile-dolive-extra-vierge-italienne-campagne-dhuile-de-nectarine-2021-2022-uniquement-carboncella\/#primaryimage"},"thumbnailUrl":"https:\/\/www.ilfrantoiosaporito.it\/wp-content\/uploads\/2021\/11\/Premium-Netterino.jpg","datePublished":"2021-11-12T19:32:02+00:00","dateModified":"2024-06-30T12:02:42+00:00","description":"L'huile d'olive extra vierge 100% italienne 2021-2022 est une huile d'olive extra vierge unique et en \u00e9dition limit\u00e9e.","breadcrumb":{"@id":"https:\/\/www.ilfrantoiosaporito.it\/fr\/produit\/100-huile-dolive-extra-vierge-italienne-campagne-dhuile-de-nectarine-2021-2022-uniquement-carboncella\/#breadcrumb"},"inLanguage":"fr-FR","potentialAction":[{"@type":"ReadAction","target":["https:\/\/www.ilfrantoiosaporito.it\/fr\/produit\/100-huile-dolive-extra-vierge-italienne-campagne-dhuile-de-nectarine-2021-2022-uniquement-carboncella\/"]}]},{"@type":"ImageObject","inLanguage":"fr-FR","@id":"https:\/\/www.ilfrantoiosaporito.it\/fr\/produit\/100-huile-dolive-extra-vierge-italienne-campagne-dhuile-de-nectarine-2021-2022-uniquement-carboncella\/#primaryimage","url":"https:\/\/www.ilfrantoiosaporito.it\/wp-content\/uploads\/2021\/11\/Premium-Netterino.jpg","contentUrl":"https:\/\/www.ilfrantoiosaporito.it\/wp-content\/uploads\/2021\/11\/Premium-Netterino.jpg","width":1200,"height":1200},{"@type":"BreadcrumbList","@id":"https:\/\/www.ilfrantoiosaporito.it\/fr\/produit\/100-huile-dolive-extra-vierge-italienne-campagne-dhuile-de-nectarine-2021-2022-uniquement-carboncella\/#breadcrumb","itemListElement":[{"@type":"ListItem","position":1,"name":"Home","item":"https:\/\/www.ilfrantoiosaporito.it\/fr\/"},{"@type":"ListItem","position":2,"name":"Boutique","item":"https:\/\/www.ilfrantoiosaporito.it\/fr\/boutique\/"},{"@type":"ListItem","position":3,"name":"100% Huile d&#8217;olive extra vierge italienne Campagne d&#8217;huile de nectarine 2021-2022 uniquement carboncella"}]},{"@type":"WebSite","@id":"https:\/\/www.ilfrantoiosaporito.it\/fr\/#website","url":"https:\/\/www.ilfrantoiosaporito.it\/fr\/","name":"Azienda agricola Saporito l&#039;olio extravergine di oliva","description":"Azienda Agricola Saporito In Sabina l&#039;olivo \u00e8 coltivato da millenni ","potentialAction":[{"@type":"SearchAction","target":{"@type":"EntryPoint","urlTemplate":"https:\/\/www.ilfrantoiosaporito.it\/fr\/?s={search_term_string}"},"query-input":{"@type":"PropertyValueSpecification","valueRequired":true,"valueName":"search_term_string"}}],"inLanguage":"fr-FR"}]}},"_links":{"self":[{"href":"https:\/\/www.ilfrantoiosaporito.it\/fr\/wp-json\/wp\/v2\/product\/260183","targetHints":{"allow":["GET"]}}],"collection":[{"href":"https:\/\/www.ilfrantoiosaporito.it\/fr\/wp-json\/wp\/v2\/product"}],"about":[{"href":"https:\/\/www.ilfrantoiosaporito.it\/fr\/wp-json\/wp\/v2\/types\/product"}],"replies":[{"embeddable":true,"href":"https:\/\/www.ilfrantoiosaporito.it\/fr\/wp-json\/wp\/v2\/comments?post=260183"}],"wp:featuredmedia":[{"embeddable":true,"href":"https:\/\/www.ilfrantoiosaporito.it\/fr\/wp-json\/wp\/v2\/media\/261910"}],"wp:attachment":[{"href":"https:\/\/www.ilfrantoiosaporito.it\/fr\/wp-json\/wp\/v2\/media?parent=260183"}],"wp:term":[{"taxonomy":"product_brand","embeddable":true,"href":"https:\/\/www.ilfrantoiosaporito.it\/fr\/wp-json\/wp\/v2\/product_brand?post=260183"},{"taxonomy":"product_cat","embeddable":true,"href":"https:\/\/www.ilfrantoiosaporito.it\/fr\/wp-json\/wp\/v2\/product_cat?post=260183"},{"taxonomy":"product_tag","embeddable":true,"href":"https:\/\/www.ilfrantoiosaporito.it\/fr\/wp-json\/wp\/v2\/product_tag?post=260183"}],"curies":[{"name":"wp","href":"https:\/\/api.w.org\/{rel}","templated":true}]}}