{"id":260122,"date":"2021-04-07T19:25:15","date_gmt":"2021-04-07T19:25:15","guid":{"rendered":"https:\/\/www.ilfrantoiosaporito.it\/prodotto\/olio-extra-vergine-di-oliva-5-litri\/"},"modified":"2024-11-06T18:15:56","modified_gmt":"2024-11-06T18:15:56","slug":"huile-dolive-extra-vierge-5-litres","status":"publish","type":"product","link":"https:\/\/www.ilfrantoiosaporito.it\/fr\/produit\/huile-dolive-extra-vierge-5-litres\/","title":{"rendered":"huile d&rsquo;olive extra vierge 5 litres"},"content":{"rendered":"<p>[et_pb_section fb_built=\u00a0\u00bb1&Prime; theme_builder_area=\u00a0\u00bbpost_content\u00a0\u00bb _builder_version=\u00a0\u00bb4.22.2&Prime; _module_preset=\u00a0\u00bbdefault\u00a0\u00bb][\/et_pb_section]<\/p>\n","protected":false},"excerpt":{"rendered":"<p>HUILE D&rsquo;OLIVE EXTRA VIERGE BIO 5 LT<\/p>\n<p>Couleur : verte aux reflets jaune dor\u00e9.<br \/>\nBouquet : fruit\u00e9 intense, avec des notes herbac\u00e9es et de chardon.<br \/>\nGo\u00fbt : MOYEN fruit\u00e9.<br \/>\nCombinaison en cuisine : vinaigrette de l\u00e9gumes, l\u00e9gumineuses, soupes, bruschetta, grillades. \u00bb<\/p>\n","protected":false},"featured_media":258653,"comment_status":"open","ping_status":"closed","template":"","meta":{"_et_pb_use_builder":"on","_et_pb_old_content":"Huile d'olive extra vierge 5 LT id\u00e9ale pour assaisonner cru, poisson, viandes et salades \"Emballage: TIN\r\nFormat : 5 LITRES\r\nPoids : gr.\r\nCollecte : <strong>2022\/2023<\/strong>\r\nType : HUILE D'OLIVE EXTRA VIERGE BIO\r\nGo\u00fbt : MOYEN FRUIT\u00c9\r\nCertification : BIO\r\nC\u00e9page: LECCINO - FRANTOIO - RAJA.\r\nOrigine : 100% huile d'olive extra vierge produite, mise en bouteille et conditionn\u00e9e en Italie \u00e0 partir d'olives r\u00e9colt\u00e9es en Italie.\r\nMoulin \u00e0 huile R\u00e9gion : Castelnuovo di farfa - Italie\r\nStockage : Dans un endroit frais et sec, \u00e0 l'abri de la lumi\u00e8re et des sources de chaleur. Temp\u00e9rature optimale : 15-18\u00b0C. \"\"","_et_gb_content_width":"","cybocfi_hide_featured_image":""},"product_brand":[],"product_cat":[],"product_tag":[],"class_list":{"0":"post-260122","1":"product","2":"type-product","3":"status-publish","4":"has-post-thumbnail","7":"first","8":"instock","9":"taxable","10":"shipping-taxable","11":"purchasable","12":"product-type-simple"},"yoast_head":"<!-- This site is optimized with the Yoast SEO plugin v27.2 - https:\/\/yoast.com\/product\/yoast-seo-wordpress\/ -->\n<title>Meilleure qualit\u00e9 d&#039;huile d&#039;olive extra vierge 5 litres<\/title>\n<meta name=\"description\" content=\"Notre huile d&#039;olive est extra vierge et est produite avec des m\u00e9thodes traditionnelles sans l&#039;utilisation de produits chimiques.\" \/>\n<meta name=\"robots\" content=\"index, follow, max-snippet:-1, max-image-preview:large, max-video-preview:-1\" \/>\n<link rel=\"canonical\" href=\"https:\/\/www.ilfrantoiosaporito.it\/fr\/produit\/huile-dolive-extra-vierge-5-litres\/\" \/>\n<meta property=\"og:locale\" content=\"fr_FR\" \/>\n<meta property=\"og:type\" content=\"article\" \/>\n<meta property=\"og:title\" content=\"Meilleure qualit\u00e9 d&#039;huile d&#039;olive extra vierge 5 litres\" \/>\n<meta property=\"og:description\" content=\"Notre huile d&#039;olive est extra vierge et est produite avec des m\u00e9thodes traditionnelles sans l&#039;utilisation de produits chimiques.\" \/>\n<meta property=\"og:url\" content=\"https:\/\/www.ilfrantoiosaporito.it\/fr\/produit\/huile-dolive-extra-vierge-5-litres\/\" \/>\n<meta property=\"og:site_name\" content=\"Azienda agricola Saporito l&#039;olio extravergine di oliva\" \/>\n<meta property=\"article:modified_time\" content=\"2024-11-06T18:15:56+00:00\" \/>\n<meta property=\"og:image\" content=\"https:\/\/www.ilfrantoiosaporito.it\/wp-content\/uploads\/2021\/06\/Baratola-5__LT.jpg\" \/>\n\t<meta property=\"og:image:width\" content=\"1000\" \/>\n\t<meta property=\"og:image:height\" content=\"1000\" \/>\n\t<meta property=\"og:image:type\" content=\"image\/jpeg\" \/>\n<meta name=\"twitter:card\" content=\"summary_large_image\" \/>\n<meta name=\"twitter:label1\" content=\"Dur\u00e9e de lecture estim\u00e9e\" \/>\n\t<meta name=\"twitter:data1\" content=\"1 minute\" \/>\n<script type=\"application\/ld+json\" class=\"yoast-schema-graph\">{\"@context\":\"https:\/\/schema.org\",\"@graph\":[{\"@type\":\"WebPage\",\"@id\":\"https:\/\/www.ilfrantoiosaporito.it\/fr\/produit\/huile-dolive-extra-vierge-5-litres\/\",\"url\":\"https:\/\/www.ilfrantoiosaporito.it\/fr\/produit\/huile-dolive-extra-vierge-5-litres\/\",\"name\":\"Meilleure qualit\u00e9 d'huile d'olive extra vierge 5 litres\",\"isPartOf\":{\"@id\":\"https:\/\/www.ilfrantoiosaporito.it\/fr\/#website\"},\"primaryImageOfPage\":{\"@id\":\"https:\/\/www.ilfrantoiosaporito.it\/fr\/produit\/huile-dolive-extra-vierge-5-litres\/#primaryimage\"},\"image\":{\"@id\":\"https:\/\/www.ilfrantoiosaporito.it\/fr\/produit\/huile-dolive-extra-vierge-5-litres\/#primaryimage\"},\"thumbnailUrl\":\"https:\/\/www.ilfrantoiosaporito.it\/wp-content\/uploads\/2021\/06\/Baratola-5__LT.jpg\",\"datePublished\":\"2021-04-07T19:25:15+00:00\",\"dateModified\":\"2024-11-06T18:15:56+00:00\",\"description\":\"Notre huile d'olive est extra vierge et est produite avec des m\u00e9thodes traditionnelles sans l'utilisation de produits chimiques.\",\"breadcrumb\":{\"@id\":\"https:\/\/www.ilfrantoiosaporito.it\/fr\/produit\/huile-dolive-extra-vierge-5-litres\/#breadcrumb\"},\"inLanguage\":\"fr-FR\",\"potentialAction\":[{\"@type\":\"ReadAction\",\"target\":[\"https:\/\/www.ilfrantoiosaporito.it\/fr\/produit\/huile-dolive-extra-vierge-5-litres\/\"]}]},{\"@type\":\"ImageObject\",\"inLanguage\":\"fr-FR\",\"@id\":\"https:\/\/www.ilfrantoiosaporito.it\/fr\/produit\/huile-dolive-extra-vierge-5-litres\/#primaryimage\",\"url\":\"https:\/\/www.ilfrantoiosaporito.it\/wp-content\/uploads\/2021\/06\/Baratola-5__LT.jpg\",\"contentUrl\":\"https:\/\/www.ilfrantoiosaporito.it\/wp-content\/uploads\/2021\/06\/Baratola-5__LT.jpg\",\"width\":1000,\"height\":1000},{\"@type\":\"BreadcrumbList\",\"@id\":\"https:\/\/www.ilfrantoiosaporito.it\/fr\/produit\/huile-dolive-extra-vierge-5-litres\/#breadcrumb\",\"itemListElement\":[{\"@type\":\"ListItem\",\"position\":1,\"name\":\"Home\",\"item\":\"https:\/\/www.ilfrantoiosaporito.it\/fr\/\"},{\"@type\":\"ListItem\",\"position\":2,\"name\":\"Boutique\",\"item\":\"https:\/\/www.ilfrantoiosaporito.it\/fr\/boutique\/\"},{\"@type\":\"ListItem\",\"position\":3,\"name\":\"huile d&#8217;olive extra vierge 5 litres\"}]},{\"@type\":\"WebSite\",\"@id\":\"https:\/\/www.ilfrantoiosaporito.it\/fr\/#website\",\"url\":\"https:\/\/www.ilfrantoiosaporito.it\/fr\/\",\"name\":\"Azienda agricola Saporito l&#039;olio extravergine di oliva\",\"description\":\"Azienda Agricola Saporito In Sabina l&#039;olivo \u00e8 coltivato da millenni \",\"potentialAction\":[{\"@type\":\"SearchAction\",\"target\":{\"@type\":\"EntryPoint\",\"urlTemplate\":\"https:\/\/www.ilfrantoiosaporito.it\/fr\/?s={search_term_string}\"},\"query-input\":{\"@type\":\"PropertyValueSpecification\",\"valueRequired\":true,\"valueName\":\"search_term_string\"}}],\"inLanguage\":\"fr-FR\"}]}<\/script>\n<!-- \/ Yoast SEO plugin. -->","yoast_head_json":{"title":"Meilleure qualit\u00e9 d'huile d'olive extra vierge 5 litres","description":"Notre huile d'olive est extra vierge et est produite avec des m\u00e9thodes traditionnelles sans l'utilisation de produits chimiques.","robots":{"index":"index","follow":"follow","max-snippet":"max-snippet:-1","max-image-preview":"max-image-preview:large","max-video-preview":"max-video-preview:-1"},"canonical":"https:\/\/www.ilfrantoiosaporito.it\/fr\/produit\/huile-dolive-extra-vierge-5-litres\/","og_locale":"fr_FR","og_type":"article","og_title":"Meilleure qualit\u00e9 d'huile d'olive extra vierge 5 litres","og_description":"Notre huile d'olive est extra vierge et est produite avec des m\u00e9thodes traditionnelles sans l'utilisation de produits chimiques.","og_url":"https:\/\/www.ilfrantoiosaporito.it\/fr\/produit\/huile-dolive-extra-vierge-5-litres\/","og_site_name":"Azienda agricola Saporito l&#039;olio extravergine di oliva","article_modified_time":"2024-11-06T18:15:56+00:00","og_image":[{"width":1000,"height":1000,"url":"https:\/\/www.ilfrantoiosaporito.it\/wp-content\/uploads\/2021\/06\/Baratola-5__LT.jpg","type":"image\/jpeg"}],"twitter_card":"summary_large_image","twitter_misc":{"Dur\u00e9e de lecture estim\u00e9e":"1 minute"},"schema":{"@context":"https:\/\/schema.org","@graph":[{"@type":"WebPage","@id":"https:\/\/www.ilfrantoiosaporito.it\/fr\/produit\/huile-dolive-extra-vierge-5-litres\/","url":"https:\/\/www.ilfrantoiosaporito.it\/fr\/produit\/huile-dolive-extra-vierge-5-litres\/","name":"Meilleure qualit\u00e9 d'huile d'olive extra vierge 5 litres","isPartOf":{"@id":"https:\/\/www.ilfrantoiosaporito.it\/fr\/#website"},"primaryImageOfPage":{"@id":"https:\/\/www.ilfrantoiosaporito.it\/fr\/produit\/huile-dolive-extra-vierge-5-litres\/#primaryimage"},"image":{"@id":"https:\/\/www.ilfrantoiosaporito.it\/fr\/produit\/huile-dolive-extra-vierge-5-litres\/#primaryimage"},"thumbnailUrl":"https:\/\/www.ilfrantoiosaporito.it\/wp-content\/uploads\/2021\/06\/Baratola-5__LT.jpg","datePublished":"2021-04-07T19:25:15+00:00","dateModified":"2024-11-06T18:15:56+00:00","description":"Notre huile d'olive est extra vierge et est produite avec des m\u00e9thodes traditionnelles sans l'utilisation de produits chimiques.","breadcrumb":{"@id":"https:\/\/www.ilfrantoiosaporito.it\/fr\/produit\/huile-dolive-extra-vierge-5-litres\/#breadcrumb"},"inLanguage":"fr-FR","potentialAction":[{"@type":"ReadAction","target":["https:\/\/www.ilfrantoiosaporito.it\/fr\/produit\/huile-dolive-extra-vierge-5-litres\/"]}]},{"@type":"ImageObject","inLanguage":"fr-FR","@id":"https:\/\/www.ilfrantoiosaporito.it\/fr\/produit\/huile-dolive-extra-vierge-5-litres\/#primaryimage","url":"https:\/\/www.ilfrantoiosaporito.it\/wp-content\/uploads\/2021\/06\/Baratola-5__LT.jpg","contentUrl":"https:\/\/www.ilfrantoiosaporito.it\/wp-content\/uploads\/2021\/06\/Baratola-5__LT.jpg","width":1000,"height":1000},{"@type":"BreadcrumbList","@id":"https:\/\/www.ilfrantoiosaporito.it\/fr\/produit\/huile-dolive-extra-vierge-5-litres\/#breadcrumb","itemListElement":[{"@type":"ListItem","position":1,"name":"Home","item":"https:\/\/www.ilfrantoiosaporito.it\/fr\/"},{"@type":"ListItem","position":2,"name":"Boutique","item":"https:\/\/www.ilfrantoiosaporito.it\/fr\/boutique\/"},{"@type":"ListItem","position":3,"name":"huile d&#8217;olive extra vierge 5 litres"}]},{"@type":"WebSite","@id":"https:\/\/www.ilfrantoiosaporito.it\/fr\/#website","url":"https:\/\/www.ilfrantoiosaporito.it\/fr\/","name":"Azienda agricola Saporito l&#039;olio extravergine di oliva","description":"Azienda Agricola Saporito In Sabina l&#039;olivo \u00e8 coltivato da millenni ","potentialAction":[{"@type":"SearchAction","target":{"@type":"EntryPoint","urlTemplate":"https:\/\/www.ilfrantoiosaporito.it\/fr\/?s={search_term_string}"},"query-input":{"@type":"PropertyValueSpecification","valueRequired":true,"valueName":"search_term_string"}}],"inLanguage":"fr-FR"}]}},"_links":{"self":[{"href":"https:\/\/www.ilfrantoiosaporito.it\/fr\/wp-json\/wp\/v2\/product\/260122","targetHints":{"allow":["GET"]}}],"collection":[{"href":"https:\/\/www.ilfrantoiosaporito.it\/fr\/wp-json\/wp\/v2\/product"}],"about":[{"href":"https:\/\/www.ilfrantoiosaporito.it\/fr\/wp-json\/wp\/v2\/types\/product"}],"replies":[{"embeddable":true,"href":"https:\/\/www.ilfrantoiosaporito.it\/fr\/wp-json\/wp\/v2\/comments?post=260122"}],"wp:featuredmedia":[{"embeddable":true,"href":"https:\/\/www.ilfrantoiosaporito.it\/fr\/wp-json\/wp\/v2\/media\/258653"}],"wp:attachment":[{"href":"https:\/\/www.ilfrantoiosaporito.it\/fr\/wp-json\/wp\/v2\/media?parent=260122"}],"wp:term":[{"taxonomy":"product_brand","embeddable":true,"href":"https:\/\/www.ilfrantoiosaporito.it\/fr\/wp-json\/wp\/v2\/product_brand?post=260122"},{"taxonomy":"product_cat","embeddable":true,"href":"https:\/\/www.ilfrantoiosaporito.it\/fr\/wp-json\/wp\/v2\/product_cat?post=260122"},{"taxonomy":"product_tag","embeddable":true,"href":"https:\/\/www.ilfrantoiosaporito.it\/fr\/wp-json\/wp\/v2\/product_tag?post=260122"}],"curies":[{"name":"wp","href":"https:\/\/api.w.org\/{rel}","templated":true}]}}