{"id":260078,"date":"2021-06-26T00:47:42","date_gmt":"2021-06-26T00:47:42","guid":{"rendered":"https:\/\/www.ilfrantoiosaporito.it\/prodotto\/huile-dolive-extra-vierge-bio-1-litre\/"},"modified":"2025-10-15T21:58:48","modified_gmt":"2025-10-15T21:58:48","slug":"huile-d-olive-extra-vierge-biologique-1-litre","status":"publish","type":"product","link":"https:\/\/www.ilfrantoiosaporito.it\/fr\/produit\/huile-d-olive-extra-vierge-biologique-1-litre\/","title":{"rendered":"huile d&rsquo;olive extra vierge bio 1 litre"},"content":{"rendered":"<p>[et_pb_section fb_built=\u00a0\u00bb1&Prime; theme_builder_area=\u00a0\u00bbpost_content\u00a0\u00bb _builder_version=\u00a0\u00bb4.22.2&Prime; _module_preset=\u00a0\u00bbdefault\u00a0\u00bb][\/et_pb_section]<\/p>\n","protected":false},"excerpt":{"rendered":"<p>Huile d&rsquo;olive extra vierge id\u00e9ale pour assaisonner cru, poisson, viande et salades<\/p>\n<p>Type : HUILE D&rsquo;OLIVE EXTRA VIERGE BIO Campagne de production <strong>2023\/24<\/strong><\/p>\n<p><strong>Conditionnement<\/strong> : TIN Format : 1<\/p>\n","protected":false},"featured_media":258685,"comment_status":"open","ping_status":"closed","template":"","meta":{"_et_pb_use_builder":"on","_et_pb_old_content":"Huile d'olive extra vierge 1 LT id\u00e9ale pour habiller cru, poisson, viandes et salades \"Package: CAN\r\nFormat : 1 LITRES\r\nPoids : gr.\r\nCampagna di Produzione <strong>2023\/24<\/strong>\r\nType : HUILE D'OLIVE EXTRA VIERGE BIO\r\nGo\u00fbt : MOYEN FRUIT\u00c9\r\nCertification : BIO\r\nC\u00e9page: LECCINO - FRANTOIO - RAJA.\r\nOrigine : 100% huile d'olive extra vierge produite, mise en bouteille et conditionn\u00e9e en Italie \u00e0 partir d'olives r\u00e9colt\u00e9es en Italie.\r\nR\u00e9gion de Frantoio : Castelnuovo di farfa\r\nStockage : Dans un endroit frais et sec, \u00e0 l'abri de la lumi\u00e8re et des sources de chaleur. Temp\u00e9rature optimale : 15-18\u00b0C. \"\" Couleur : verte aux reflets jaune dor\u00e9.\r\nBouquet : fruit\u00e9 intense, avec des notes herbac\u00e9es et de chardon.\r\nGo\u00fbt : MOYEN fruit\u00e9.\r\nCombinaison en cuisine : vinaigrette de l\u00e9gumes, l\u00e9gumineuses, soupes, bruschetta, grillades. \u00bb","_et_gb_content_width":"","cybocfi_hide_featured_image":""},"product_brand":[],"product_cat":[],"product_tag":[162],"class_list":{"0":"post-260078","1":"product","2":"type-product","3":"status-publish","4":"has-post-thumbnail","6":"product_tag-huile-dolive-extra-vierge","8":"first","9":"instock","10":"taxable","11":"shipping-taxable","12":"purchasable","13":"product-type-simple"},"yoast_head":"<!-- This site is optimized with the Yoast SEO plugin v27.2 - https:\/\/yoast.com\/product\/yoast-seo-wordpress\/ -->\n<title>huile d&#039;olive extra vierge bio 1 litre - Azienda agricola Saporito l&#039;olio extravergine di oliva<\/title>\n<meta name=\"robots\" content=\"index, follow, max-snippet:-1, max-image-preview:large, max-video-preview:-1\" \/>\n<link rel=\"canonical\" href=\"https:\/\/www.ilfrantoiosaporito.it\/fr\/produit\/huile-d-olive-extra-vierge-biologique-1-litre\/\" \/>\n<meta property=\"og:locale\" content=\"fr_FR\" \/>\n<meta property=\"og:type\" content=\"article\" \/>\n<meta property=\"og:title\" content=\"huile d&#039;olive extra vierge bio 1 litre - Azienda agricola Saporito l&#039;olio extravergine di oliva\" \/>\n<meta property=\"og:description\" content=\"Huile d&#039;olive extra vierge id\u00e9ale pour assaisonner cru, poisson, viande et salades  Type : HUILE D&#039;OLIVE EXTRA VIERGE BIO Campagne de production 2023\/24  Conditionnement : TIN Format : 1\" \/>\n<meta property=\"og:url\" content=\"https:\/\/www.ilfrantoiosaporito.it\/fr\/produit\/huile-d-olive-extra-vierge-biologique-1-litre\/\" \/>\n<meta property=\"og:site_name\" content=\"Azienda agricola Saporito l&#039;olio extravergine di oliva\" \/>\n<meta property=\"article:modified_time\" content=\"2025-10-15T21:58:48+00:00\" \/>\n<meta property=\"og:image\" content=\"https:\/\/www.ilfrantoiosaporito.it\/wp-content\/uploads\/2021\/06\/Baratole-Frantoio__1-LT.jpg\" \/>\n\t<meta property=\"og:image:width\" content=\"1000\" \/>\n\t<meta property=\"og:image:height\" content=\"1000\" \/>\n\t<meta property=\"og:image:type\" content=\"image\/jpeg\" \/>\n<meta name=\"twitter:card\" content=\"summary_large_image\" \/>\n<script type=\"application\/ld+json\" class=\"yoast-schema-graph\">{\"@context\":\"https:\/\/schema.org\",\"@graph\":[{\"@type\":\"WebPage\",\"@id\":\"https:\/\/www.ilfrantoiosaporito.it\/fr\/produit\/huile-d-olive-extra-vierge-biologique-1-litre\/\",\"url\":\"https:\/\/www.ilfrantoiosaporito.it\/fr\/produit\/huile-d-olive-extra-vierge-biologique-1-litre\/\",\"name\":\"huile d'olive extra vierge bio 1 litre - Azienda agricola Saporito l&#039;olio extravergine di oliva\",\"isPartOf\":{\"@id\":\"https:\/\/www.ilfrantoiosaporito.it\/fr\/#website\"},\"primaryImageOfPage\":{\"@id\":\"https:\/\/www.ilfrantoiosaporito.it\/fr\/produit\/huile-d-olive-extra-vierge-biologique-1-litre\/#primaryimage\"},\"image\":{\"@id\":\"https:\/\/www.ilfrantoiosaporito.it\/fr\/produit\/huile-d-olive-extra-vierge-biologique-1-litre\/#primaryimage\"},\"thumbnailUrl\":\"https:\/\/www.ilfrantoiosaporito.it\/wp-content\/uploads\/2021\/06\/Baratole-Frantoio__1-LT.jpg\",\"datePublished\":\"2021-06-26T00:47:42+00:00\",\"dateModified\":\"2025-10-15T21:58:48+00:00\",\"breadcrumb\":{\"@id\":\"https:\/\/www.ilfrantoiosaporito.it\/fr\/produit\/huile-d-olive-extra-vierge-biologique-1-litre\/#breadcrumb\"},\"inLanguage\":\"fr-FR\",\"potentialAction\":[{\"@type\":\"ReadAction\",\"target\":[\"https:\/\/www.ilfrantoiosaporito.it\/fr\/produit\/huile-d-olive-extra-vierge-biologique-1-litre\/\"]}]},{\"@type\":\"ImageObject\",\"inLanguage\":\"fr-FR\",\"@id\":\"https:\/\/www.ilfrantoiosaporito.it\/fr\/produit\/huile-d-olive-extra-vierge-biologique-1-litre\/#primaryimage\",\"url\":\"https:\/\/www.ilfrantoiosaporito.it\/wp-content\/uploads\/2021\/06\/Baratole-Frantoio__1-LT.jpg\",\"contentUrl\":\"https:\/\/www.ilfrantoiosaporito.it\/wp-content\/uploads\/2021\/06\/Baratole-Frantoio__1-LT.jpg\",\"width\":1000,\"height\":1000},{\"@type\":\"BreadcrumbList\",\"@id\":\"https:\/\/www.ilfrantoiosaporito.it\/fr\/produit\/huile-d-olive-extra-vierge-biologique-1-litre\/#breadcrumb\",\"itemListElement\":[{\"@type\":\"ListItem\",\"position\":1,\"name\":\"Home\",\"item\":\"https:\/\/www.ilfrantoiosaporito.it\/fr\/\"},{\"@type\":\"ListItem\",\"position\":2,\"name\":\"Boutique\",\"item\":\"https:\/\/www.ilfrantoiosaporito.it\/fr\/boutique\/\"},{\"@type\":\"ListItem\",\"position\":3,\"name\":\"huile d&#8217;olive extra vierge bio 1 litre\"}]},{\"@type\":\"WebSite\",\"@id\":\"https:\/\/www.ilfrantoiosaporito.it\/fr\/#website\",\"url\":\"https:\/\/www.ilfrantoiosaporito.it\/fr\/\",\"name\":\"Azienda agricola Saporito l&#039;olio extravergine di oliva\",\"description\":\"Azienda Agricola Saporito In Sabina l&#039;olivo \u00e8 coltivato da millenni \",\"potentialAction\":[{\"@type\":\"SearchAction\",\"target\":{\"@type\":\"EntryPoint\",\"urlTemplate\":\"https:\/\/www.ilfrantoiosaporito.it\/fr\/?s={search_term_string}\"},\"query-input\":{\"@type\":\"PropertyValueSpecification\",\"valueRequired\":true,\"valueName\":\"search_term_string\"}}],\"inLanguage\":\"fr-FR\"}]}<\/script>\n<!-- \/ Yoast SEO plugin. -->","yoast_head_json":{"title":"huile d'olive extra vierge bio 1 litre - Azienda agricola Saporito l&#039;olio extravergine di oliva","robots":{"index":"index","follow":"follow","max-snippet":"max-snippet:-1","max-image-preview":"max-image-preview:large","max-video-preview":"max-video-preview:-1"},"canonical":"https:\/\/www.ilfrantoiosaporito.it\/fr\/produit\/huile-d-olive-extra-vierge-biologique-1-litre\/","og_locale":"fr_FR","og_type":"article","og_title":"huile d'olive extra vierge bio 1 litre - Azienda agricola Saporito l&#039;olio extravergine di oliva","og_description":"Huile d'olive extra vierge id\u00e9ale pour assaisonner cru, poisson, viande et salades  Type : HUILE D'OLIVE EXTRA VIERGE BIO Campagne de production 2023\/24  Conditionnement : TIN Format : 1","og_url":"https:\/\/www.ilfrantoiosaporito.it\/fr\/produit\/huile-d-olive-extra-vierge-biologique-1-litre\/","og_site_name":"Azienda agricola Saporito l&#039;olio extravergine di oliva","article_modified_time":"2025-10-15T21:58:48+00:00","og_image":[{"width":1000,"height":1000,"url":"https:\/\/www.ilfrantoiosaporito.it\/wp-content\/uploads\/2021\/06\/Baratole-Frantoio__1-LT.jpg","type":"image\/jpeg"}],"twitter_card":"summary_large_image","schema":{"@context":"https:\/\/schema.org","@graph":[{"@type":"WebPage","@id":"https:\/\/www.ilfrantoiosaporito.it\/fr\/produit\/huile-d-olive-extra-vierge-biologique-1-litre\/","url":"https:\/\/www.ilfrantoiosaporito.it\/fr\/produit\/huile-d-olive-extra-vierge-biologique-1-litre\/","name":"huile d'olive extra vierge bio 1 litre - Azienda agricola Saporito l&#039;olio extravergine di oliva","isPartOf":{"@id":"https:\/\/www.ilfrantoiosaporito.it\/fr\/#website"},"primaryImageOfPage":{"@id":"https:\/\/www.ilfrantoiosaporito.it\/fr\/produit\/huile-d-olive-extra-vierge-biologique-1-litre\/#primaryimage"},"image":{"@id":"https:\/\/www.ilfrantoiosaporito.it\/fr\/produit\/huile-d-olive-extra-vierge-biologique-1-litre\/#primaryimage"},"thumbnailUrl":"https:\/\/www.ilfrantoiosaporito.it\/wp-content\/uploads\/2021\/06\/Baratole-Frantoio__1-LT.jpg","datePublished":"2021-06-26T00:47:42+00:00","dateModified":"2025-10-15T21:58:48+00:00","breadcrumb":{"@id":"https:\/\/www.ilfrantoiosaporito.it\/fr\/produit\/huile-d-olive-extra-vierge-biologique-1-litre\/#breadcrumb"},"inLanguage":"fr-FR","potentialAction":[{"@type":"ReadAction","target":["https:\/\/www.ilfrantoiosaporito.it\/fr\/produit\/huile-d-olive-extra-vierge-biologique-1-litre\/"]}]},{"@type":"ImageObject","inLanguage":"fr-FR","@id":"https:\/\/www.ilfrantoiosaporito.it\/fr\/produit\/huile-d-olive-extra-vierge-biologique-1-litre\/#primaryimage","url":"https:\/\/www.ilfrantoiosaporito.it\/wp-content\/uploads\/2021\/06\/Baratole-Frantoio__1-LT.jpg","contentUrl":"https:\/\/www.ilfrantoiosaporito.it\/wp-content\/uploads\/2021\/06\/Baratole-Frantoio__1-LT.jpg","width":1000,"height":1000},{"@type":"BreadcrumbList","@id":"https:\/\/www.ilfrantoiosaporito.it\/fr\/produit\/huile-d-olive-extra-vierge-biologique-1-litre\/#breadcrumb","itemListElement":[{"@type":"ListItem","position":1,"name":"Home","item":"https:\/\/www.ilfrantoiosaporito.it\/fr\/"},{"@type":"ListItem","position":2,"name":"Boutique","item":"https:\/\/www.ilfrantoiosaporito.it\/fr\/boutique\/"},{"@type":"ListItem","position":3,"name":"huile d&#8217;olive extra vierge bio 1 litre"}]},{"@type":"WebSite","@id":"https:\/\/www.ilfrantoiosaporito.it\/fr\/#website","url":"https:\/\/www.ilfrantoiosaporito.it\/fr\/","name":"Azienda agricola Saporito l&#039;olio extravergine di oliva","description":"Azienda Agricola Saporito In Sabina l&#039;olivo \u00e8 coltivato da millenni ","potentialAction":[{"@type":"SearchAction","target":{"@type":"EntryPoint","urlTemplate":"https:\/\/www.ilfrantoiosaporito.it\/fr\/?s={search_term_string}"},"query-input":{"@type":"PropertyValueSpecification","valueRequired":true,"valueName":"search_term_string"}}],"inLanguage":"fr-FR"}]}},"_links":{"self":[{"href":"https:\/\/www.ilfrantoiosaporito.it\/fr\/wp-json\/wp\/v2\/product\/260078","targetHints":{"allow":["GET"]}}],"collection":[{"href":"https:\/\/www.ilfrantoiosaporito.it\/fr\/wp-json\/wp\/v2\/product"}],"about":[{"href":"https:\/\/www.ilfrantoiosaporito.it\/fr\/wp-json\/wp\/v2\/types\/product"}],"replies":[{"embeddable":true,"href":"https:\/\/www.ilfrantoiosaporito.it\/fr\/wp-json\/wp\/v2\/comments?post=260078"}],"wp:featuredmedia":[{"embeddable":true,"href":"https:\/\/www.ilfrantoiosaporito.it\/fr\/wp-json\/wp\/v2\/media\/258685"}],"wp:attachment":[{"href":"https:\/\/www.ilfrantoiosaporito.it\/fr\/wp-json\/wp\/v2\/media?parent=260078"}],"wp:term":[{"taxonomy":"product_brand","embeddable":true,"href":"https:\/\/www.ilfrantoiosaporito.it\/fr\/wp-json\/wp\/v2\/product_brand?post=260078"},{"taxonomy":"product_cat","embeddable":true,"href":"https:\/\/www.ilfrantoiosaporito.it\/fr\/wp-json\/wp\/v2\/product_cat?post=260078"},{"taxonomy":"product_tag","embeddable":true,"href":"https:\/\/www.ilfrantoiosaporito.it\/fr\/wp-json\/wp\/v2\/product_tag?post=260078"}],"curies":[{"name":"wp","href":"https:\/\/api.w.org\/{rel}","templated":true}]}}