{"id":260302,"date":"2021-04-22T22:36:22","date_gmt":"2021-04-22T22:36:22","guid":{"rendered":"https:\/\/www.ilfrantoiosaporito.it\/point-de-vente-ferme-tasty-castelnuovo-di-farfa\/"},"modified":"2022-02-23T16:08:33","modified_gmt":"2022-02-23T16:08:33","slug":"point-de-vente-ferme-tasty-castelnuovo-di-farfa","status":"publish","type":"page","link":"https:\/\/www.ilfrantoiosaporito.it\/fr\/point-de-vente-ferme-tasty-castelnuovo-di-farfa\/","title":{"rendered":"POINT DE VENTE FERME TASTY Castelnuovo di Farfa"},"content":{"rendered":"<p>[et_pb_section fb_built=\u00a0\u00bb1&Prime; _builder_version=\u00a0\u00bb4.14.4&Prime; background_color=\u00a0\u00bbrgba(69,68,22,0.07)\u00a0\u00bb background_color_gradient_direction=\u00a0\u00bb90deg\u00a0\u00bb background_enable_image=\u00a0\u00bboff\u00a0\u00bb background_size=\u00a0\u00bbinitial\u00a0\u00bb background_position=\u00a0\u00bbcenter_right\u00a0\u00bb z_index=\u00a0\u00bb0&Prime; custom_padding=\u00a0\u00bb0px||0px||true|false\u00a0\u00bb top_divider_style=\u00a0\u00bbwave2&Prime; top_divider_color=\u00a0\u00bb#1A642C\u00a0\u00bb top_divider_height=\u00a0\u00bb20px\u00a0\u00bb bottom_divider_style=\u00a0\u00bbwaves2&Prime; bottom_divider_color=\u00a0\u00bb#A0EB00&Prime; bottom_divider_height=\u00a0\u00bb30px\u00a0\u00bb locked=\u00a0\u00bboff\u00a0\u00bb global_colors_info=\u00a0\u00bb{}\u00a0\u00bb][et_pb_row column_structure=\u00a0\u00bb1_2,1_2&Prime; use_custom_gutter=\u00a0\u00bbon\u00a0\u00bb gutter_width=\u00a0\u00bb1&Prime; make_equal=\u00a0\u00bbon\u00a0\u00bb _builder_version=\u00a0\u00bb4.14.4&Prime; background_size=\u00a0\u00bbcontain\u00a0\u00bb z_index=\u00a0\u00bb-500&Prime; width=\u00a0\u00bb100%\u00a0\u00bb width_tablet=\u00a0\u00bb90%\u00a0\u00bb width_phone=\u00a0\u00bb90%\u00a0\u00bb width_last_edited=\u00a0\u00bboff|tablet\u00a0\u00bb max_width=\u00a0\u00bb1280px\u00a0\u00bb max_width_tablet=\u00a0\u00bb90%\u00a0\u00bb max_width_phone=\u00a0\u00bb90%\u00a0\u00bb max_width_last_edited=\u00a0\u00bboff|phone\u00a0\u00bb custom_margin=\u00a0\u00bb0px||0px||false|false\u00a0\u00bb custom_padding=\u00a0\u00bb0px||0px||true\u00a0\u00bb global_colors_info=\u00a0\u00bb{}\u00a0\u00bb][et_pb_column type=\u00a0\u00bb1_2&Prime; _builder_version=\u00a0\u00bb4.9.4&Prime; background_enable_color=\u00a0\u00bboff\u00a0\u00bb custom_padding=\u00a0\u00bb80px|80px|83px|80px|false|true\u00a0\u00bb custom_padding_tablet=\u00a0\u00bb\u00a0\u00bb custom_padding_phone=\u00a0\u00bb50px|30px|50px|30px|true|true\u00a0\u00bb custom_padding_last_edited=\u00a0\u00bbon|desktop\u00a0\u00bb global_colors_info=\u00a0\u00bb{}\u00a0\u00bb][et_pb_text _builder_version=\u00a0\u00bb4.14.7&Prime; _module_preset=\u00a0\u00bbdefault\u00a0\u00bb header_font_size=\u00a0\u00bb18px\u00a0\u00bb global_colors_info=\u00a0\u00bb{}\u00a0\u00bb]<\/p>\n<h1>POINT DE VENTE FERME SAPORITO<\/h1>\n<p>CASTELNUOVO DI FARFA <\/p>\n<p>[\/et_pb_text][et_pb_text _builder_version=\u00a0\u00bb4.9.4&Prime; text_font=\u00a0\u00bb|300|||||||\u00a0\u00bb text_text_color=\u00a0\u00bb#474747&Prime; text_font_size=\u00a0\u00bb15px\u00a0\u00bb text_line_height=\u00a0\u00bb1.8em\u00a0\u00bb background_color=\u00a0\u00bbRGBA(0,0,0,0)\u00a0\u00bb text_orientation=\u00a0\u00bbcenter\u00a0\u00bb custom_padding=\u00a0\u00bb12px||\u00a0\u00bb text_text_align=\u00a0\u00bbcenter\u00a0\u00bb global_colors_info=\u00a0\u00bb{}\u00a0\u00bb]<\/p>\n<p style=\"text-align: left;\"><span style=\"font-weight: 400;\">Toujours pr\u00eats \u00e0 satisfaire vos demandes, nous avons ouvert notre premier magasin au moulin \u00e0 huile de via valle di Rose snc \u00e0 Castelnuovo di Farfa. Facilement accessible depuis la sortie nord de Rome, vous devez suivre les panneaux pour l&rsquo;abbaye de Farfa et continuer pour la ville de Castelnuovo \u00e0 quelques kilom\u00e8tres avant de trouver le magasin.<\/span><\/p>\n<p style=\"text-align: left;\"><span style=\"font-weight: 400;\">En plus de l&rsquo;huile d&rsquo;olive extra vierge biologique, vous trouverez d&rsquo;autres produits de haute qualit\u00e9 produits avec notre huile biologique.<\/span><\/p>\n<p style=\"text-align: left;\">[\/et_pb_text][\/et_pb_column][et_pb_column type=\u00a0\u00bb1_2&Prime; _builder_version=\u00a0\u00bb4.9.4&Prime; background_enable_image=\u00a0\u00bboff\u00a0\u00bb background_size=\u00a0\u00bbcontain\u00a0\u00bb global_colors_info=\u00a0\u00bb{}\u00a0\u00bb][et_pb_text _builder_version=\u00a0\u00bb4.14.4&Prime; _module_preset=\u00a0\u00bbdefault\u00a0\u00bb background_video_mp4=\u00a0\u00bbhttps:\/\/www.ilfrantoiosaporito.it\/wp-content\/uploads\/2021\/11\/WhatsApp-Video-2021-11-14-at-01.18.25.mp4&Prime; background_video_pause_outside_viewport=\u00a0\u00bboff\u00a0\u00bb z_index=\u00a0\u00bb-500&Prime; custom_margin=\u00a0\u00bb40px||||false|false\u00a0\u00bb global_colors_info=\u00a0\u00bb{}\u00a0\u00bb]<\/p>\n<p>&nbsp;<\/p>\n<p>&nbsp;<\/p>\n<p>&nbsp;<\/p>\n<p>&nbsp;<\/p>\n<p>&nbsp;<\/p>\n<p>&nbsp;<\/p>\n<p>&nbsp;<\/p>\n<p>&nbsp;<\/p>\n<p>&nbsp;<\/p>\n<p>&nbsp;<\/p>\n<p>&nbsp;<\/p>\n<p>[\/et_pb_text][\/et_pb_column][\/et_pb_row][et_pb_row use_custom_gutter=\u00a0\u00bbon\u00a0\u00bb gutter_width=\u00a0\u00bb1&Prime; make_equal=\u00a0\u00bbon\u00a0\u00bb _builder_version=\u00a0\u00bb4.14.4&Prime; _module_preset=\u00a0\u00bbdefault\u00a0\u00bb background_size=\u00a0\u00bbcontain\u00a0\u00bb width=\u00a0\u00bb100%\u00a0\u00bb max_width=\u00a0\u00bb1280px\u00a0\u00bb custom_margin=\u00a0\u00bb0px||0px||false|false\u00a0\u00bb custom_padding=\u00a0\u00bb0px||0px||true\u00a0\u00bb global_colors_info=\u00a0\u00bb{}\u00a0\u00bb][et_pb_column type=\u00a0\u00bb4_4&Prime; _builder_version=\u00a0\u00bb4.14.4&Prime; _module_preset=\u00a0\u00bbdefault\u00a0\u00bb global_colors_info=\u00a0\u00bb{}\u00a0\u00bb][et_pb_gallery gallery_ids=\u00a0\u00bb256786,256785,256948,256954,256955,256956,256960,256961,256963,256964,256965,256966&Prime; posts_number=\u00a0\u00bb13&Prime; show_title_and_caption=\u00a0\u00bboff\u00a0\u00bb show_pagination=\u00a0\u00bboff\u00a0\u00bb _builder_version=\u00a0\u00bb4.14.4&Prime; _module_preset=\u00a0\u00bbdefault\u00a0\u00bb border_radii=\u00a0\u00bbon|3px|3px|3px|3px\u00a0\u00bb border_width_all=\u00a0\u00bb3px\u00a0\u00bb border_color_all=\u00a0\u00bb#FFFFFF\u00a0\u00bb global_colors_info=\u00a0\u00bb{}\u00a0\u00bb][\/et_pb_gallery][\/et_pb_column][\/et_pb_row][et_pb_row _builder_version=\u00a0\u00bb4.9.4&Prime; _module_preset=\u00a0\u00bbdefault\u00a0\u00bb global_colors_info=\u00a0\u00bb{}\u00a0\u00bb][et_pb_column type=\u00a0\u00bb4_4&Prime; _builder_version=\u00a0\u00bb4.9.4&Prime; _module_preset=\u00a0\u00bbdefault\u00a0\u00bb global_colors_info=\u00a0\u00bb{}\u00a0\u00bb][et_pb_text content_tablet=\u00a0\u00bb\u00a0\u00bb content_phone=\u00a0\u00bb\u00a0\u00bb content_last_edited=\u00a0\u00bbon|tablet\u00a0\u00bb _builder_version=\u00a0\u00bb4.9.4&Prime; _module_preset=\u00a0\u00bbdefault\u00a0\u00bb header_font_size=\u00a0\u00bb16px\u00a0\u00bb header_font_size_tablet=\u00a0\u00bb\u00a0\u00bb header_font_size_phone=\u00a0\u00bb14px\u00a0\u00bb header_font_size_last_edited=\u00a0\u00bbon|phone\u00a0\u00bb global_colors_info=\u00a0\u00bb{}\u00a0\u00bb]<\/p>\n<h1>Facilement accessible depuis la sortie nord de Rome, vous devez suivre les panneaux pour l&rsquo;abbaye de Farfa et continuer pour la ville de Castelnuovo \u00e0 quelques kilom\u00e8tres avant de trouver le magasin.<\/h1>\n<p>[\/et_pb_text][\/et_pb_column][\/et_pb_row][et_pb_row column_structure=\u00a0\u00bb1_2,1_2&Prime; use_custom_gutter=\u00a0\u00bbon\u00a0\u00bb gutter_width=\u00a0\u00bb1&Prime; make_equal=\u00a0\u00bbon\u00a0\u00bb _builder_version=\u00a0\u00bb4.13.1&Prime; _module_preset=\u00a0\u00bbdefault\u00a0\u00bb background_size=\u00a0\u00bbcontain\u00a0\u00bb width=\u00a0\u00bb100%\u00a0\u00bb max_width=\u00a0\u00bb1280px\u00a0\u00bb custom_margin=\u00a0\u00bb||\u00a0\u00bb custom_padding=\u00a0\u00bb0px|15px|0px|15px|true|false\u00a0\u00bb global_colors_info=\u00a0\u00bb{}\u00a0\u00bb][et_pb_column type=\u00a0\u00bb1_2&Prime; _builder_version=\u00a0\u00bb4.9.4&Prime; _module_preset=\u00a0\u00bbdefault\u00a0\u00bb global_colors_info=\u00a0\u00bb{}\u00a0\u00bb][et_pb_text _builder_version=\u00a0\u00bb4.14.7&Prime; _module_preset=\u00a0\u00bbdefault\u00a0\u00bb custom_padding=\u00a0\u00bb|10px||10px|false|false\u00a0\u00bb hover_enabled=\u00a0\u00bb0&Prime; global_colors_info=\u00a0\u00bb{}\u00a0\u00bb sticky_enabled=\u00a0\u00bb0&Prime;]Dans ce territoire, vous pouvez trouver des oiseaux tels que le faucon p\u00e8lerin et le hibou grand-duc, mais aussi l&rsquo;hirondelle montagnarde, le pic vert et la belle louche. Parmi les poissons, la salamandre \u00e0 lunettes, le vairone et la truite fario se partagent les eaux tr\u00e8s propres du Farfa avec les \u00e9crevisses et les crabes de rivi\u00e8re. Parmi les mammif\u00e8res sont signal\u00e9s le blaireau, le renard, le porc-\u00e9pic, la belette. Parmi la flore, on trouve \u00e9galement des ch\u00eanes verts, des ch\u00eanes verts et des charmes, ainsi que des saules, des peupliers et des aulnes. Il est \u00e9galement possible d&rsquo;acc\u00e9der aux rives de la rivi\u00e8re Farfa depuis la ville de Mompeo, o\u00f9 l&rsquo;on peut admirer les gorges dans lesquelles coule le torrent. Une fois sur la berge, le sentier longe le ruisseau devenant de plus en plus \u00e9lanc\u00e9. En suivant le chemin pour atteindre les gorges, vous pouvez traverser un ancien pont et emprunter le chemin CAI 312 (r\u00e9serv\u00e9 aux randonneurs experts), ou suivre la confluence avec le ruisseau Montenero, en passant devant les ruines du moulin \u00e0 eau connu sous le nom de Mola Naro Patrizi. La zone des Monuments Naturels est[\/et_pb_text][\/et_pb_column][et_pb_column type=\u00a0\u00bb1_2&Prime; _builder_version=\u00a0\u00bb4.9.4&Prime; _module_preset=\u00a0\u00bbdefault\u00a0\u00bb global_colors_info=\u00a0\u00bb{}\u00a0\u00bb][et_pb_image src=\u00a0\u00bbhttps:\/\/www.ilfrantoiosaporito.it\/wp-content\/uploads\/2021\/04\/Senza-titolo-2-min.jpg\u00a0\u00bb title_text=\u00a0\u00bbpunto vendita olio extravergine di oliva\u00a0\u00bb align=\u00a0\u00bbcenter\u00a0\u00bb _builder_version=\u00a0\u00bb4.9.4&Prime; _module_preset=\u00a0\u00bbdefault\u00a0\u00bb width=\u00a0\u00bb90%\u00a0\u00bb custom_margin=\u00a0\u00bb0px||||false|false\u00a0\u00bb custom_padding=\u00a0\u00bb20px||20px||false|false\u00a0\u00bb global_colors_info=\u00a0\u00bb{}\u00a0\u00bb][\/et_pb_image][\/et_pb_column][\/et_pb_row][\/et_pb_section]<\/p>\n","protected":false},"excerpt":{"rendered":"<p>POINT DE VENTE FERME SAPORITO CASTELNUOVO DI FARFA Toujours pr\u00eats \u00e0 satisfaire vos demandes, nous avons ouvert notre premier magasin au moulin \u00e0 huile de via valle di Rose snc \u00e0 Castelnuovo di Farfa. Facilement accessible depuis la sortie nord de Rome, vous devez suivre les panneaux pour l&rsquo;abbaye de Farfa et continuer pour la [&hellip;]<\/p>\n","protected":false},"author":1,"featured_media":0,"parent":0,"menu_order":0,"comment_status":"closed","ping_status":"closed","template":"","meta":{"_et_pb_use_builder":"on","_et_pb_old_content":"","_et_gb_content_width":"","cybocfi_hide_featured_image":"","footnotes":""},"class_list":["post-260302","page","type-page","status-publish","hentry"],"yoast_head":"<!-- This site is optimized with the Yoast SEO plugin v27.2 - https:\/\/yoast.com\/product\/yoast-seo-wordpress\/ -->\n<title>Point de vente La meilleure qualit\u00e9 d&#039;huile d&#039;olive extra vierge<\/title>\n<meta name=\"description\" content=\"Le point de vente est la meilleure huile d&#039;olive extra vierge disponible dans une grande vari\u00e9t\u00e9 de saveurs et de types.\" \/>\n<meta name=\"robots\" content=\"index, follow, max-snippet:-1, max-image-preview:large, max-video-preview:-1\" \/>\n<link rel=\"canonical\" href=\"https:\/\/www.ilfrantoiosaporito.it\/fr\/point-de-vente-ferme-tasty-castelnuovo-di-farfa\/\" \/>\n<meta property=\"og:locale\" content=\"fr_FR\" \/>\n<meta property=\"og:type\" content=\"article\" \/>\n<meta property=\"og:title\" content=\"Point de vente La meilleure qualit\u00e9 d&#039;huile d&#039;olive extra vierge\" \/>\n<meta property=\"og:description\" content=\"Le point de vente est la meilleure huile d&#039;olive extra vierge disponible dans une grande vari\u00e9t\u00e9 de saveurs et de types.\" \/>\n<meta property=\"og:url\" content=\"https:\/\/www.ilfrantoiosaporito.it\/fr\/point-de-vente-ferme-tasty-castelnuovo-di-farfa\/\" \/>\n<meta property=\"og:site_name\" content=\"Azienda agricola Saporito l&#039;olio extravergine di oliva\" \/>\n<meta property=\"article:modified_time\" content=\"2022-02-23T16:08:33+00:00\" \/>\n<meta name=\"twitter:card\" content=\"summary_large_image\" \/>\n<meta name=\"twitter:label1\" content=\"Dur\u00e9e de lecture estim\u00e9e\" \/>\n\t<meta name=\"twitter:data1\" content=\"5 minutes\" \/>\n<script type=\"application\/ld+json\" class=\"yoast-schema-graph\">{\"@context\":\"https:\/\/schema.org\",\"@graph\":[{\"@type\":\"WebPage\",\"@id\":\"https:\/\/www.ilfrantoiosaporito.it\/fr\/point-de-vente-ferme-tasty-castelnuovo-di-farfa\/\",\"url\":\"https:\/\/www.ilfrantoiosaporito.it\/fr\/point-de-vente-ferme-tasty-castelnuovo-di-farfa\/\",\"name\":\"Point de vente La meilleure qualit\u00e9 d'huile d'olive extra vierge\",\"isPartOf\":{\"@id\":\"https:\/\/www.ilfrantoiosaporito.it\/fr\/#website\"},\"datePublished\":\"2021-04-22T22:36:22+00:00\",\"dateModified\":\"2022-02-23T16:08:33+00:00\",\"description\":\"Le point de vente est la meilleure huile d'olive extra vierge disponible dans une grande vari\u00e9t\u00e9 de saveurs et de types.\",\"breadcrumb\":{\"@id\":\"https:\/\/www.ilfrantoiosaporito.it\/fr\/point-de-vente-ferme-tasty-castelnuovo-di-farfa\/#breadcrumb\"},\"inLanguage\":\"fr-FR\",\"potentialAction\":[{\"@type\":\"ReadAction\",\"target\":[\"https:\/\/www.ilfrantoiosaporito.it\/fr\/point-de-vente-ferme-tasty-castelnuovo-di-farfa\/\"]}]},{\"@type\":\"BreadcrumbList\",\"@id\":\"https:\/\/www.ilfrantoiosaporito.it\/fr\/point-de-vente-ferme-tasty-castelnuovo-di-farfa\/#breadcrumb\",\"itemListElement\":[{\"@type\":\"ListItem\",\"position\":1,\"name\":\"Home\",\"item\":\"https:\/\/www.ilfrantoiosaporito.it\/fr\/\"},{\"@type\":\"ListItem\",\"position\":2,\"name\":\"POINT DE VENTE FERME TASTY Castelnuovo di Farfa\"}]},{\"@type\":\"WebSite\",\"@id\":\"https:\/\/www.ilfrantoiosaporito.it\/fr\/#website\",\"url\":\"https:\/\/www.ilfrantoiosaporito.it\/fr\/\",\"name\":\"Azienda agricola Saporito l&#039;olio extravergine di oliva\",\"description\":\"Azienda Agricola Saporito In Sabina l&#039;olivo \u00e8 coltivato da millenni \",\"potentialAction\":[{\"@type\":\"SearchAction\",\"target\":{\"@type\":\"EntryPoint\",\"urlTemplate\":\"https:\/\/www.ilfrantoiosaporito.it\/fr\/?s={search_term_string}\"},\"query-input\":{\"@type\":\"PropertyValueSpecification\",\"valueRequired\":true,\"valueName\":\"search_term_string\"}}],\"inLanguage\":\"fr-FR\"}]}<\/script>\n<!-- \/ Yoast SEO plugin. -->","yoast_head_json":{"title":"Point de vente La meilleure qualit\u00e9 d'huile d'olive extra vierge","description":"Le point de vente est la meilleure huile d'olive extra vierge disponible dans une grande vari\u00e9t\u00e9 de saveurs et de types.","robots":{"index":"index","follow":"follow","max-snippet":"max-snippet:-1","max-image-preview":"max-image-preview:large","max-video-preview":"max-video-preview:-1"},"canonical":"https:\/\/www.ilfrantoiosaporito.it\/fr\/point-de-vente-ferme-tasty-castelnuovo-di-farfa\/","og_locale":"fr_FR","og_type":"article","og_title":"Point de vente La meilleure qualit\u00e9 d'huile d'olive extra vierge","og_description":"Le point de vente est la meilleure huile d'olive extra vierge disponible dans une grande vari\u00e9t\u00e9 de saveurs et de types.","og_url":"https:\/\/www.ilfrantoiosaporito.it\/fr\/point-de-vente-ferme-tasty-castelnuovo-di-farfa\/","og_site_name":"Azienda agricola Saporito l&#039;olio extravergine di oliva","article_modified_time":"2022-02-23T16:08:33+00:00","twitter_card":"summary_large_image","twitter_misc":{"Dur\u00e9e de lecture estim\u00e9e":"5 minutes"},"schema":{"@context":"https:\/\/schema.org","@graph":[{"@type":"WebPage","@id":"https:\/\/www.ilfrantoiosaporito.it\/fr\/point-de-vente-ferme-tasty-castelnuovo-di-farfa\/","url":"https:\/\/www.ilfrantoiosaporito.it\/fr\/point-de-vente-ferme-tasty-castelnuovo-di-farfa\/","name":"Point de vente La meilleure qualit\u00e9 d'huile d'olive extra vierge","isPartOf":{"@id":"https:\/\/www.ilfrantoiosaporito.it\/fr\/#website"},"datePublished":"2021-04-22T22:36:22+00:00","dateModified":"2022-02-23T16:08:33+00:00","description":"Le point de vente est la meilleure huile d'olive extra vierge disponible dans une grande vari\u00e9t\u00e9 de saveurs et de types.","breadcrumb":{"@id":"https:\/\/www.ilfrantoiosaporito.it\/fr\/point-de-vente-ferme-tasty-castelnuovo-di-farfa\/#breadcrumb"},"inLanguage":"fr-FR","potentialAction":[{"@type":"ReadAction","target":["https:\/\/www.ilfrantoiosaporito.it\/fr\/point-de-vente-ferme-tasty-castelnuovo-di-farfa\/"]}]},{"@type":"BreadcrumbList","@id":"https:\/\/www.ilfrantoiosaporito.it\/fr\/point-de-vente-ferme-tasty-castelnuovo-di-farfa\/#breadcrumb","itemListElement":[{"@type":"ListItem","position":1,"name":"Home","item":"https:\/\/www.ilfrantoiosaporito.it\/fr\/"},{"@type":"ListItem","position":2,"name":"POINT DE VENTE FERME TASTY Castelnuovo di Farfa"}]},{"@type":"WebSite","@id":"https:\/\/www.ilfrantoiosaporito.it\/fr\/#website","url":"https:\/\/www.ilfrantoiosaporito.it\/fr\/","name":"Azienda agricola Saporito l&#039;olio extravergine di oliva","description":"Azienda Agricola Saporito In Sabina l&#039;olivo \u00e8 coltivato da millenni ","potentialAction":[{"@type":"SearchAction","target":{"@type":"EntryPoint","urlTemplate":"https:\/\/www.ilfrantoiosaporito.it\/fr\/?s={search_term_string}"},"query-input":{"@type":"PropertyValueSpecification","valueRequired":true,"valueName":"search_term_string"}}],"inLanguage":"fr-FR"}]}},"_links":{"self":[{"href":"https:\/\/www.ilfrantoiosaporito.it\/fr\/wp-json\/wp\/v2\/pages\/260302","targetHints":{"allow":["GET"]}}],"collection":[{"href":"https:\/\/www.ilfrantoiosaporito.it\/fr\/wp-json\/wp\/v2\/pages"}],"about":[{"href":"https:\/\/www.ilfrantoiosaporito.it\/fr\/wp-json\/wp\/v2\/types\/page"}],"author":[{"embeddable":true,"href":"https:\/\/www.ilfrantoiosaporito.it\/fr\/wp-json\/wp\/v2\/users\/1"}],"replies":[{"embeddable":true,"href":"https:\/\/www.ilfrantoiosaporito.it\/fr\/wp-json\/wp\/v2\/comments?post=260302"}],"version-history":[{"count":2,"href":"https:\/\/www.ilfrantoiosaporito.it\/fr\/wp-json\/wp\/v2\/pages\/260302\/revisions"}],"predecessor-version":[{"id":260304,"href":"https:\/\/www.ilfrantoiosaporito.it\/fr\/wp-json\/wp\/v2\/pages\/260302\/revisions\/260304"}],"wp:attachment":[{"href":"https:\/\/www.ilfrantoiosaporito.it\/fr\/wp-json\/wp\/v2\/media?parent=260302"}],"curies":[{"name":"wp","href":"https:\/\/api.w.org\/{rel}","templated":true}]}}