{"id":263362,"date":"2024-01-01T18:16:37","date_gmt":"2024-01-01T18:16:37","guid":{"rendered":"https:\/\/www.ilfrantoiosaporito.it\/prodotto\/high-quality-extra-virgin-olive-oil-in-a-tin-container\/"},"modified":"2025-10-03T04:51:27","modified_gmt":"2025-10-03T04:51:27","slug":"aceite-de-oliva-virgen-extra-de-alta-calidad-en-lata","status":"publish","type":"product","link":"https:\/\/www.ilfrantoiosaporito.it\/es\/producto\/aceite-de-oliva-virgen-extra-de-alta-calidad-en-lata\/","title":{"rendered":"Aceite de oliva virgen extra de alta calidad en envase de lata"},"content":{"rendered":"<p data-start=\"1817\" data-end=\"1843\"><strong data-start=\"1817\" data-end=\"1841\">\ud83c\udf43 Perfil Sensorial:<\/strong><\/p>\n<ul data-start=\"1844\" data-end=\"2035\">\n<li data-start=\"1844\" data-end=\"1905\"><strong data-start=\"1846\" data-end=\"1856\">Color:<\/strong> Verde brillante con elegantes reflejos dorados<\/li>\n<li data-start=\"1906\" data-end=\"1981\"><strong data-start=\"1908\" data-end=\"1918\">Aroma:<\/strong> Notas frutadas intensas, con toques de hierba fresca y cardo<\/li>\n<li data-start=\"1982\" data-end=\"2035\"><strong data-start=\"1984\" data-end=\"1994\">Sabor:<\/strong> Frutado medio, armonioso y equilibrado<\/li>\n<\/ul>\n<p><strong data-start=\"2037\" data-end=\"2065\">\ud83c\udf7d\ufe0f Maridajes en Cocina:<\/strong><br data-start=\"2065\" data-end=\"2068\" \/>Ideal para realzar platos de pescado crudo, carnes a la parrilla, ensaladas frescas y verduras. Perfecto tambi\u00e9n en sopas, legumbres, bruschetta y para enriquecer cada creaci\u00f3n culinaria.<\/p>\n<p><strong data-start=\"2259\" data-end=\"2279\">\ud83d\udce6 Conservaci\u00f3n:<\/strong><br data-start=\"2279\" data-end=\"2282\" \/>Mant\u00e9n sus propiedades organol\u00e9pticas guardando el aceite en un lugar fresco y seco, lejos de la luz y fuentes de calor. Temperatura ideal: 15-18\u00b0C.<\/p>\n","protected":false},"excerpt":{"rendered":"<p data-start=\"1293\" data-end=\"1542\">Lleva a tu mesa el aut\u00e9ntico sabor de Sabina con nuestro aceite de oliva virgen extra ecol\u00f3gico, elaborado con las mejores aceitunas de las variedades <em data-start=\"1444\" data-end=\"1453\">Leccino<\/em>, <em data-start=\"1455\" data-end=\"1465\">Frantoio<\/em> y <em data-start=\"1468\" data-end=\"1474\">Raja<\/em>, cosechadas en la encantadora regi\u00f3n de <strong data-start=\"1515\" data-end=\"1539\">Castelnuovo di Farfa<\/strong>.<\/p>\n<p data-start=\"1544\" data-end=\"1569\"><strong data-start=\"1544\" data-end=\"1567\">\ud83c\udf3f Caracter\u00edsticas:<\/strong><\/p>\n<ul data-start=\"1570\" data-end=\"1815\">\n<li data-start=\"1570\" data-end=\"1617\"><strong data-start=\"1572\" data-end=\"1584\">Formato:<\/strong> Lata disponible en 1L, 3L y 5L<\/li>\n<li data-start=\"1618\" data-end=\"1652\"><strong data-start=\"1620\" data-end=\"1632\">Cosecha:<\/strong> Temporada 2025\/26<\/li>\n<li data-start=\"1653\" data-end=\"1701\"><strong data-start=\"1655\" data-end=\"1673\">Certificaci\u00f3n:<\/strong> 100% Ecol\u00f3gico y trazable<\/li>\n<li data-start=\"1702\" data-end=\"1749\"><strong data-start=\"1704\" data-end=\"1717\">Cultivar:<\/strong> <em data-start=\"1718\" data-end=\"1727\">Leccino<\/em>, <em data-start=\"1729\" data-end=\"1739\">Frantoio<\/em>, <em data-start=\"1741\" data-end=\"1747\">Raja<\/em><\/li>\n<li data-start=\"1750\" data-end=\"1815\"><strong data-start=\"1752\" data-end=\"1763\">Origen:<\/strong> 100% Italiano, desde la cosecha hasta el envasado<\/li>\n<\/ul>\n","protected":false},"featured_media":258681,"comment_status":"open","ping_status":"closed","template":"","meta":{"_et_pb_use_builder":"off","_et_pb_old_content":"olio extra vergine di oliva bio 3 litri\r\nFRANTOIO\u00a0 ideale per condire a crudo, pesce ,carni ed insalate \"Confezione : LATTA\r\nFormat1 : 1 LT | 3 LT | 5 LT\r\nRaccolta : <strong>2023\/24<\/strong>\r\nTipologia :OLIO EXTRA VERGINE DI OLIVA \u00e8 tracciato, e certificato Biologico.\r\nSapore : FRUTTATO MEDIO\r\nCertificazione :BIO\r\nCultivar :LECCINO - FRANTOIO - RAJA .\r\nOrigine :100% olio extravergine di oliva prodotto, imbottigliato e confezionato in Italia da olive raccolte in Italia.\r\nRegione Frantoio :Castelnuovo di farfa\r\nConservazione : In luogo fresco ed asciutto, al riparo dalla luce e da fonti di calore. Temperatura ottimale: 15-18\u00b0C.\" \"Colore: verde con riflessi giallo oro.\r\nProfumo: fruttato intenso, con note erbacee e di cardo.\r\nGusto: fruttato MEDIO.\r\nAbbinamento in cucina: condimento di verdure, legumi, zuppe, bruschette, carni alla brace.\"","_et_gb_content_width":"","cybocfi_hide_featured_image":""},"product_brand":[],"product_cat":[182],"product_tag":[],"class_list":{"0":"post-263362","1":"product","2":"type-product","3":"status-publish","4":"has-post-thumbnail","6":"product_cat-olio-extravergine-di-oliva-in-latta-es","8":"first","9":"instock","10":"taxable","11":"shipping-taxable","12":"purchasable","13":"product-type-variable"},"yoast_head":"<!-- This site is optimized with the Yoast SEO plugin v27.2 - https:\/\/yoast.com\/product\/yoast-seo-wordpress\/ -->\n<title>Aceite de oliva virgen extra de alta calidad en envase de lata - Azienda agricola Saporito l&#039;olio extravergine di oliva<\/title>\n<meta name=\"robots\" content=\"index, follow, max-snippet:-1, max-image-preview:large, max-video-preview:-1\" \/>\n<link rel=\"canonical\" href=\"https:\/\/www.ilfrantoiosaporito.it\/es\/producto\/aceite-de-oliva-virgen-extra-de-alta-calidad-en-lata\/\" \/>\n<meta property=\"og:locale\" content=\"es_ES\" \/>\n<meta property=\"og:type\" content=\"article\" \/>\n<meta property=\"og:title\" content=\"Aceite de oliva virgen extra de alta calidad en envase de lata - Azienda agricola Saporito l&#039;olio extravergine di oliva\" \/>\n<meta property=\"og:description\" content=\"Lleva a tu mesa el aut\u00e9ntico sabor de Sabina con nuestro aceite de oliva virgen extra ecol\u00f3gico, elaborado con las mejores aceitunas de las variedades Leccino, Frantoio y Raja, cosechadas en la encantadora regi\u00f3n de Castelnuovo di Farfa. \ud83c\udf3f Caracter\u00edsticas:    Formato: Lata disponible en 1L, 3L y 5L  Cosecha: Temporada 2025\/26  Certificaci\u00f3n: 100% Ecol\u00f3gico y trazable  Cultivar: Leccino, Frantoio, Raja  Origen: 100% Italiano, desde la cosecha hasta el envasado\" \/>\n<meta property=\"og:url\" content=\"https:\/\/www.ilfrantoiosaporito.it\/es\/producto\/aceite-de-oliva-virgen-extra-de-alta-calidad-en-lata\/\" \/>\n<meta property=\"og:site_name\" content=\"Azienda agricola Saporito l&#039;olio extravergine di oliva\" \/>\n<meta property=\"article:modified_time\" content=\"2025-10-03T04:51:27+00:00\" \/>\n<meta property=\"og:image\" content=\"https:\/\/www.ilfrantoiosaporito.it\/wp-content\/uploads\/2021\/06\/Baratole-4.jpg\" \/>\n\t<meta property=\"og:image:width\" content=\"1000\" \/>\n\t<meta property=\"og:image:height\" content=\"1000\" \/>\n\t<meta property=\"og:image:type\" content=\"image\/jpeg\" \/>\n<meta name=\"twitter:card\" content=\"summary_large_image\" \/>\n<script type=\"application\/ld+json\" class=\"yoast-schema-graph\">{\"@context\":\"https:\/\/schema.org\",\"@graph\":[{\"@type\":\"WebPage\",\"@id\":\"https:\/\/www.ilfrantoiosaporito.it\/es\/producto\/aceite-de-oliva-virgen-extra-de-alta-calidad-en-lata\/\",\"url\":\"https:\/\/www.ilfrantoiosaporito.it\/es\/producto\/aceite-de-oliva-virgen-extra-de-alta-calidad-en-lata\/\",\"name\":\"Aceite de oliva virgen extra de alta calidad en envase de lata - Azienda agricola Saporito l&#039;olio extravergine di oliva\",\"isPartOf\":{\"@id\":\"https:\/\/www.ilfrantoiosaporito.it\/es\/#website\"},\"primaryImageOfPage\":{\"@id\":\"https:\/\/www.ilfrantoiosaporito.it\/es\/producto\/aceite-de-oliva-virgen-extra-de-alta-calidad-en-lata\/#primaryimage\"},\"image\":{\"@id\":\"https:\/\/www.ilfrantoiosaporito.it\/es\/producto\/aceite-de-oliva-virgen-extra-de-alta-calidad-en-lata\/#primaryimage\"},\"thumbnailUrl\":\"https:\/\/www.ilfrantoiosaporito.it\/wp-content\/uploads\/2021\/06\/Baratole-4.jpg\",\"datePublished\":\"2024-01-01T18:16:37+00:00\",\"dateModified\":\"2025-10-03T04:51:27+00:00\",\"breadcrumb\":{\"@id\":\"https:\/\/www.ilfrantoiosaporito.it\/es\/producto\/aceite-de-oliva-virgen-extra-de-alta-calidad-en-lata\/#breadcrumb\"},\"inLanguage\":\"es\",\"potentialAction\":[{\"@type\":\"ReadAction\",\"target\":[\"https:\/\/www.ilfrantoiosaporito.it\/es\/producto\/aceite-de-oliva-virgen-extra-de-alta-calidad-en-lata\/\"]}]},{\"@type\":\"ImageObject\",\"inLanguage\":\"es\",\"@id\":\"https:\/\/www.ilfrantoiosaporito.it\/es\/producto\/aceite-de-oliva-virgen-extra-de-alta-calidad-en-lata\/#primaryimage\",\"url\":\"https:\/\/www.ilfrantoiosaporito.it\/wp-content\/uploads\/2021\/06\/Baratole-4.jpg\",\"contentUrl\":\"https:\/\/www.ilfrantoiosaporito.it\/wp-content\/uploads\/2021\/06\/Baratole-4.jpg\",\"width\":1000,\"height\":1000},{\"@type\":\"BreadcrumbList\",\"@id\":\"https:\/\/www.ilfrantoiosaporito.it\/es\/producto\/aceite-de-oliva-virgen-extra-de-alta-calidad-en-lata\/#breadcrumb\",\"itemListElement\":[{\"@type\":\"ListItem\",\"position\":1,\"name\":\"Home\",\"item\":\"https:\/\/www.ilfrantoiosaporito.it\/es\/\"},{\"@type\":\"ListItem\",\"position\":2,\"name\":\"Tienda\",\"item\":\"https:\/\/www.ilfrantoiosaporito.it\/es\/tienda\/\"},{\"@type\":\"ListItem\",\"position\":3,\"name\":\"Aceite de oliva virgen extra de alta calidad en envase de lata\"}]},{\"@type\":\"WebSite\",\"@id\":\"https:\/\/www.ilfrantoiosaporito.it\/es\/#website\",\"url\":\"https:\/\/www.ilfrantoiosaporito.it\/es\/\",\"name\":\"Azienda agricola Saporito l&#039;olio extravergine di oliva\",\"description\":\"Azienda Agricola Saporito In Sabina l&#039;olivo \u00e8 coltivato da millenni \",\"potentialAction\":[{\"@type\":\"SearchAction\",\"target\":{\"@type\":\"EntryPoint\",\"urlTemplate\":\"https:\/\/www.ilfrantoiosaporito.it\/es\/?s={search_term_string}\"},\"query-input\":{\"@type\":\"PropertyValueSpecification\",\"valueRequired\":true,\"valueName\":\"search_term_string\"}}],\"inLanguage\":\"es\"}]}<\/script>\n<!-- \/ Yoast SEO plugin. -->","yoast_head_json":{"title":"Aceite de oliva virgen extra de alta calidad en envase de lata - Azienda agricola Saporito l&#039;olio extravergine di oliva","robots":{"index":"index","follow":"follow","max-snippet":"max-snippet:-1","max-image-preview":"max-image-preview:large","max-video-preview":"max-video-preview:-1"},"canonical":"https:\/\/www.ilfrantoiosaporito.it\/es\/producto\/aceite-de-oliva-virgen-extra-de-alta-calidad-en-lata\/","og_locale":"es_ES","og_type":"article","og_title":"Aceite de oliva virgen extra de alta calidad en envase de lata - Azienda agricola Saporito l&#039;olio extravergine di oliva","og_description":"Lleva a tu mesa el aut\u00e9ntico sabor de Sabina con nuestro aceite de oliva virgen extra ecol\u00f3gico, elaborado con las mejores aceitunas de las variedades Leccino, Frantoio y Raja, cosechadas en la encantadora regi\u00f3n de Castelnuovo di Farfa. \ud83c\udf3f Caracter\u00edsticas:    Formato: Lata disponible en 1L, 3L y 5L  Cosecha: Temporada 2025\/26  Certificaci\u00f3n: 100% Ecol\u00f3gico y trazable  Cultivar: Leccino, Frantoio, Raja  Origen: 100% Italiano, desde la cosecha hasta el envasado","og_url":"https:\/\/www.ilfrantoiosaporito.it\/es\/producto\/aceite-de-oliva-virgen-extra-de-alta-calidad-en-lata\/","og_site_name":"Azienda agricola Saporito l&#039;olio extravergine di oliva","article_modified_time":"2025-10-03T04:51:27+00:00","og_image":[{"width":1000,"height":1000,"url":"https:\/\/www.ilfrantoiosaporito.it\/wp-content\/uploads\/2021\/06\/Baratole-4.jpg","type":"image\/jpeg"}],"twitter_card":"summary_large_image","schema":{"@context":"https:\/\/schema.org","@graph":[{"@type":"WebPage","@id":"https:\/\/www.ilfrantoiosaporito.it\/es\/producto\/aceite-de-oliva-virgen-extra-de-alta-calidad-en-lata\/","url":"https:\/\/www.ilfrantoiosaporito.it\/es\/producto\/aceite-de-oliva-virgen-extra-de-alta-calidad-en-lata\/","name":"Aceite de oliva virgen extra de alta calidad en envase de lata - Azienda agricola Saporito l&#039;olio extravergine di oliva","isPartOf":{"@id":"https:\/\/www.ilfrantoiosaporito.it\/es\/#website"},"primaryImageOfPage":{"@id":"https:\/\/www.ilfrantoiosaporito.it\/es\/producto\/aceite-de-oliva-virgen-extra-de-alta-calidad-en-lata\/#primaryimage"},"image":{"@id":"https:\/\/www.ilfrantoiosaporito.it\/es\/producto\/aceite-de-oliva-virgen-extra-de-alta-calidad-en-lata\/#primaryimage"},"thumbnailUrl":"https:\/\/www.ilfrantoiosaporito.it\/wp-content\/uploads\/2021\/06\/Baratole-4.jpg","datePublished":"2024-01-01T18:16:37+00:00","dateModified":"2025-10-03T04:51:27+00:00","breadcrumb":{"@id":"https:\/\/www.ilfrantoiosaporito.it\/es\/producto\/aceite-de-oliva-virgen-extra-de-alta-calidad-en-lata\/#breadcrumb"},"inLanguage":"es","potentialAction":[{"@type":"ReadAction","target":["https:\/\/www.ilfrantoiosaporito.it\/es\/producto\/aceite-de-oliva-virgen-extra-de-alta-calidad-en-lata\/"]}]},{"@type":"ImageObject","inLanguage":"es","@id":"https:\/\/www.ilfrantoiosaporito.it\/es\/producto\/aceite-de-oliva-virgen-extra-de-alta-calidad-en-lata\/#primaryimage","url":"https:\/\/www.ilfrantoiosaporito.it\/wp-content\/uploads\/2021\/06\/Baratole-4.jpg","contentUrl":"https:\/\/www.ilfrantoiosaporito.it\/wp-content\/uploads\/2021\/06\/Baratole-4.jpg","width":1000,"height":1000},{"@type":"BreadcrumbList","@id":"https:\/\/www.ilfrantoiosaporito.it\/es\/producto\/aceite-de-oliva-virgen-extra-de-alta-calidad-en-lata\/#breadcrumb","itemListElement":[{"@type":"ListItem","position":1,"name":"Home","item":"https:\/\/www.ilfrantoiosaporito.it\/es\/"},{"@type":"ListItem","position":2,"name":"Tienda","item":"https:\/\/www.ilfrantoiosaporito.it\/es\/tienda\/"},{"@type":"ListItem","position":3,"name":"Aceite de oliva virgen extra de alta calidad en envase de lata"}]},{"@type":"WebSite","@id":"https:\/\/www.ilfrantoiosaporito.it\/es\/#website","url":"https:\/\/www.ilfrantoiosaporito.it\/es\/","name":"Azienda agricola Saporito l&#039;olio extravergine di oliva","description":"Azienda Agricola Saporito In Sabina l&#039;olivo \u00e8 coltivato da millenni ","potentialAction":[{"@type":"SearchAction","target":{"@type":"EntryPoint","urlTemplate":"https:\/\/www.ilfrantoiosaporito.it\/es\/?s={search_term_string}"},"query-input":{"@type":"PropertyValueSpecification","valueRequired":true,"valueName":"search_term_string"}}],"inLanguage":"es"}]}},"_links":{"self":[{"href":"https:\/\/www.ilfrantoiosaporito.it\/es\/wp-json\/wp\/v2\/product\/263362","targetHints":{"allow":["GET"]}}],"collection":[{"href":"https:\/\/www.ilfrantoiosaporito.it\/es\/wp-json\/wp\/v2\/product"}],"about":[{"href":"https:\/\/www.ilfrantoiosaporito.it\/es\/wp-json\/wp\/v2\/types\/product"}],"replies":[{"embeddable":true,"href":"https:\/\/www.ilfrantoiosaporito.it\/es\/wp-json\/wp\/v2\/comments?post=263362"}],"wp:featuredmedia":[{"embeddable":true,"href":"https:\/\/www.ilfrantoiosaporito.it\/es\/wp-json\/wp\/v2\/media\/258681"}],"wp:attachment":[{"href":"https:\/\/www.ilfrantoiosaporito.it\/es\/wp-json\/wp\/v2\/media?parent=263362"}],"wp:term":[{"taxonomy":"product_brand","embeddable":true,"href":"https:\/\/www.ilfrantoiosaporito.it\/es\/wp-json\/wp\/v2\/product_brand?post=263362"},{"taxonomy":"product_cat","embeddable":true,"href":"https:\/\/www.ilfrantoiosaporito.it\/es\/wp-json\/wp\/v2\/product_cat?post=263362"},{"taxonomy":"product_tag","embeddable":true,"href":"https:\/\/www.ilfrantoiosaporito.it\/es\/wp-json\/wp\/v2\/product_tag?post=263362"}],"curies":[{"name":"wp","href":"https:\/\/api.w.org\/{rel}","templated":true}]}}