{"id":260181,"date":"2021-11-12T19:32:02","date_gmt":"2021-11-12T19:32:02","guid":{"rendered":"https:\/\/www.ilfrantoiosaporito.it\/prodotto\/aceite-de-oliva-virgen-extra-100-italiano-campana-de-aceite-de-nectarina-2021-2022-solo-carboncella\/"},"modified":"2024-06-30T12:02:42","modified_gmt":"2024-06-30T12:02:42","slug":"aceite-de-oliva-virgen-extra-100-italiano-campana-de-aceite-de-nectarina-2021-2022-solo-carboncella","status":"publish","type":"product","link":"https:\/\/www.ilfrantoiosaporito.it\/es\/producto\/aceite-de-oliva-virgen-extra-100-italiano-campana-de-aceite-de-nectarina-2021-2022-solo-carboncella\/","title":{"rendered":"Aceite de Oliva Virgen Extra 100% Italiano Campa\u00f1a de Aceite de Nectarina 2021-2022 solo carboncella"},"content":{"rendered":"<h3>Edici\u00f3n Limitada 2021\/22 Paquete 500 Ml<\/h3>\n<p>Monocultivo Carboncella Bio<br \/>\nD\u00e9jate sorprender por los aromas de este aceite de oliva virgen extra que solo se iguala a s\u00ed mismo. La lavanda, los pi\u00f1ones, la manzana y la hierba fresca dominan el bouquet arom\u00e1tico y describen un elegante y original frutado medio. En boca regresan notas florales, hierbas mediterr\u00e1neas, manzana amarilla y almendra, con un picante y un amargor armoniosos pero no demasiado marcados. Un aceite multifac\u00e9tico, agradable en la cocina con carnes rojas, primeros platos, sopas, ensaladas, recomendado para quienes gustan del olor intenso del aceite en todos los alimentos crudos.<\/p>\n<p>Cultivar: nectarina de octubre solo carboncella<br \/>\nOrigen: 100% aceite de oliva virgen extra producido, embotellado y envasado en Italia a partir de aceitunas cosechadas en Italia.<br \/>\nRegi\u00f3n de Frantoio: Castelnuovo di farfa<\/p>\n<p>&nbsp;<\/p>\n","protected":false},"excerpt":{"rendered":"<h3>Edici\u00f3n Limitada 2021\/22 Paquete 500 Ml<\/h3>\n<p>Monocultivo Carboncella Bio<br \/>\nD\u00e9jate sorprender por los aromas de este aceite de oliva virgen extra que solo se iguala a s\u00ed mismo. La lavanda, los pi\u00f1ones, la manzana y la hierba fresca dominan el bouquet arom\u00e1tico y describen un elegante y original frutado medio. En boca regresan notas florales, hierbas mediterr\u00e1neas, manzana amarilla y almendra, con un picante y un amargor armoniosos pero no demasiado marcados. Un aceite multifac\u00e9tico, agradable en la cocina con carnes rojas, primeros platos, sopas, ensaladas, recomendado para quienes gustan del olor intenso del aceite en todos los alimentos crudos.<\/p>\n<p>Cultivar: nectarina de octubre solo carboncella<br \/>\nOrigen: 100% aceite de oliva virgen extra producido, embotellado y envasado en Italia a partir de aceitunas cosechadas en Italia.<br \/>\nRegi\u00f3n de Frantoio: Castelnuovo di farfa<\/p>\n<p>&nbsp;<\/p>\n","protected":false},"featured_media":261913,"comment_status":"open","ping_status":"closed","template":"","meta":{"_et_pb_use_builder":"on","_et_pb_old_content":"Edizione Limitata 2021\/22 Confezione 500 Ml\r\n\r\nOlio extra vergine di oliva bio il nettarino d'ottobre solo carboncella","_et_gb_content_width":"","cybocfi_hide_featured_image":""},"product_brand":[],"product_cat":[],"product_tag":[],"class_list":{"0":"post-260181","1":"product","2":"type-product","3":"status-publish","4":"has-post-thumbnail","7":"first","8":"outofstock","9":"taxable","10":"shipping-taxable","11":"purchasable","12":"product-type-simple"},"yoast_head":"<!-- This site is optimized with the Yoast SEO plugin v27.2 - https:\/\/yoast.com\/product\/yoast-seo-wordpress\/ -->\n<title>Aceite de Oliva Virgen Extra 100% Puro y Natural - Il Nettarino<\/title>\n<meta name=\"description\" content=\"El Aceite de Oliva Virgen Extra 100% Italiano 2021-2022 es un aceite de oliva virgen extra \u00fanico y de edici\u00f3n limitada.\" \/>\n<meta name=\"robots\" content=\"index, follow, max-snippet:-1, max-image-preview:large, max-video-preview:-1\" \/>\n<link rel=\"canonical\" href=\"https:\/\/www.ilfrantoiosaporito.it\/es\/producto\/aceite-de-oliva-virgen-extra-100-italiano-campana-de-aceite-de-nectarina-2021-2022-solo-carboncella\/\" \/>\n<meta property=\"og:locale\" content=\"es_ES\" \/>\n<meta property=\"og:type\" content=\"article\" \/>\n<meta property=\"og:title\" content=\"Aceite de Oliva Virgen Extra 100% Puro y Natural - Il Nettarino\" \/>\n<meta property=\"og:description\" content=\"El Aceite de Oliva Virgen Extra 100% Italiano 2021-2022 es un aceite de oliva virgen extra \u00fanico y de edici\u00f3n limitada.\" \/>\n<meta property=\"og:url\" content=\"https:\/\/www.ilfrantoiosaporito.it\/es\/producto\/aceite-de-oliva-virgen-extra-100-italiano-campana-de-aceite-de-nectarina-2021-2022-solo-carboncella\/\" \/>\n<meta property=\"og:site_name\" content=\"Azienda agricola Saporito l&#039;olio extravergine di oliva\" \/>\n<meta property=\"article:modified_time\" content=\"2024-06-30T12:02:42+00:00\" \/>\n<meta property=\"og:image\" content=\"https:\/\/www.ilfrantoiosaporito.it\/wp-content\/uploads\/2021\/11\/Carboncella-3.jpg\" \/>\n\t<meta property=\"og:image:width\" content=\"1000\" \/>\n\t<meta property=\"og:image:height\" content=\"1000\" \/>\n\t<meta property=\"og:image:type\" content=\"image\/jpeg\" \/>\n<meta name=\"twitter:card\" content=\"summary_large_image\" \/>\n<meta name=\"twitter:label1\" content=\"Tiempo de lectura\" \/>\n\t<meta name=\"twitter:data1\" content=\"1 minuto\" \/>\n<script type=\"application\/ld+json\" class=\"yoast-schema-graph\">{\"@context\":\"https:\/\/schema.org\",\"@graph\":[{\"@type\":\"WebPage\",\"@id\":\"https:\/\/www.ilfrantoiosaporito.it\/es\/producto\/aceite-de-oliva-virgen-extra-100-italiano-campana-de-aceite-de-nectarina-2021-2022-solo-carboncella\/\",\"url\":\"https:\/\/www.ilfrantoiosaporito.it\/es\/producto\/aceite-de-oliva-virgen-extra-100-italiano-campana-de-aceite-de-nectarina-2021-2022-solo-carboncella\/\",\"name\":\"Aceite de Oliva Virgen Extra 100% Puro y Natural - Il Nettarino\",\"isPartOf\":{\"@id\":\"https:\/\/www.ilfrantoiosaporito.it\/es\/#website\"},\"primaryImageOfPage\":{\"@id\":\"https:\/\/www.ilfrantoiosaporito.it\/es\/producto\/aceite-de-oliva-virgen-extra-100-italiano-campana-de-aceite-de-nectarina-2021-2022-solo-carboncella\/#primaryimage\"},\"image\":{\"@id\":\"https:\/\/www.ilfrantoiosaporito.it\/es\/producto\/aceite-de-oliva-virgen-extra-100-italiano-campana-de-aceite-de-nectarina-2021-2022-solo-carboncella\/#primaryimage\"},\"thumbnailUrl\":\"https:\/\/www.ilfrantoiosaporito.it\/wp-content\/uploads\/2021\/11\/Premium-Netterino.jpg\",\"datePublished\":\"2021-11-12T19:32:02+00:00\",\"dateModified\":\"2024-06-30T12:02:42+00:00\",\"description\":\"El Aceite de Oliva Virgen Extra 100% Italiano 2021-2022 es un aceite de oliva virgen extra \u00fanico y de edici\u00f3n limitada.\",\"breadcrumb\":{\"@id\":\"https:\/\/www.ilfrantoiosaporito.it\/es\/producto\/aceite-de-oliva-virgen-extra-100-italiano-campana-de-aceite-de-nectarina-2021-2022-solo-carboncella\/#breadcrumb\"},\"inLanguage\":\"es\",\"potentialAction\":[{\"@type\":\"ReadAction\",\"target\":[\"https:\/\/www.ilfrantoiosaporito.it\/es\/producto\/aceite-de-oliva-virgen-extra-100-italiano-campana-de-aceite-de-nectarina-2021-2022-solo-carboncella\/\"]}]},{\"@type\":\"ImageObject\",\"inLanguage\":\"es\",\"@id\":\"https:\/\/www.ilfrantoiosaporito.it\/es\/producto\/aceite-de-oliva-virgen-extra-100-italiano-campana-de-aceite-de-nectarina-2021-2022-solo-carboncella\/#primaryimage\",\"url\":\"https:\/\/www.ilfrantoiosaporito.it\/wp-content\/uploads\/2021\/11\/Premium-Netterino.jpg\",\"contentUrl\":\"https:\/\/www.ilfrantoiosaporito.it\/wp-content\/uploads\/2021\/11\/Premium-Netterino.jpg\",\"width\":1200,\"height\":1200},{\"@type\":\"BreadcrumbList\",\"@id\":\"https:\/\/www.ilfrantoiosaporito.it\/es\/producto\/aceite-de-oliva-virgen-extra-100-italiano-campana-de-aceite-de-nectarina-2021-2022-solo-carboncella\/#breadcrumb\",\"itemListElement\":[{\"@type\":\"ListItem\",\"position\":1,\"name\":\"Home\",\"item\":\"https:\/\/www.ilfrantoiosaporito.it\/es\/\"},{\"@type\":\"ListItem\",\"position\":2,\"name\":\"Tienda\",\"item\":\"https:\/\/www.ilfrantoiosaporito.it\/es\/tienda\/\"},{\"@type\":\"ListItem\",\"position\":3,\"name\":\"Aceite de Oliva Virgen Extra 100% Italiano Campa\u00f1a de Aceite de Nectarina 2021-2022 solo carboncella\"}]},{\"@type\":\"WebSite\",\"@id\":\"https:\/\/www.ilfrantoiosaporito.it\/es\/#website\",\"url\":\"https:\/\/www.ilfrantoiosaporito.it\/es\/\",\"name\":\"Azienda agricola Saporito l&#039;olio extravergine di oliva\",\"description\":\"Azienda Agricola Saporito In Sabina l&#039;olivo \u00e8 coltivato da millenni \",\"potentialAction\":[{\"@type\":\"SearchAction\",\"target\":{\"@type\":\"EntryPoint\",\"urlTemplate\":\"https:\/\/www.ilfrantoiosaporito.it\/es\/?s={search_term_string}\"},\"query-input\":{\"@type\":\"PropertyValueSpecification\",\"valueRequired\":true,\"valueName\":\"search_term_string\"}}],\"inLanguage\":\"es\"}]}<\/script>\n<!-- \/ Yoast SEO plugin. -->","yoast_head_json":{"title":"Aceite de Oliva Virgen Extra 100% Puro y Natural - Il Nettarino","description":"El Aceite de Oliva Virgen Extra 100% Italiano 2021-2022 es un aceite de oliva virgen extra \u00fanico y de edici\u00f3n limitada.","robots":{"index":"index","follow":"follow","max-snippet":"max-snippet:-1","max-image-preview":"max-image-preview:large","max-video-preview":"max-video-preview:-1"},"canonical":"https:\/\/www.ilfrantoiosaporito.it\/es\/producto\/aceite-de-oliva-virgen-extra-100-italiano-campana-de-aceite-de-nectarina-2021-2022-solo-carboncella\/","og_locale":"es_ES","og_type":"article","og_title":"Aceite de Oliva Virgen Extra 100% Puro y Natural - Il Nettarino","og_description":"El Aceite de Oliva Virgen Extra 100% Italiano 2021-2022 es un aceite de oliva virgen extra \u00fanico y de edici\u00f3n limitada.","og_url":"https:\/\/www.ilfrantoiosaporito.it\/es\/producto\/aceite-de-oliva-virgen-extra-100-italiano-campana-de-aceite-de-nectarina-2021-2022-solo-carboncella\/","og_site_name":"Azienda agricola Saporito l&#039;olio extravergine di oliva","article_modified_time":"2024-06-30T12:02:42+00:00","og_image":[{"width":1000,"height":1000,"url":"https:\/\/www.ilfrantoiosaporito.it\/wp-content\/uploads\/2021\/11\/Carboncella-3.jpg","type":"image\/jpeg"}],"twitter_card":"summary_large_image","twitter_misc":{"Tiempo de lectura":"1 minuto"},"schema":{"@context":"https:\/\/schema.org","@graph":[{"@type":"WebPage","@id":"https:\/\/www.ilfrantoiosaporito.it\/es\/producto\/aceite-de-oliva-virgen-extra-100-italiano-campana-de-aceite-de-nectarina-2021-2022-solo-carboncella\/","url":"https:\/\/www.ilfrantoiosaporito.it\/es\/producto\/aceite-de-oliva-virgen-extra-100-italiano-campana-de-aceite-de-nectarina-2021-2022-solo-carboncella\/","name":"Aceite de Oliva Virgen Extra 100% Puro y Natural - Il Nettarino","isPartOf":{"@id":"https:\/\/www.ilfrantoiosaporito.it\/es\/#website"},"primaryImageOfPage":{"@id":"https:\/\/www.ilfrantoiosaporito.it\/es\/producto\/aceite-de-oliva-virgen-extra-100-italiano-campana-de-aceite-de-nectarina-2021-2022-solo-carboncella\/#primaryimage"},"image":{"@id":"https:\/\/www.ilfrantoiosaporito.it\/es\/producto\/aceite-de-oliva-virgen-extra-100-italiano-campana-de-aceite-de-nectarina-2021-2022-solo-carboncella\/#primaryimage"},"thumbnailUrl":"https:\/\/www.ilfrantoiosaporito.it\/wp-content\/uploads\/2021\/11\/Premium-Netterino.jpg","datePublished":"2021-11-12T19:32:02+00:00","dateModified":"2024-06-30T12:02:42+00:00","description":"El Aceite de Oliva Virgen Extra 100% Italiano 2021-2022 es un aceite de oliva virgen extra \u00fanico y de edici\u00f3n limitada.","breadcrumb":{"@id":"https:\/\/www.ilfrantoiosaporito.it\/es\/producto\/aceite-de-oliva-virgen-extra-100-italiano-campana-de-aceite-de-nectarina-2021-2022-solo-carboncella\/#breadcrumb"},"inLanguage":"es","potentialAction":[{"@type":"ReadAction","target":["https:\/\/www.ilfrantoiosaporito.it\/es\/producto\/aceite-de-oliva-virgen-extra-100-italiano-campana-de-aceite-de-nectarina-2021-2022-solo-carboncella\/"]}]},{"@type":"ImageObject","inLanguage":"es","@id":"https:\/\/www.ilfrantoiosaporito.it\/es\/producto\/aceite-de-oliva-virgen-extra-100-italiano-campana-de-aceite-de-nectarina-2021-2022-solo-carboncella\/#primaryimage","url":"https:\/\/www.ilfrantoiosaporito.it\/wp-content\/uploads\/2021\/11\/Premium-Netterino.jpg","contentUrl":"https:\/\/www.ilfrantoiosaporito.it\/wp-content\/uploads\/2021\/11\/Premium-Netterino.jpg","width":1200,"height":1200},{"@type":"BreadcrumbList","@id":"https:\/\/www.ilfrantoiosaporito.it\/es\/producto\/aceite-de-oliva-virgen-extra-100-italiano-campana-de-aceite-de-nectarina-2021-2022-solo-carboncella\/#breadcrumb","itemListElement":[{"@type":"ListItem","position":1,"name":"Home","item":"https:\/\/www.ilfrantoiosaporito.it\/es\/"},{"@type":"ListItem","position":2,"name":"Tienda","item":"https:\/\/www.ilfrantoiosaporito.it\/es\/tienda\/"},{"@type":"ListItem","position":3,"name":"Aceite de Oliva Virgen Extra 100% Italiano Campa\u00f1a de Aceite de Nectarina 2021-2022 solo carboncella"}]},{"@type":"WebSite","@id":"https:\/\/www.ilfrantoiosaporito.it\/es\/#website","url":"https:\/\/www.ilfrantoiosaporito.it\/es\/","name":"Azienda agricola Saporito l&#039;olio extravergine di oliva","description":"Azienda Agricola Saporito In Sabina l&#039;olivo \u00e8 coltivato da millenni ","potentialAction":[{"@type":"SearchAction","target":{"@type":"EntryPoint","urlTemplate":"https:\/\/www.ilfrantoiosaporito.it\/es\/?s={search_term_string}"},"query-input":{"@type":"PropertyValueSpecification","valueRequired":true,"valueName":"search_term_string"}}],"inLanguage":"es"}]}},"_links":{"self":[{"href":"https:\/\/www.ilfrantoiosaporito.it\/es\/wp-json\/wp\/v2\/product\/260181","targetHints":{"allow":["GET"]}}],"collection":[{"href":"https:\/\/www.ilfrantoiosaporito.it\/es\/wp-json\/wp\/v2\/product"}],"about":[{"href":"https:\/\/www.ilfrantoiosaporito.it\/es\/wp-json\/wp\/v2\/types\/product"}],"replies":[{"embeddable":true,"href":"https:\/\/www.ilfrantoiosaporito.it\/es\/wp-json\/wp\/v2\/comments?post=260181"}],"wp:featuredmedia":[{"embeddable":true,"href":"https:\/\/www.ilfrantoiosaporito.it\/es\/wp-json\/wp\/v2\/media\/261913"}],"wp:attachment":[{"href":"https:\/\/www.ilfrantoiosaporito.it\/es\/wp-json\/wp\/v2\/media?parent=260181"}],"wp:term":[{"taxonomy":"product_brand","embeddable":true,"href":"https:\/\/www.ilfrantoiosaporito.it\/es\/wp-json\/wp\/v2\/product_brand?post=260181"},{"taxonomy":"product_cat","embeddable":true,"href":"https:\/\/www.ilfrantoiosaporito.it\/es\/wp-json\/wp\/v2\/product_cat?post=260181"},{"taxonomy":"product_tag","embeddable":true,"href":"https:\/\/www.ilfrantoiosaporito.it\/es\/wp-json\/wp\/v2\/product_tag?post=260181"}],"curies":[{"name":"wp","href":"https:\/\/api.w.org\/{rel}","templated":true}]}}