{"id":260556,"date":"2021-04-14T20:41:21","date_gmt":"2021-04-14T20:41:21","guid":{"rendered":"https:\/\/www.ilfrantoiosaporito.it\/quienes-somos\/"},"modified":"2025-02-23T18:21:48","modified_gmt":"2025-02-23T18:21:48","slug":"quienes-somos","status":"publish","type":"page","link":"https:\/\/www.ilfrantoiosaporito.it\/es\/quienes-somos\/","title":{"rendered":"QUIENES SOMOS"},"content":{"rendered":"<p>[et_pb_section fb_built=\u00bb1&#8243; _builder_version=\u00bb4.16&#8243; _module_preset=\u00bbdefault\u00bb top_divider_style=\u00bbwave2&#8243; top_divider_color=\u00bb#ccd99c\u00bb top_divider_height=\u00bb30px\u00bb global_colors_info=\u00bb{}\u00bb locked=\u00bboff\u00bb][et_pb_row column_structure=\u00bb1_2,1_2&#8243; use_custom_gutter=\u00bbon\u00bb gutter_width=\u00bb1&#8243; _builder_version=\u00bb4.16&#8243; _module_preset=\u00bbdefault\u00bb custom_margin=\u00bb0px||0px||false|false\u00bb custom_padding=\u00bb0px||0px||false|false\u00bb global_colors_info=\u00bb{}\u00bb][et_pb_column type=\u00bb1_2&#8243; _builder_version=\u00bb4.16&#8243; _module_preset=\u00bbdefault\u00bb global_colors_info=\u00bb{}\u00bb][et_pb_text _builder_version=\u00bb4.27.4&#8243; _module_preset=\u00bbdefault\u00bb custom_margin=\u00bb||||false|false\u00bb custom_margin_tablet=\u00bb||||false|false\u00bb custom_margin_phone=\u00bb||||false|false\u00bb custom_margin_last_edited=\u00bbon|phone\u00bb custom_padding=\u00bb|0px||0px|false|false\u00bb hover_enabled=\u00bb0&#8243; global_colors_info=\u00bb{}\u00bb sticky_enabled=\u00bb0&#8243;]<\/p>\n<h1>QUI\u00c9NES SOMOS &#8211; UNA TRADICI\u00d3N DESDE 1890<\/h1>\n<p>La Empresa Agr\u00edcola <strong>Saporito Rosario<\/strong>, ubicada en el coraz\u00f3n de Sabina, mantiene vivas las tradiciones familiares desde 1890, cuando el abuelo cultivaba los olivos para obtener el preciado Aceite de <strong>Oliva Virgen Extra<\/strong>, conocido como el verdadero \u00aboro verde\u00bb de la mesa. Rosario creci\u00f3 entre los olivares y la almazara familiar, en el pintoresco pueblo de Castelnuovo di Farfa, donde desde ni\u00f1o exploraba los terrenos y respiraba el aut\u00e9ntico aroma del <strong>AOVE<\/strong>. A\u00f1o tras a\u00f1o, aprendi\u00f3 los secretos del arte olivarero, dedic\u00e1ndose con pasi\u00f3n a cada fase del proceso productivo. Tras una larga experiencia dirigiendo la empresa familiar, Rosario, fascinado por la Ciudad Eterna, decidi\u00f3 en 2005 invertir en los exuberantes campos romanos. Aqu\u00ed, entre las suaves colinas de Sabina, despu\u00e9s de Fara Sabina, encontr\u00f3 su territorio de adopci\u00f3n, adquiriendo los primeros olivares y continuando su misi\u00f3n de producir un Aceite de<strong> Oliva Virgen Extra<\/strong> de alta calidad.<\/p>\n<p>[\/et_pb_text][\/et_pb_column][et_pb_column type=\u00bb1_2&#8243; _builder_version=\u00bb4.16&#8243; _module_preset=\u00bbdefault\u00bb global_colors_info=\u00bb{}\u00bb][et_pb_image src=\u00bbhttps:\/\/www.ilfrantoiosaporito.it\/wp-content\/uploads\/2021\/04\/Giacca-___.jpg\u00bb title_text=\u00bbGiacca-___\u00bb _builder_version=\u00bb4.16&#8243; _module_preset=\u00bbdefault\u00bb global_colors_info=\u00bb{}\u00bb][\/et_pb_image][\/et_pb_column][\/et_pb_row][et_pb_row use_custom_gutter=\u00bbon\u00bb gutter_width=\u00bb1&#8243; _builder_version=\u00bb4.27.4&#8243; _module_preset=\u00bbdefault\u00bb custom_margin=\u00bb||||false|false\u00bb custom_padding=\u00bb||||false|false\u00bb global_colors_info=\u00bb{}\u00bb][et_pb_column type=\u00bb4_4&#8243; _builder_version=\u00bb4.16&#8243; _module_preset=\u00bbdefault\u00bb global_colors_info=\u00bb{}\u00bb][et_pb_text _builder_version=\u00bb4.27.4&#8243; _module_preset=\u00bbdefault\u00bb custom_margin=\u00bb||||false|false\u00bb custom_margin_tablet=\u00bb||||false|false\u00bb custom_margin_phone=\u00bb||||false|false\u00bb custom_margin_last_edited=\u00bbon|phone\u00bb custom_padding=\u00bb|0px||0px|false|false\u00bb hover_enabled=\u00bb0&#8243; global_colors_info=\u00bb{}\u00bb sticky_enabled=\u00bb0&#8243;]<\/p>\n<p><strong>En 2010<\/strong>, gracias a su determinaci\u00f3n y deseo de innovar, naci\u00f3 la Almazara Saporito, una excelencia que une tecnolog\u00eda moderna y antiguas tradiciones, representando el orgullo de un legado centenario. Hoy, la producci\u00f3n de nuestro Aceite de Oliva Virgen Extra Ecol\u00f3gico proviene de los olivares situados en los municipios de Montopoli di Sabina, <strong>Castelnuovo di Farfa<\/strong>, <strong>Toffia<\/strong> y <strong>Poggio Nativo<\/strong>, garantizando un producto 100% italiano y genuino.<br \/>El respeto por la tierra es la base de nuestra filosof\u00eda: continuamos convirtiendo los cultivos tradicionales en cultivos ecol\u00f3gicos, llevando a sus mesas un <strong>AOVE<\/strong> ecol\u00f3gico de calidad superior. <strong>La Familia Saporito<\/strong> les espera en nuestra almazara, situada justo frente a la hist\u00f3rica Abad\u00eda de <strong>Castelnuovo di Farfa<\/strong>, para hacerles vivir una experiencia aut\u00e9ntica. Vengan a descubrir una de las mejores almazaras de Sabina, donde tradici\u00f3n e innovaci\u00f3n se encuentran para ofrecerles un aceite de oliva virgen extra \u00fanico en su g\u00e9nero.<\/p>\n<p>[\/et_pb_text][et_pb_button button_url=\u00bbhttps:\/\/www.ilfrantoiosaporito.it\/una-tradizione-di-famiglia-dal-1890\/\u00bb button_text=\u00bbUNA TRADICI\u00d3N DESDE 1890&#8243; _builder_version=\u00bb4.16&#8243; _module_preset=\u00bbdefault\u00bb global_colors_info=\u00bb{}\u00bb][\/et_pb_button][\/et_pb_column][\/et_pb_row][\/et_pb_section]<\/p>\n","protected":false},"excerpt":{"rendered":"<p>QUI\u00c9NES SOMOS &#8211; UNA TRADICI\u00d3N DESDE 1890 La Empresa Agr\u00edcola Saporito Rosario, ubicada en el coraz\u00f3n de Sabina, mantiene vivas las tradiciones familiares desde 1890, cuando el abuelo cultivaba los olivos para obtener el preciado Aceite de Oliva Virgen Extra, conocido como el verdadero \u00aboro verde\u00bb de la mesa. Rosario creci\u00f3 entre los olivares y [&hellip;]<\/p>\n","protected":false},"author":1,"featured_media":0,"parent":0,"menu_order":0,"comment_status":"closed","ping_status":"closed","template":"","meta":{"_et_pb_use_builder":"on","_et_pb_old_content":"","_et_gb_content_width":"","cybocfi_hide_featured_image":"","footnotes":""},"class_list":["post-260556","page","type-page","status-publish","hentry"],"yoast_head":"<!-- This site is optimized with the Yoast SEO plugin v27.2 - https:\/\/yoast.com\/product\/yoast-seo-wordpress\/ -->\n<title>La granja Saporito Rosario en Castelnuovo di farfa Italia<\/title>\n<meta name=\"description\" content=\"La Finca Saporito Rosario con TRADICI\u00d3N FAMILIAR DESDE 1890 se dedica al cultivo del olivo, obteniendo el oro verde de la mesa\" \/>\n<meta name=\"robots\" content=\"index, follow, max-snippet:-1, max-image-preview:large, max-video-preview:-1\" \/>\n<link rel=\"canonical\" href=\"https:\/\/www.ilfrantoiosaporito.it\/es\/quienes-somos\/\" \/>\n<meta property=\"og:locale\" content=\"es_ES\" \/>\n<meta property=\"og:type\" content=\"article\" \/>\n<meta property=\"og:title\" content=\"La granja Saporito Rosario en Castelnuovo di farfa Italia\" \/>\n<meta property=\"og:description\" content=\"La Finca Saporito Rosario con TRADICI\u00d3N FAMILIAR DESDE 1890 se dedica al cultivo del olivo, obteniendo el oro verde de la mesa\" \/>\n<meta property=\"og:url\" content=\"https:\/\/www.ilfrantoiosaporito.it\/es\/quienes-somos\/\" \/>\n<meta property=\"og:site_name\" content=\"Azienda agricola Saporito l&#039;olio extravergine di oliva\" \/>\n<meta property=\"article:modified_time\" content=\"2025-02-23T18:21:48+00:00\" \/>\n<meta name=\"twitter:card\" content=\"summary_large_image\" \/>\n<meta name=\"twitter:label1\" content=\"Tiempo de lectura\" \/>\n\t<meta name=\"twitter:data1\" content=\"3 minutos\" \/>\n<script type=\"application\/ld+json\" class=\"yoast-schema-graph\">{\"@context\":\"https:\/\/schema.org\",\"@graph\":[{\"@type\":\"WebPage\",\"@id\":\"https:\/\/www.ilfrantoiosaporito.it\/es\/quienes-somos\/\",\"url\":\"https:\/\/www.ilfrantoiosaporito.it\/es\/quienes-somos\/\",\"name\":\"La granja Saporito Rosario en Castelnuovo di farfa Italia\",\"isPartOf\":{\"@id\":\"https:\/\/www.ilfrantoiosaporito.it\/es\/#website\"},\"datePublished\":\"2021-04-14T20:41:21+00:00\",\"dateModified\":\"2025-02-23T18:21:48+00:00\",\"description\":\"La Finca Saporito Rosario con TRADICI\u00d3N FAMILIAR DESDE 1890 se dedica al cultivo del olivo, obteniendo el oro verde de la mesa\",\"breadcrumb\":{\"@id\":\"https:\/\/www.ilfrantoiosaporito.it\/es\/quienes-somos\/#breadcrumb\"},\"inLanguage\":\"es\",\"potentialAction\":[{\"@type\":\"ReadAction\",\"target\":[\"https:\/\/www.ilfrantoiosaporito.it\/es\/quienes-somos\/\"]}]},{\"@type\":\"BreadcrumbList\",\"@id\":\"https:\/\/www.ilfrantoiosaporito.it\/es\/quienes-somos\/#breadcrumb\",\"itemListElement\":[{\"@type\":\"ListItem\",\"position\":1,\"name\":\"Home\",\"item\":\"https:\/\/www.ilfrantoiosaporito.it\/es\/\"},{\"@type\":\"ListItem\",\"position\":2,\"name\":\"QUIENES SOMOS\"}]},{\"@type\":\"WebSite\",\"@id\":\"https:\/\/www.ilfrantoiosaporito.it\/es\/#website\",\"url\":\"https:\/\/www.ilfrantoiosaporito.it\/es\/\",\"name\":\"Azienda agricola Saporito l&#039;olio extravergine di oliva\",\"description\":\"Azienda Agricola Saporito In Sabina l&#039;olivo \u00e8 coltivato da millenni \",\"potentialAction\":[{\"@type\":\"SearchAction\",\"target\":{\"@type\":\"EntryPoint\",\"urlTemplate\":\"https:\/\/www.ilfrantoiosaporito.it\/es\/?s={search_term_string}\"},\"query-input\":{\"@type\":\"PropertyValueSpecification\",\"valueRequired\":true,\"valueName\":\"search_term_string\"}}],\"inLanguage\":\"es\"}]}<\/script>\n<!-- \/ Yoast SEO plugin. -->","yoast_head_json":{"title":"La granja Saporito Rosario en Castelnuovo di farfa Italia","description":"La Finca Saporito Rosario con TRADICI\u00d3N FAMILIAR DESDE 1890 se dedica al cultivo del olivo, obteniendo el oro verde de la mesa","robots":{"index":"index","follow":"follow","max-snippet":"max-snippet:-1","max-image-preview":"max-image-preview:large","max-video-preview":"max-video-preview:-1"},"canonical":"https:\/\/www.ilfrantoiosaporito.it\/es\/quienes-somos\/","og_locale":"es_ES","og_type":"article","og_title":"La granja Saporito Rosario en Castelnuovo di farfa Italia","og_description":"La Finca Saporito Rosario con TRADICI\u00d3N FAMILIAR DESDE 1890 se dedica al cultivo del olivo, obteniendo el oro verde de la mesa","og_url":"https:\/\/www.ilfrantoiosaporito.it\/es\/quienes-somos\/","og_site_name":"Azienda agricola Saporito l&#039;olio extravergine di oliva","article_modified_time":"2025-02-23T18:21:48+00:00","twitter_card":"summary_large_image","twitter_misc":{"Tiempo de lectura":"3 minutos"},"schema":{"@context":"https:\/\/schema.org","@graph":[{"@type":"WebPage","@id":"https:\/\/www.ilfrantoiosaporito.it\/es\/quienes-somos\/","url":"https:\/\/www.ilfrantoiosaporito.it\/es\/quienes-somos\/","name":"La granja Saporito Rosario en Castelnuovo di farfa Italia","isPartOf":{"@id":"https:\/\/www.ilfrantoiosaporito.it\/es\/#website"},"datePublished":"2021-04-14T20:41:21+00:00","dateModified":"2025-02-23T18:21:48+00:00","description":"La Finca Saporito Rosario con TRADICI\u00d3N FAMILIAR DESDE 1890 se dedica al cultivo del olivo, obteniendo el oro verde de la mesa","breadcrumb":{"@id":"https:\/\/www.ilfrantoiosaporito.it\/es\/quienes-somos\/#breadcrumb"},"inLanguage":"es","potentialAction":[{"@type":"ReadAction","target":["https:\/\/www.ilfrantoiosaporito.it\/es\/quienes-somos\/"]}]},{"@type":"BreadcrumbList","@id":"https:\/\/www.ilfrantoiosaporito.it\/es\/quienes-somos\/#breadcrumb","itemListElement":[{"@type":"ListItem","position":1,"name":"Home","item":"https:\/\/www.ilfrantoiosaporito.it\/es\/"},{"@type":"ListItem","position":2,"name":"QUIENES SOMOS"}]},{"@type":"WebSite","@id":"https:\/\/www.ilfrantoiosaporito.it\/es\/#website","url":"https:\/\/www.ilfrantoiosaporito.it\/es\/","name":"Azienda agricola Saporito l&#039;olio extravergine di oliva","description":"Azienda Agricola Saporito In Sabina l&#039;olivo \u00e8 coltivato da millenni ","potentialAction":[{"@type":"SearchAction","target":{"@type":"EntryPoint","urlTemplate":"https:\/\/www.ilfrantoiosaporito.it\/es\/?s={search_term_string}"},"query-input":{"@type":"PropertyValueSpecification","valueRequired":true,"valueName":"search_term_string"}}],"inLanguage":"es"}]}},"_links":{"self":[{"href":"https:\/\/www.ilfrantoiosaporito.it\/es\/wp-json\/wp\/v2\/pages\/260556","targetHints":{"allow":["GET"]}}],"collection":[{"href":"https:\/\/www.ilfrantoiosaporito.it\/es\/wp-json\/wp\/v2\/pages"}],"about":[{"href":"https:\/\/www.ilfrantoiosaporito.it\/es\/wp-json\/wp\/v2\/types\/page"}],"author":[{"embeddable":true,"href":"https:\/\/www.ilfrantoiosaporito.it\/es\/wp-json\/wp\/v2\/users\/1"}],"replies":[{"embeddable":true,"href":"https:\/\/www.ilfrantoiosaporito.it\/es\/wp-json\/wp\/v2\/comments?post=260556"}],"version-history":[{"count":4,"href":"https:\/\/www.ilfrantoiosaporito.it\/es\/wp-json\/wp\/v2\/pages\/260556\/revisions"}],"predecessor-version":[{"id":263385,"href":"https:\/\/www.ilfrantoiosaporito.it\/es\/wp-json\/wp\/v2\/pages\/260556\/revisions\/263385"}],"wp:attachment":[{"href":"https:\/\/www.ilfrantoiosaporito.it\/es\/wp-json\/wp\/v2\/media?parent=260556"}],"curies":[{"name":"wp","href":"https:\/\/api.w.org\/{rel}","templated":true}]}}