{"id":260379,"date":"2021-04-07T20:57:53","date_gmt":"2021-04-07T20:57:53","guid":{"rendered":"https:\/\/www.ilfrantoiosaporito.it\/productos-a-base-de-aceite-ecologico-virgen-extra\/"},"modified":"2023-03-27T07:53:15","modified_gmt":"2023-03-27T07:53:15","slug":"productos-a-base-de-aceite-ecologico-virgen-extra","status":"publish","type":"page","link":"https:\/\/www.ilfrantoiosaporito.it\/es\/productos-a-base-de-aceite-ecologico-virgen-extra\/","title":{"rendered":"Productos a base de Aceite Ecol\u00f3gico Virgen Extra"},"content":{"rendered":"<p>[et_pb_section fb_built=\u00bb1&#8243; _builder_version=\u00bb4.16&#8243; _module_preset=\u00bbdefault\u00bb background_enable_image=\u00bboff\u00bb background_size=\u00bbinitial\u00bb background_position=\u00bbtop_left\u00bb custom_padding=\u00bb22px||7px|||\u00bb top_divider_style=\u00bbwave2&#8243; top_divider_color=\u00bb#006400&#8243; top_divider_height=\u00bb20px\u00bb global_colors_info=\u00bb{}\u00bb][et_pb_row disabled_on=\u00bbon|off|off\u00bb _builder_version=\u00bb4.16&#8243; _module_preset=\u00bbdefault\u00bb global_colors_info=\u00bb{}\u00bb][et_pb_column type=\u00bb4_4&#8243; _builder_version=\u00bb4.16&#8243; _module_preset=\u00bbdefault\u00bb global_colors_info=\u00bb{}\u00bb][et_pb_text _builder_version=\u00bb4.16&#8243; _module_preset=\u00bbdefault\u00bb text_font=\u00bb|||on|||||\u00bb text_text_color=\u00bb#FFFFFF\u00bb text_font_size=\u00bb16px\u00bb header_font_size=\u00bb20px\u00bb header_3_font_size=\u00bb27px\u00bb background_enable_color=\u00bboff\u00bb text_font_size_tablet=\u00bb\u00bb text_font_size_phone=\u00bb14px\u00bb text_font_size_last_edited=\u00bbon|phone\u00bb global_colors_info=\u00bb{}\u00bb]<\/p>\n<h1 align=\"LEFT\">La delicadeza de nuestro reconocido aceite de oliva virgen extra ha sido premiada por expertos del sector<\/h1>\n<p>[\/et_pb_text][\/et_pb_column][\/et_pb_row][et_pb_row disabled_on=\u00bbon|off|off\u00bb _builder_version=\u00bb4.16&#8243; _module_preset=\u00bbdefault\u00bb global_colors_info=\u00bb{}\u00bb][et_pb_column type=\u00bb4_4&#8243; _builder_version=\u00bb4.16&#8243; _module_preset=\u00bbdefault\u00bb global_colors_info=\u00bb{}\u00bb][et_pb_text _builder_version=\u00bb4.16&#8243; _module_preset=\u00bbdefault\u00bb text_font=\u00bb|||on|||||\u00bb text_text_color=\u00bb#FFFFFF\u00bb text_font_size=\u00bb16px\u00bb header_3_font_size=\u00bb27px\u00bb background_color=\u00bb#5B8500&#8243; text_font_size_tablet=\u00bb\u00bb text_font_size_phone=\u00bb14px\u00bb text_font_size_last_edited=\u00bbon|phone\u00bb border_radii=\u00bbon|20px|20px|20px|20px\u00bb global_colors_info=\u00bb{}\u00bb]<\/p>\n<p style=\"text-align: center;\">Compre nuestros productos certificados en l\u00ednea y los recibir\u00e1 directamente en su casa en toda Italia<\/p>\n<p>[\/et_pb_text][\/et_pb_column][\/et_pb_row][\/et_pb_section][et_pb_section fb_built=\u00bb1&#8243; _builder_version=\u00bb4.16&#8243; _module_preset=\u00bbdefault\u00bb background_color=\u00bbRGBA(0,0,0,0)\u00bb custom_padding=\u00bb7px||12px|||\u00bb top_divider_style=\u00bbwave2&#8243; top_divider_color=\u00bb#FFFFFF\u00bb top_divider_height=\u00bb30px\u00bb top_divider_height_tablet=\u00bb30px\u00bb top_divider_height_phone=\u00bb15px\u00bb top_divider_height_last_edited=\u00bbon|phone\u00bb bottom_divider_style=\u00bbwave2&#8243; bottom_divider_color=\u00bb#FFFFFF\u00bb bottom_divider_height=\u00bb30px\u00bb bottom_divider_height_tablet=\u00bb30px\u00bb bottom_divider_height_phone=\u00bb15px\u00bb bottom_divider_height_last_edited=\u00bbon|phone\u00bb locked=\u00bboff\u00bb global_colors_info=\u00bb{}\u00bb][et_pb_row disabled_on=\u00bbon|off|off\u00bb _builder_version=\u00bb4.16&#8243; _module_preset=\u00bbdefault\u00bb max_width=\u00bb1107px\u00bb custom_padding=\u00bb||3px|||\u00bb locked=\u00bboff\u00bb global_colors_info=\u00bb{}\u00bb][et_pb_column type=\u00bb4_4&#8243; _builder_version=\u00bb4.16&#8243; _module_preset=\u00bbdefault\u00bb global_colors_info=\u00bb{}\u00bb][et_pb_text content_tablet=\u00bb\u00bb content_phone=\u00bb\u00bb content_last_edited=\u00bbon|phone\u00bb _builder_version=\u00bb4.16&#8243; _module_preset=\u00bbdefault\u00bb header_font_size=\u00bb18px\u00bb header_2_font_size=\u00bb18px\u00bb header_font_size_tablet=\u00bb\u00bb header_font_size_phone=\u00bb14px\u00bb header_font_size_last_edited=\u00bbon|phone\u00bb global_colors_info=\u00bb{}\u00bb]<\/p>\n<h2 style=\"text-align: center;\">De la producci\u00f3n a la venta nuestros productos a base de aceite de oliva virgen extra<\/h2>\n<p>[\/et_pb_text][\/et_pb_column][\/et_pb_row][et_pb_row _builder_version=\u00bb4.16&#8243; _module_preset=\u00bbdefault\u00bb custom_padding=\u00bb4px||6px|||\u00bb sticky_position=\u00bbtop\u00bb global_colors_info=\u00bb{}\u00bb][et_pb_column type=\u00bb4_4&#8243; _builder_version=\u00bb4.16&#8243; _module_preset=\u00bbdefault\u00bb global_colors_info=\u00bb{}\u00bb][et_pb_menu menu_id=\u00bb50&#8243; menu_style=\u00bbcentered\u00bb submenu_direction=\u00bbdownwards\u00bb active_link_color=\u00bb#FFFFFF\u00bb show_cart_icon=\u00bbon\u00bb cart_icon_color=\u00bb#FFFFFF\u00bb search_icon_color=\u00bb#FFFFFF\u00bb menu_icon_color=\u00bb#FFFFFF\u00bb _builder_version=\u00bb4.16&#8243; _module_preset=\u00bbdefault\u00bb menu_text_color=\u00bb#FFFFFF\u00bb background_color=\u00bb#006400&#8243; background_layout=\u00bbdark\u00bb menu_font_size_tablet=\u00bb\u00bb menu_font_size_phone=\u00bb10px\u00bb menu_font_size_last_edited=\u00bbon|phone\u00bb global_colors_info=\u00bb{}\u00bb][\/et_pb_menu][\/et_pb_column][\/et_pb_row][\/et_pb_section][et_pb_section fb_built=\u00bb1&#8243; _builder_version=\u00bb4.16&#8243; _module_preset=\u00bbdefault\u00bb background_color_gradient_direction=\u00bb90deg\u00bb custom_padding=\u00bb10px||5px|||\u00bb top_divider_color=\u00bb#386440&#8243; top_divider_height=\u00bb15px\u00bb top_divider_height_tablet=\u00bb15px\u00bb top_divider_height_phone=\u00bb10px\u00bb top_divider_height_last_edited=\u00bbon|phone\u00bb locked=\u00bboff\u00bb global_colors_info=\u00bb{}\u00bb][et_pb_row module_id=\u00bbolio\u00bb _builder_version=\u00bb4.16&#8243; _module_preset=\u00bbdefault\u00bb custom_margin=\u00bb0px||0px||false|false\u00bb custom_padding=\u00bb0px||0px||false|false\u00bb global_colors_info=\u00bb{}\u00bb][et_pb_column type=\u00bb4_4&#8243; _builder_version=\u00bb4.16&#8243; _module_preset=\u00bbdefault\u00bb global_colors_info=\u00bb{}\u00bb][et_pb_text admin_label=\u00bbOLIO EXTRAVERGINE DI OLIVA\u00bb _builder_version=\u00bb4.16&#8243; _module_preset=\u00bbdefault\u00bb header_3_text_align=\u00bbcenter\u00bb background_color=\u00bbRGBA(0,0,0,0)\u00bb header_3_font_size_tablet=\u00bb\u00bb header_3_font_size_phone=\u00bb12px\u00bb header_3_font_size_last_edited=\u00bbon|phone\u00bb border_color_top=\u00bb#4F641A\u00bb border_width_bottom=\u00bb6px\u00bb border_color_bottom=\u00bb#E02B20&#8243; global_colors_info=\u00bb{}\u00bb]<\/p>\n<h3>ACEITE DE OLIVA VIRGEN EXTRA<\/h3>\n<p>[\/et_pb_text][et_pb_shop type=\u00bbproduct_category\u00bb posts_number=\u00bb30&#8243; include_categories=\u00bb100&#8243; columns_number=\u00bb4&#8243; orderby=\u00bbprice\u00bb admin_label=\u00bbOlio Extra vergine \u00bb _builder_version=\u00bb4.20.2&#8243; _module_preset=\u00bbdefault\u00bb hover_enabled=\u00bb0&#8243; global_colors_info=\u00bb{}\u00bb sticky_enabled=\u00bb0&#8243;][\/et_pb_shop][\/et_pb_column][\/et_pb_row][\/et_pb_section][et_pb_section fb_built=\u00bb1&#8243; admin_label=\u00bbSezione\u00bb _builder_version=\u00bb4.16&#8243; _module_preset=\u00bbdefault\u00bb background_color_gradient_direction=\u00bb90deg\u00bb custom_padding=\u00bb10px||5px|||\u00bb top_divider_color=\u00bb#de643d\u00bb top_divider_height=\u00bb15px\u00bb top_divider_height_tablet=\u00bb15px\u00bb top_divider_height_phone=\u00bb10px\u00bb top_divider_height_last_edited=\u00bbon|phone\u00bb locked=\u00bboff\u00bb global_colors_info=\u00bb{}\u00bb][et_pb_row module_id=\u00bbaromatici\u00bb _builder_version=\u00bb4.16&#8243; _module_preset=\u00bbdefault\u00bb custom_margin=\u00bb0px||0px||false|false\u00bb custom_padding=\u00bb0px||0px||false|false\u00bb global_colors_info=\u00bb{}\u00bb][et_pb_column type=\u00bb4_4&#8243; _builder_version=\u00bb4.16&#8243; _module_preset=\u00bbdefault\u00bb global_colors_info=\u00bb{}\u00bb][et_pb_text admin_label=\u00bbOli Aromatizzati\u00bb _builder_version=\u00bb4.16&#8243; _module_preset=\u00bbdefault\u00bb header_3_text_align=\u00bbcenter\u00bb background_color=\u00bbRGBA(0,0,0,0)\u00bb header_3_font_size_tablet=\u00bb\u00bb header_3_font_size_phone=\u00bb12px\u00bb header_3_font_size_last_edited=\u00bbon|phone\u00bb border_color_top=\u00bb#E02B20&#8243; border_width_bottom=\u00bb5px\u00bb border_color_bottom=\u00bb#E02B20&#8243; global_colors_info=\u00bb{}\u00bb]<\/p>\n<h3>ACEITE DE OLIVA VIRGEN EXTRA AROMATIZADO<\/h3>\n<p>[\/et_pb_text][et_pb_shop type=\u00bbproduct_category\u00bb posts_number=\u00bb30&#8243; include_categories=\u00bb157&#8243; columns_number=\u00bb3&#8243; orderby=\u00bbprice\u00bb admin_label=\u00bbOli Aromatizzati\u00bb _builder_version=\u00bb4.16&#8243; _module_preset=\u00bbdefault\u00bb global_colors_info=\u00bb{}\u00bb][\/et_pb_shop][\/et_pb_column][\/et_pb_row][\/et_pb_section][et_pb_section fb_built=\u00bb1&#8243; _builder_version=\u00bb4.16&#8243; _module_preset=\u00bbdefault\u00bb background_color_gradient_direction=\u00bb90deg\u00bb custom_padding=\u00bb10px||5px|||\u00bb top_divider_color=\u00bb#de643d\u00bb top_divider_height=\u00bb15px\u00bb top_divider_height_tablet=\u00bb15px\u00bb top_divider_height_phone=\u00bb10px\u00bb top_divider_height_last_edited=\u00bbon|phone\u00bb locked=\u00bboff\u00bb global_colors_info=\u00bb{}\u00bb][et_pb_row module_id=\u00bbsalse\u00bb _builder_version=\u00bb4.16&#8243; _module_preset=\u00bbdefault\u00bb custom_margin=\u00bb0px||0px||false|false\u00bb custom_padding=\u00bb0px||0px||false|false\u00bb global_colors_info=\u00bb{}\u00bb][et_pb_column type=\u00bb4_4&#8243; _builder_version=\u00bb4.16&#8243; _module_preset=\u00bbdefault\u00bb global_colors_info=\u00bb{}\u00bb][et_pb_text admin_label=\u00bbSALSE SALATE\u00bb _builder_version=\u00bb4.16&#8243; _module_preset=\u00bbdefault\u00bb header_3_text_align=\u00bbcenter\u00bb background_color=\u00bbRGBA(0,0,0,0)\u00bb header_3_font_size_tablet=\u00bb\u00bb header_3_font_size_phone=\u00bb12px\u00bb header_3_font_size_last_edited=\u00bbon|phone\u00bb border_color_top=\u00bb#E02B20&#8243; border_width_bottom=\u00bb5px\u00bb border_color_bottom=\u00bb#E02B20&#8243; global_colors_info=\u00bb{}\u00bb]<\/p>\n<h3>SALSAS SALADAS<\/h3>\n<p>[\/et_pb_text][et_pb_shop type=\u00bbproduct_category\u00bb include_categories=\u00bb107&#8243; admin_label=\u00bbSALSE SALATE\u00bb _builder_version=\u00bb4.16&#8243; _module_preset=\u00bbdefault\u00bb global_colors_info=\u00bb{}\u00bb][\/et_pb_shop][\/et_pb_column][\/et_pb_row][\/et_pb_section][et_pb_section fb_built=\u00bb1&#8243; _builder_version=\u00bb4.16&#8243; _module_preset=\u00bbdefault\u00bb background_color_gradient_direction=\u00bb90deg\u00bb custom_padding=\u00bb10px||5px|||\u00bb top_divider_color=\u00bb#de643d\u00bb top_divider_height=\u00bb15px\u00bb top_divider_height_tablet=\u00bb15px\u00bb top_divider_height_phone=\u00bb10px\u00bb top_divider_height_last_edited=\u00bbon|phone\u00bb locked=\u00bboff\u00bb global_colors_info=\u00bb{}\u00bb][et_pb_row module_id=\u00bbcreme\u00bb _builder_version=\u00bb4.16&#8243; _module_preset=\u00bbdefault\u00bb custom_margin=\u00bb0px||0px||false|false\u00bb custom_padding=\u00bb0px||0px||false|false\u00bb global_colors_info=\u00bb{}\u00bb][et_pb_column type=\u00bb4_4&#8243; _builder_version=\u00bb4.16&#8243; _module_preset=\u00bbdefault\u00bb global_colors_info=\u00bb{}\u00bb][et_pb_text admin_label=\u00bbOLIO EXTRAVERGINE DI OLIVA\u00bb _builder_version=\u00bb4.16&#8243; _module_preset=\u00bbdefault\u00bb header_3_text_align=\u00bbcenter\u00bb background_color=\u00bbRGBA(0,0,0,0)\u00bb header_3_font_size_tablet=\u00bb\u00bb header_3_font_size_phone=\u00bb12px\u00bb header_3_font_size_last_edited=\u00bbon|phone\u00bb border_color_top=\u00bb#4F641A\u00bb border_width_bottom=\u00bb5px\u00bb border_color_bottom=\u00bb#E02B20&#8243; global_colors_info=\u00bb{}\u00bb]<\/p>\n<h3>SABROSAS CREMAS PARA UNTAR<\/h3>\n<p>[\/et_pb_text][et_pb_shop type=\u00bbproduct_category\u00bb include_categories=\u00bb147&#8243; admin_label=\u00bbCREME SPALMABILE\u00bb _builder_version=\u00bb4.16&#8243; _module_preset=\u00bbdefault\u00bb global_colors_info=\u00bb{}\u00bb][\/et_pb_shop][\/et_pb_column][\/et_pb_row][\/et_pb_section][et_pb_section fb_built=\u00bb1&#8243; _builder_version=\u00bb4.20.2&#8243; _module_preset=\u00bbdefault\u00bb background_color_gradient_direction=\u00bb90deg\u00bb custom_margin=\u00bb0px||0px||false|false\u00bb custom_padding=\u00bb0px||0px||false|false\u00bb top_divider_color=\u00bb#386440&#8243; top_divider_height=\u00bb15px\u00bb top_divider_height_tablet=\u00bb15px\u00bb top_divider_height_phone=\u00bb10px\u00bb top_divider_height_last_edited=\u00bbon|phone\u00bb hover_enabled=\u00bb0&#8243; locked=\u00bboff\u00bb global_colors_info=\u00bb{}\u00bb disabled_on=\u00bbon|on|on\u00bb disabled=\u00bbon\u00bb sticky_enabled=\u00bb0&#8243;][et_pb_row module_id=\u00bbofferte\u00bb _builder_version=\u00bb4.16&#8243; _module_preset=\u00bbdefault\u00bb custom_margin=\u00bb0px||0px||false|false\u00bb custom_padding=\u00bb0px||0px||false|false\u00bb global_colors_info=\u00bb{}\u00bb][et_pb_column type=\u00bb4_4&#8243; _builder_version=\u00bb4.16&#8243; _module_preset=\u00bbdefault\u00bb global_colors_info=\u00bb{}\u00bb][et_pb_text admin_label=\u00bbOFFERTA \u00bb _builder_version=\u00bb4.16&#8243; _module_preset=\u00bbdefault\u00bb header_3_text_align=\u00bbcenter\u00bb background_color=\u00bbRGBA(0,0,0,0)\u00bb header_3_font_size_tablet=\u00bb\u00bb header_3_font_size_phone=\u00bb12px\u00bb header_3_font_size_last_edited=\u00bbon|phone\u00bb border_color_top=\u00bb#4F641A\u00bb border_width_bottom=\u00bb6px\u00bb border_color_bottom=\u00bb#E02B20&#8243; global_colors_info=\u00bb{}\u00bb]<\/p>\n<h3>OFERTA ESPECIAL<\/h3>\n<p>[\/et_pb_text][et_pb_shop type=\u00bbproduct_category\u00bb posts_number=\u00bb30&#8243; include_categories=\u00bb141&#8243; columns_number=\u00bb3&#8243; orderby=\u00bbprice\u00bb sale_badge_color=\u00bb#E02B20&#8243; admin_label=\u00bbOFFERTA\u00bb _builder_version=\u00bb4.16&#8243; _module_preset=\u00bbdefault\u00bb price_text_color=\u00bb#E02B20&#8243; price_font_size=\u00bb20px\u00bb sale_badge_text_color=\u00bb#FFFFFF\u00bb custom_margin=\u00bb||||false|false\u00bb custom_margin_tablet=\u00bb|||160px|false|false\u00bb custom_margin_phone=\u00bb|||0px|false|false\u00bb custom_margin_last_edited=\u00bbon|desktop\u00bb global_colors_info=\u00bb{}\u00bb][\/et_pb_shop][\/et_pb_column][\/et_pb_row][\/et_pb_section][et_pb_section fb_built=\u00bb1&#8243; _builder_version=\u00bb4.16&#8243; _module_preset=\u00bbdefault\u00bb background_enable_color=\u00bboff\u00bb use_background_color_gradient=\u00bbon\u00bb background_color_gradient_direction=\u00bb90deg\u00bb background_color_gradient_stops=\u00bb#ccd99c 50%|rgba(0,0,0,0) 50%\u00bb background_color_gradient_start=\u00bb#ccd99c\u00bb background_color_gradient_start_position=\u00bb50%\u00bb background_color_gradient_end=\u00bbrgba(0,0,0,0)\u00bb background_color_gradient_end_position=\u00bb50%\u00bb custom_padding=\u00bb6px||0px|||\u00bb top_divider_color=\u00bb#7CDA24&#8243; top_divider_height=\u00bb30px\u00bb global_colors_info=\u00bb{}\u00bb][et_pb_row column_structure=\u00bb1_2,1_2&#8243; _builder_version=\u00bb4.16&#8243; _module_preset=\u00bbdefault\u00bb background_enable_image=\u00bboff\u00bb global_colors_info=\u00bb{}\u00bb][et_pb_column type=\u00bb1_2&#8243; _builder_version=\u00bb4.16&#8243; _module_preset=\u00bbdefault\u00bb background_enable_image=\u00bboff\u00bb background_size=\u00bbinitial\u00bb background_position=\u00bbtop_right\u00bb global_colors_info=\u00bb{}\u00bb][et_pb_text _builder_version=\u00bb4.16&#8243; _module_preset=\u00bbdefault\u00bb text_text_color=\u00bb#FFFFFF\u00bb header_text_color=\u00bb#FFFFFF\u00bb header_3_text_color=\u00bb#FFFFFF\u00bb header_3_font_size=\u00bb25px\u00bb custom_margin=\u00bb67px||0px||false|false\u00bb custom_padding=\u00bb0px|0px|0px||false|false\u00bb global_colors_info=\u00bb{}\u00bb]<\/p>\n<h3 align=\"center\" style=\"text-align: left;\">Cestas de Regalo, Regalos de Empresa<\/h3>\n<h3 align=\"center\" style=\"text-align: left;\">con NUESTROS Productos T\u00edpicos<\/h3>\n<p>Cestas de regalo ofrece sabrosos productos t\u00edpicos de Apulia y Altamura y especialidades gastron\u00f3micas, componga sus cestas y cajas de regalo o elija las cestas y los regalos de Navidad hechos por nosotros. Compra online lo mejor de la comida Made in Italy, te lo llevamos a casa con uno de nuestros mensajeros urgentes. \u00a1Le Bont\u00e0 di CASTELNUOVO DI FARFA (RIETI) directamente a su casa!<\/p>\n<h3 align=\"center\"><\/h3>\n<p>[\/et_pb_text][\/et_pb_column][et_pb_column type=\u00bb1_2&#8243; _builder_version=\u00bb4.16&#8243; _module_preset=\u00bbdefault\u00bb background_enable_image=\u00bboff\u00bb global_colors_info=\u00bb{}\u00bb][et_pb_image src=\u00bbhttps:\/\/www.ilfrantoiosaporito.it\/wp-content\/uploads\/2021\/12\/Prodotti-a-base-di-olio-di-oliva-Il-frantoio-Saporito-1.jpg\u00bb title_text=\u00bbProductos-a-base-de-aceite-de-oliva-Il-frantoio-Saporito\u00bb _builder_version=\u00bb4.16&#8243; _module_preset=\u00bbdefault\u00bb global_colors_info=\u00bb{}\u00bb][\/et_pb_image][\/et_pb_column][\/et_pb_row][\/et_pb_section]<\/p>\n","protected":false},"excerpt":{"rendered":"<p>La delicadeza de nuestro reconocido aceite de oliva virgen extra ha sido premiada por expertos del sectorCompre nuestros productos certificados en l\u00ednea y los recibir\u00e1 directamente en su casa en toda ItaliaDe la producci\u00f3n a la venta nuestros productos a base de aceite de oliva virgen extraACEITE DE OLIVA VIRGEN EXTRAACEITE DE OLIVA VIRGEN EXTRA [&hellip;]<\/p>\n","protected":false},"author":1,"featured_media":0,"parent":0,"menu_order":0,"comment_status":"closed","ping_status":"closed","template":"","meta":{"_et_pb_use_builder":"on","_et_pb_old_content":"","_et_gb_content_width":"","cybocfi_hide_featured_image":"","footnotes":""},"class_list":["post-260379","page","type-page","status-publish","hentry"],"yoast_head":"<!-- This site is optimized with the Yoast SEO plugin v27.2 - https:\/\/yoast.com\/product\/yoast-seo-wordpress\/ -->\n<title>Comprar online productos a base de aceite de oliva virgen extra<\/title>\n<meta name=\"description\" content=\"Comprar productos de aceite de oliva virgen extra online - \u00bfTe cuesta encontrar aceite de oliva virgen extra de calidad?\" \/>\n<meta name=\"robots\" content=\"index, follow, max-snippet:-1, max-image-preview:large, max-video-preview:-1\" \/>\n<link rel=\"canonical\" href=\"https:\/\/www.ilfrantoiosaporito.it\/es\/productos-a-base-de-aceite-ecologico-virgen-extra\/\" \/>\n<meta property=\"og:locale\" content=\"es_ES\" \/>\n<meta property=\"og:type\" content=\"article\" \/>\n<meta property=\"og:title\" content=\"Comprar online productos a base de aceite de oliva virgen extra\" \/>\n<meta property=\"og:description\" content=\"Comprar productos de aceite de oliva virgen extra online - \u00bfTe cuesta encontrar aceite de oliva virgen extra de calidad?\" \/>\n<meta property=\"og:url\" content=\"https:\/\/www.ilfrantoiosaporito.it\/es\/productos-a-base-de-aceite-ecologico-virgen-extra\/\" \/>\n<meta property=\"og:site_name\" content=\"Azienda agricola Saporito l&#039;olio extravergine di oliva\" \/>\n<meta property=\"article:modified_time\" content=\"2023-03-27T07:53:15+00:00\" \/>\n<meta name=\"twitter:card\" content=\"summary_large_image\" \/>\n<meta name=\"twitter:label1\" content=\"Tiempo de lectura\" \/>\n\t<meta name=\"twitter:data1\" content=\"9 minutos\" \/>\n<script type=\"application\/ld+json\" class=\"yoast-schema-graph\">{\"@context\":\"https:\/\/schema.org\",\"@graph\":[{\"@type\":\"WebPage\",\"@id\":\"https:\/\/www.ilfrantoiosaporito.it\/es\/productos-a-base-de-aceite-ecologico-virgen-extra\/\",\"url\":\"https:\/\/www.ilfrantoiosaporito.it\/es\/productos-a-base-de-aceite-ecologico-virgen-extra\/\",\"name\":\"Comprar online productos a base de aceite de oliva virgen extra\",\"isPartOf\":{\"@id\":\"https:\/\/www.ilfrantoiosaporito.it\/es\/#website\"},\"datePublished\":\"2021-04-07T20:57:53+00:00\",\"dateModified\":\"2023-03-27T07:53:15+00:00\",\"description\":\"Comprar productos de aceite de oliva virgen extra online - \u00bfTe cuesta encontrar aceite de oliva virgen extra de calidad?\",\"breadcrumb\":{\"@id\":\"https:\/\/www.ilfrantoiosaporito.it\/es\/productos-a-base-de-aceite-ecologico-virgen-extra\/#breadcrumb\"},\"inLanguage\":\"es\",\"potentialAction\":[{\"@type\":\"ReadAction\",\"target\":[\"https:\/\/www.ilfrantoiosaporito.it\/es\/productos-a-base-de-aceite-ecologico-virgen-extra\/\"]}]},{\"@type\":\"BreadcrumbList\",\"@id\":\"https:\/\/www.ilfrantoiosaporito.it\/es\/productos-a-base-de-aceite-ecologico-virgen-extra\/#breadcrumb\",\"itemListElement\":[{\"@type\":\"ListItem\",\"position\":1,\"name\":\"Home\",\"item\":\"https:\/\/www.ilfrantoiosaporito.it\/es\/\"},{\"@type\":\"ListItem\",\"position\":2,\"name\":\"Productos a base de Aceite Ecol\u00f3gico Virgen Extra\"}]},{\"@type\":\"WebSite\",\"@id\":\"https:\/\/www.ilfrantoiosaporito.it\/es\/#website\",\"url\":\"https:\/\/www.ilfrantoiosaporito.it\/es\/\",\"name\":\"Azienda agricola Saporito l&#039;olio extravergine di oliva\",\"description\":\"Azienda Agricola Saporito In Sabina l&#039;olivo \u00e8 coltivato da millenni \",\"potentialAction\":[{\"@type\":\"SearchAction\",\"target\":{\"@type\":\"EntryPoint\",\"urlTemplate\":\"https:\/\/www.ilfrantoiosaporito.it\/es\/?s={search_term_string}\"},\"query-input\":{\"@type\":\"PropertyValueSpecification\",\"valueRequired\":true,\"valueName\":\"search_term_string\"}}],\"inLanguage\":\"es\"}]}<\/script>\n<!-- \/ Yoast SEO plugin. -->","yoast_head_json":{"title":"Comprar online productos a base de aceite de oliva virgen extra","description":"Comprar productos de aceite de oliva virgen extra online - \u00bfTe cuesta encontrar aceite de oliva virgen extra de calidad?","robots":{"index":"index","follow":"follow","max-snippet":"max-snippet:-1","max-image-preview":"max-image-preview:large","max-video-preview":"max-video-preview:-1"},"canonical":"https:\/\/www.ilfrantoiosaporito.it\/es\/productos-a-base-de-aceite-ecologico-virgen-extra\/","og_locale":"es_ES","og_type":"article","og_title":"Comprar online productos a base de aceite de oliva virgen extra","og_description":"Comprar productos de aceite de oliva virgen extra online - \u00bfTe cuesta encontrar aceite de oliva virgen extra de calidad?","og_url":"https:\/\/www.ilfrantoiosaporito.it\/es\/productos-a-base-de-aceite-ecologico-virgen-extra\/","og_site_name":"Azienda agricola Saporito l&#039;olio extravergine di oliva","article_modified_time":"2023-03-27T07:53:15+00:00","twitter_card":"summary_large_image","twitter_misc":{"Tiempo de lectura":"9 minutos"},"schema":{"@context":"https:\/\/schema.org","@graph":[{"@type":"WebPage","@id":"https:\/\/www.ilfrantoiosaporito.it\/es\/productos-a-base-de-aceite-ecologico-virgen-extra\/","url":"https:\/\/www.ilfrantoiosaporito.it\/es\/productos-a-base-de-aceite-ecologico-virgen-extra\/","name":"Comprar online productos a base de aceite de oliva virgen extra","isPartOf":{"@id":"https:\/\/www.ilfrantoiosaporito.it\/es\/#website"},"datePublished":"2021-04-07T20:57:53+00:00","dateModified":"2023-03-27T07:53:15+00:00","description":"Comprar productos de aceite de oliva virgen extra online - \u00bfTe cuesta encontrar aceite de oliva virgen extra de calidad?","breadcrumb":{"@id":"https:\/\/www.ilfrantoiosaporito.it\/es\/productos-a-base-de-aceite-ecologico-virgen-extra\/#breadcrumb"},"inLanguage":"es","potentialAction":[{"@type":"ReadAction","target":["https:\/\/www.ilfrantoiosaporito.it\/es\/productos-a-base-de-aceite-ecologico-virgen-extra\/"]}]},{"@type":"BreadcrumbList","@id":"https:\/\/www.ilfrantoiosaporito.it\/es\/productos-a-base-de-aceite-ecologico-virgen-extra\/#breadcrumb","itemListElement":[{"@type":"ListItem","position":1,"name":"Home","item":"https:\/\/www.ilfrantoiosaporito.it\/es\/"},{"@type":"ListItem","position":2,"name":"Productos a base de Aceite Ecol\u00f3gico Virgen Extra"}]},{"@type":"WebSite","@id":"https:\/\/www.ilfrantoiosaporito.it\/es\/#website","url":"https:\/\/www.ilfrantoiosaporito.it\/es\/","name":"Azienda agricola Saporito l&#039;olio extravergine di oliva","description":"Azienda Agricola Saporito In Sabina l&#039;olivo \u00e8 coltivato da millenni ","potentialAction":[{"@type":"SearchAction","target":{"@type":"EntryPoint","urlTemplate":"https:\/\/www.ilfrantoiosaporito.it\/es\/?s={search_term_string}"},"query-input":{"@type":"PropertyValueSpecification","valueRequired":true,"valueName":"search_term_string"}}],"inLanguage":"es"}]}},"_links":{"self":[{"href":"https:\/\/www.ilfrantoiosaporito.it\/es\/wp-json\/wp\/v2\/pages\/260379","targetHints":{"allow":["GET"]}}],"collection":[{"href":"https:\/\/www.ilfrantoiosaporito.it\/es\/wp-json\/wp\/v2\/pages"}],"about":[{"href":"https:\/\/www.ilfrantoiosaporito.it\/es\/wp-json\/wp\/v2\/types\/page"}],"author":[{"embeddable":true,"href":"https:\/\/www.ilfrantoiosaporito.it\/es\/wp-json\/wp\/v2\/users\/1"}],"replies":[{"embeddable":true,"href":"https:\/\/www.ilfrantoiosaporito.it\/es\/wp-json\/wp\/v2\/comments?post=260379"}],"version-history":[{"count":14,"href":"https:\/\/www.ilfrantoiosaporito.it\/es\/wp-json\/wp\/v2\/pages\/260379\/revisions"}],"predecessor-version":[{"id":262115,"href":"https:\/\/www.ilfrantoiosaporito.it\/es\/wp-json\/wp\/v2\/pages\/260379\/revisions\/262115"}],"wp:attachment":[{"href":"https:\/\/www.ilfrantoiosaporito.it\/es\/wp-json\/wp\/v2\/media?parent=260379"}],"curies":[{"name":"wp","href":"https:\/\/api.w.org\/{rel}","templated":true}]}}