{"id":260281,"date":"2021-06-11T22:08:33","date_gmt":"2021-06-11T22:08:33","guid":{"rendered":"https:\/\/www.ilfrantoiosaporito.it\/prodotto\/super-kokosnuss\/"},"modified":"2021-06-11T22:08:33","modified_gmt":"2021-06-11T22:08:33","slug":"super-kokosnuss","status":"publish","type":"product","link":"https:\/\/www.ilfrantoiosaporito.it\/de\/produkt\/super-kokosnuss\/","title":{"rendered":"Super Kokosnuss"},"content":{"rendered":"<p>Format: 250 GR.l<br \/>\nGewicht: Gr.<br \/>\nKollektion: 2021\/2022<br \/>\nTyp: Super-Kokosnuss<br \/>\nGeschmack: LECKER<\/p>\n<p>Herkunft: 100 % natives Oliven\u00f6l extra und italienische Produkte, abgef\u00fcllt und verpackt in Italien aus in Italien geernteten Oliven.<br \/>\nRegion: Castelnuovo di Farfa ITALIEN<br \/>\nLagerung: An einem k\u00fchlen und trockenen Ort, entfernt von Licht- und W\u00e4rmequellen. Optimale Temperatur: 15-18 \u00b0 C.<\/p>\n","protected":false},"excerpt":{"rendered":"<p><strong>SUPER COCONUT 250 GR DER PERFEKTE LECKERE SNACK, AM GAUMEN MIT EINEM Hauch von NATIVEM OLIVEN\u00d6L EXTRA.<\/strong><\/p>\n<p><b>VERPACKUNG<\/b>: GLASGLAS AUF DER BASIS VON SESSION EXTRA NATIVES OLIVEN\u00d6L MIT ZUSATZ VON ORANGE.<\/p>\n","protected":false},"featured_media":258616,"comment_status":"open","ping_status":"closed","template":"","meta":{"_et_pb_use_builder":"on","_et_pb_old_content":"","_et_gb_content_width":"","cybocfi_hide_featured_image":""},"product_brand":[],"product_cat":[146],"product_tag":[],"class_list":{"0":"post-260281","1":"product","2":"type-product","3":"status-publish","4":"has-post-thumbnail","6":"product_cat-streikbare-cremes","8":"first","9":"instock","10":"taxable","11":"shipping-taxable","12":"purchasable","13":"product-type-simple"},"yoast_head":"<!-- This site is optimized with the Yoast SEO plugin v27.2 - https:\/\/yoast.com\/product\/yoast-seo-wordpress\/ -->\n<title>Super Coconut, die Bio-Streichcreme f\u00fcr Snacks<\/title>\n<meta name=\"description\" content=\"Ganz nat\u00fcrlich, hergestellt aus Kokosnuss\u00f6l und anderen \u00e4therischen \u00d6len, wird dieser Brotaufstrich sicher zu Ihrem Lieblingssnack!\" \/>\n<meta name=\"robots\" content=\"index, follow, max-snippet:-1, max-image-preview:large, max-video-preview:-1\" \/>\n<link rel=\"canonical\" href=\"https:\/\/www.ilfrantoiosaporito.it\/de\/produkt\/super-kokosnuss\/\" \/>\n<meta property=\"og:locale\" content=\"de_DE\" \/>\n<meta property=\"og:type\" content=\"article\" \/>\n<meta property=\"og:title\" content=\"Super Coconut, die Bio-Streichcreme f\u00fcr Snacks\" \/>\n<meta property=\"og:description\" content=\"Ganz nat\u00fcrlich, hergestellt aus Kokosnuss\u00f6l und anderen \u00e4therischen \u00d6len, wird dieser Brotaufstrich sicher zu Ihrem Lieblingssnack!\" \/>\n<meta property=\"og:url\" content=\"https:\/\/www.ilfrantoiosaporito.it\/de\/produkt\/super-kokosnuss\/\" \/>\n<meta property=\"og:site_name\" content=\"Azienda agricola Saporito l&#039;olio extravergine di oliva\" \/>\n<meta property=\"og:image\" content=\"https:\/\/www.ilfrantoiosaporito.it\/wp-content\/uploads\/2021\/06\/Super-cocco.jpg\" \/>\n\t<meta property=\"og:image:width\" content=\"600\" \/>\n\t<meta property=\"og:image:height\" content=\"600\" \/>\n\t<meta property=\"og:image:type\" content=\"image\/jpeg\" \/>\n<meta name=\"twitter:card\" content=\"summary_large_image\" \/>\n<script type=\"application\/ld+json\" class=\"yoast-schema-graph\">{\"@context\":\"https:\/\/schema.org\",\"@graph\":[{\"@type\":\"WebPage\",\"@id\":\"https:\/\/www.ilfrantoiosaporito.it\/de\/produkt\/super-kokosnuss\/\",\"url\":\"https:\/\/www.ilfrantoiosaporito.it\/de\/produkt\/super-kokosnuss\/\",\"name\":\"Super Coconut, die Bio-Streichcreme f\u00fcr Snacks\",\"isPartOf\":{\"@id\":\"https:\/\/www.ilfrantoiosaporito.it\/de\/#website\"},\"primaryImageOfPage\":{\"@id\":\"https:\/\/www.ilfrantoiosaporito.it\/de\/produkt\/super-kokosnuss\/#primaryimage\"},\"image\":{\"@id\":\"https:\/\/www.ilfrantoiosaporito.it\/de\/produkt\/super-kokosnuss\/#primaryimage\"},\"thumbnailUrl\":\"https:\/\/www.ilfrantoiosaporito.it\/wp-content\/uploads\/2021\/06\/Super-cocco.jpg\",\"datePublished\":\"2021-06-11T22:08:33+00:00\",\"description\":\"Ganz nat\u00fcrlich, hergestellt aus Kokosnuss\u00f6l und anderen \u00e4therischen \u00d6len, wird dieser Brotaufstrich sicher zu Ihrem Lieblingssnack!\",\"breadcrumb\":{\"@id\":\"https:\/\/www.ilfrantoiosaporito.it\/de\/produkt\/super-kokosnuss\/#breadcrumb\"},\"inLanguage\":\"de\",\"potentialAction\":[{\"@type\":\"ReadAction\",\"target\":[\"https:\/\/www.ilfrantoiosaporito.it\/de\/produkt\/super-kokosnuss\/\"]}]},{\"@type\":\"ImageObject\",\"inLanguage\":\"de\",\"@id\":\"https:\/\/www.ilfrantoiosaporito.it\/de\/produkt\/super-kokosnuss\/#primaryimage\",\"url\":\"https:\/\/www.ilfrantoiosaporito.it\/wp-content\/uploads\/2021\/06\/Super-cocco.jpg\",\"contentUrl\":\"https:\/\/www.ilfrantoiosaporito.it\/wp-content\/uploads\/2021\/06\/Super-cocco.jpg\",\"width\":600,\"height\":600,\"caption\":\"Super-Kokosaufstrich\"},{\"@type\":\"BreadcrumbList\",\"@id\":\"https:\/\/www.ilfrantoiosaporito.it\/de\/produkt\/super-kokosnuss\/#breadcrumb\",\"itemListElement\":[{\"@type\":\"ListItem\",\"position\":1,\"name\":\"Home\",\"item\":\"https:\/\/www.ilfrantoiosaporito.it\/de\/\"},{\"@type\":\"ListItem\",\"position\":2,\"name\":\"Shop\",\"item\":\"https:\/\/www.ilfrantoiosaporito.it\/de\/shop\/\"},{\"@type\":\"ListItem\",\"position\":3,\"name\":\"Super Kokosnuss\"}]},{\"@type\":\"WebSite\",\"@id\":\"https:\/\/www.ilfrantoiosaporito.it\/de\/#website\",\"url\":\"https:\/\/www.ilfrantoiosaporito.it\/de\/\",\"name\":\"Azienda agricola Saporito l&#039;olio extravergine di oliva\",\"description\":\"Azienda Agricola Saporito In Sabina l&#039;olivo \u00e8 coltivato da millenni \",\"potentialAction\":[{\"@type\":\"SearchAction\",\"target\":{\"@type\":\"EntryPoint\",\"urlTemplate\":\"https:\/\/www.ilfrantoiosaporito.it\/de\/?s={search_term_string}\"},\"query-input\":{\"@type\":\"PropertyValueSpecification\",\"valueRequired\":true,\"valueName\":\"search_term_string\"}}],\"inLanguage\":\"de\"}]}<\/script>\n<!-- \/ Yoast SEO plugin. -->","yoast_head_json":{"title":"Super Coconut, die Bio-Streichcreme f\u00fcr Snacks","description":"Ganz nat\u00fcrlich, hergestellt aus Kokosnuss\u00f6l und anderen \u00e4therischen \u00d6len, wird dieser Brotaufstrich sicher zu Ihrem Lieblingssnack!","robots":{"index":"index","follow":"follow","max-snippet":"max-snippet:-1","max-image-preview":"max-image-preview:large","max-video-preview":"max-video-preview:-1"},"canonical":"https:\/\/www.ilfrantoiosaporito.it\/de\/produkt\/super-kokosnuss\/","og_locale":"de_DE","og_type":"article","og_title":"Super Coconut, die Bio-Streichcreme f\u00fcr Snacks","og_description":"Ganz nat\u00fcrlich, hergestellt aus Kokosnuss\u00f6l und anderen \u00e4therischen \u00d6len, wird dieser Brotaufstrich sicher zu Ihrem Lieblingssnack!","og_url":"https:\/\/www.ilfrantoiosaporito.it\/de\/produkt\/super-kokosnuss\/","og_site_name":"Azienda agricola Saporito l&#039;olio extravergine di oliva","og_image":[{"width":600,"height":600,"url":"https:\/\/www.ilfrantoiosaporito.it\/wp-content\/uploads\/2021\/06\/Super-cocco.jpg","type":"image\/jpeg"}],"twitter_card":"summary_large_image","schema":{"@context":"https:\/\/schema.org","@graph":[{"@type":"WebPage","@id":"https:\/\/www.ilfrantoiosaporito.it\/de\/produkt\/super-kokosnuss\/","url":"https:\/\/www.ilfrantoiosaporito.it\/de\/produkt\/super-kokosnuss\/","name":"Super Coconut, die Bio-Streichcreme f\u00fcr Snacks","isPartOf":{"@id":"https:\/\/www.ilfrantoiosaporito.it\/de\/#website"},"primaryImageOfPage":{"@id":"https:\/\/www.ilfrantoiosaporito.it\/de\/produkt\/super-kokosnuss\/#primaryimage"},"image":{"@id":"https:\/\/www.ilfrantoiosaporito.it\/de\/produkt\/super-kokosnuss\/#primaryimage"},"thumbnailUrl":"https:\/\/www.ilfrantoiosaporito.it\/wp-content\/uploads\/2021\/06\/Super-cocco.jpg","datePublished":"2021-06-11T22:08:33+00:00","description":"Ganz nat\u00fcrlich, hergestellt aus Kokosnuss\u00f6l und anderen \u00e4therischen \u00d6len, wird dieser Brotaufstrich sicher zu Ihrem Lieblingssnack!","breadcrumb":{"@id":"https:\/\/www.ilfrantoiosaporito.it\/de\/produkt\/super-kokosnuss\/#breadcrumb"},"inLanguage":"de","potentialAction":[{"@type":"ReadAction","target":["https:\/\/www.ilfrantoiosaporito.it\/de\/produkt\/super-kokosnuss\/"]}]},{"@type":"ImageObject","inLanguage":"de","@id":"https:\/\/www.ilfrantoiosaporito.it\/de\/produkt\/super-kokosnuss\/#primaryimage","url":"https:\/\/www.ilfrantoiosaporito.it\/wp-content\/uploads\/2021\/06\/Super-cocco.jpg","contentUrl":"https:\/\/www.ilfrantoiosaporito.it\/wp-content\/uploads\/2021\/06\/Super-cocco.jpg","width":600,"height":600,"caption":"Super-Kokosaufstrich"},{"@type":"BreadcrumbList","@id":"https:\/\/www.ilfrantoiosaporito.it\/de\/produkt\/super-kokosnuss\/#breadcrumb","itemListElement":[{"@type":"ListItem","position":1,"name":"Home","item":"https:\/\/www.ilfrantoiosaporito.it\/de\/"},{"@type":"ListItem","position":2,"name":"Shop","item":"https:\/\/www.ilfrantoiosaporito.it\/de\/shop\/"},{"@type":"ListItem","position":3,"name":"Super Kokosnuss"}]},{"@type":"WebSite","@id":"https:\/\/www.ilfrantoiosaporito.it\/de\/#website","url":"https:\/\/www.ilfrantoiosaporito.it\/de\/","name":"Azienda agricola Saporito l&#039;olio extravergine di oliva","description":"Azienda Agricola Saporito In Sabina l&#039;olivo \u00e8 coltivato da millenni ","potentialAction":[{"@type":"SearchAction","target":{"@type":"EntryPoint","urlTemplate":"https:\/\/www.ilfrantoiosaporito.it\/de\/?s={search_term_string}"},"query-input":{"@type":"PropertyValueSpecification","valueRequired":true,"valueName":"search_term_string"}}],"inLanguage":"de"}]}},"_links":{"self":[{"href":"https:\/\/www.ilfrantoiosaporito.it\/de\/wp-json\/wp\/v2\/product\/260281","targetHints":{"allow":["GET"]}}],"collection":[{"href":"https:\/\/www.ilfrantoiosaporito.it\/de\/wp-json\/wp\/v2\/product"}],"about":[{"href":"https:\/\/www.ilfrantoiosaporito.it\/de\/wp-json\/wp\/v2\/types\/product"}],"replies":[{"embeddable":true,"href":"https:\/\/www.ilfrantoiosaporito.it\/de\/wp-json\/wp\/v2\/comments?post=260281"}],"wp:featuredmedia":[{"embeddable":true,"href":"https:\/\/www.ilfrantoiosaporito.it\/de\/wp-json\/wp\/v2\/media\/258616"}],"wp:attachment":[{"href":"https:\/\/www.ilfrantoiosaporito.it\/de\/wp-json\/wp\/v2\/media?parent=260281"}],"wp:term":[{"taxonomy":"product_brand","embeddable":true,"href":"https:\/\/www.ilfrantoiosaporito.it\/de\/wp-json\/wp\/v2\/product_brand?post=260281"},{"taxonomy":"product_cat","embeddable":true,"href":"https:\/\/www.ilfrantoiosaporito.it\/de\/wp-json\/wp\/v2\/product_cat?post=260281"},{"taxonomy":"product_tag","embeddable":true,"href":"https:\/\/www.ilfrantoiosaporito.it\/de\/wp-json\/wp\/v2\/product_tag?post=260281"}],"curies":[{"name":"wp","href":"https:\/\/api.w.org\/{rel}","templated":true}]}}