{"id":260186,"date":"2021-11-12T19:32:02","date_gmt":"2021-11-12T19:32:02","guid":{"rendered":"https:\/\/www.ilfrantoiosaporito.it\/prodotto\/100-italienisches-natives-olivenoel-extra-nektarinenoel-kampagne-2021-2022-nur-carboncella\/"},"modified":"2024-06-30T12:02:42","modified_gmt":"2024-06-30T12:02:42","slug":"100-italienisches-natives-olivenoel-extra-nektarinenoel-kampagne-2021-2022-nur-carboncella","status":"publish","type":"product","link":"https:\/\/www.ilfrantoiosaporito.it\/de\/produkt\/100-italienisches-natives-olivenoel-extra-nektarinenoel-kampagne-2021-2022-nur-carboncella\/","title":{"rendered":"100 % italienisches natives Oliven\u00f6l extra Nektarinen\u00f6l Kampagne 2021-2022 nur Carboncella"},"content":{"rendered":"<h3>Limited Edition 2021\/22 Paket 500 ml<\/h3>\n<p>Monokultivar Carboncella Bio<br \/>\nLassen Sie sich von den D\u00fcften dieses nativen Oliven\u00f6ls extra \u00fcberraschen, das nur sich selbst gleicht. Lavendel, Pinienkerne, Apfel und frisches Gras dominieren das aromatische Bukett und beschreiben eine elegante und originelle mittlere Fruchtigkeit. Beim Abschmecken kehren Noten von Blumen, mediterranen Kr\u00e4utern, gelbem Apfel und Mandel zur\u00fcck, mit einer harmonischen, aber nicht zu starken W\u00fcrze und Bitterkeit. Ein facettenreiches \u00d6l, angenehm zum Kochen mit rotem Fleisch, ersten G\u00e4ngen, Suppen, Salaten, empfohlen f\u00fcr diejenigen, die den intensiven Duft von \u00d6l in allen Rohkost m\u00f6gen.<\/p>\n<p>Sorte: Oktobernektarine nur carboncella<br \/>\nHerkunft: 100 % natives Oliven\u00f6l extra, hergestellt, abgef\u00fcllt und verpackt in Italien aus in Italien geernteten Oliven.<br \/>\nRegion Frantoio: Castelnuovo di Farfa<\/p>\n<p>&nbsp;<\/p>\n","protected":false},"excerpt":{"rendered":"<h3>Limited Edition 2021\/22 Paket 500 ml<\/h3>\n<p>Monokultivar Carboncella Bio<br \/>\nLassen Sie sich von den D\u00fcften dieses nativen Oliven\u00f6ls extra \u00fcberraschen, das nur sich selbst gleicht. Lavendel, Pinienkerne, Apfel und frisches Gras dominieren das aromatische Bukett und beschreiben eine elegante und originelle mittlere Fruchtigkeit. Beim Abschmecken kehren Noten von Blumen, mediterranen Kr\u00e4utern, gelbem Apfel und Mandel zur\u00fcck, mit einer harmonischen, aber nicht zu starken W\u00fcrze und Bitterkeit. Ein facettenreiches \u00d6l, angenehm zum Kochen mit rotem Fleisch, ersten G\u00e4ngen, Suppen, Salaten, empfohlen f\u00fcr diejenigen, die den intensiven Duft von \u00d6l in allen Rohkost m\u00f6gen.<\/p>\n<p>Sorte: Oktobernektarine nur carboncella<br \/>\nHerkunft: 100 % natives Oliven\u00f6l extra, hergestellt, abgef\u00fcllt und verpackt in Italien aus in Italien geernteten Oliven.<br \/>\nRegion Frantoio: Castelnuovo di Farfa<\/p>\n<p>&nbsp;<\/p>\n","protected":false},"featured_media":261911,"comment_status":"open","ping_status":"closed","template":"","meta":{"_et_pb_use_builder":"on","_et_pb_old_content":"Edizione Limitata 2021\/22 Confezione 500 Ml\r\n\r\nOlio extra vergine di oliva bio il nettarino d'ottobre solo carboncella","_et_gb_content_width":"","cybocfi_hide_featured_image":""},"product_brand":[],"product_cat":[],"product_tag":[],"class_list":{"0":"post-260186","1":"product","2":"type-product","3":"status-publish","4":"has-post-thumbnail","7":"first","8":"outofstock","9":"taxable","10":"shipping-taxable","11":"purchasable","12":"product-type-simple"},"yoast_head":"<!-- This site is optimized with the Yoast SEO plugin v27.2 - https:\/\/yoast.com\/product\/yoast-seo-wordpress\/ -->\n<title>100 % reines und nat\u00fcrliches natives Oliven\u00f6l extra - Il Nettarino<\/title>\n<meta name=\"description\" content=\"Das 100 % italienische Oliven\u00f6l extra vergine 2021-2022 ist ein einzigartiges und limitiertes Oliven\u00f6l extra vergine.\" \/>\n<meta name=\"robots\" content=\"index, follow, max-snippet:-1, max-image-preview:large, max-video-preview:-1\" \/>\n<link rel=\"canonical\" href=\"https:\/\/www.ilfrantoiosaporito.it\/de\/produkt\/100-italienisches-natives-olivenoel-extra-nektarinenoel-kampagne-2021-2022-nur-carboncella\/\" \/>\n<meta property=\"og:locale\" content=\"de_DE\" \/>\n<meta property=\"og:type\" content=\"article\" \/>\n<meta property=\"og:title\" content=\"100 % reines und nat\u00fcrliches natives Oliven\u00f6l extra - Il Nettarino\" \/>\n<meta property=\"og:description\" content=\"Das 100 % italienische Oliven\u00f6l extra vergine 2021-2022 ist ein einzigartiges und limitiertes Oliven\u00f6l extra vergine.\" \/>\n<meta property=\"og:url\" content=\"https:\/\/www.ilfrantoiosaporito.it\/de\/produkt\/100-italienisches-natives-olivenoel-extra-nektarinenoel-kampagne-2021-2022-nur-carboncella\/\" \/>\n<meta property=\"og:site_name\" content=\"Azienda agricola Saporito l&#039;olio extravergine di oliva\" \/>\n<meta property=\"article:modified_time\" content=\"2024-06-30T12:02:42+00:00\" \/>\n<meta property=\"og:image\" content=\"https:\/\/www.ilfrantoiosaporito.it\/wp-content\/uploads\/2021\/11\/Carboncella-3.jpg\" \/>\n\t<meta property=\"og:image:width\" content=\"1000\" \/>\n\t<meta property=\"og:image:height\" content=\"1000\" \/>\n\t<meta property=\"og:image:type\" content=\"image\/jpeg\" \/>\n<meta name=\"twitter:card\" content=\"summary_large_image\" \/>\n<meta name=\"twitter:label1\" content=\"Gesch\u00e4tzte Lesezeit\" \/>\n\t<meta name=\"twitter:data1\" content=\"1\u00a0Minute\" \/>\n<script type=\"application\/ld+json\" class=\"yoast-schema-graph\">{\"@context\":\"https:\/\/schema.org\",\"@graph\":[{\"@type\":\"WebPage\",\"@id\":\"https:\/\/www.ilfrantoiosaporito.it\/de\/produkt\/100-italienisches-natives-olivenoel-extra-nektarinenoel-kampagne-2021-2022-nur-carboncella\/\",\"url\":\"https:\/\/www.ilfrantoiosaporito.it\/de\/produkt\/100-italienisches-natives-olivenoel-extra-nektarinenoel-kampagne-2021-2022-nur-carboncella\/\",\"name\":\"100 % reines und nat\u00fcrliches natives Oliven\u00f6l extra - Il Nettarino\",\"isPartOf\":{\"@id\":\"https:\/\/www.ilfrantoiosaporito.it\/de\/#website\"},\"primaryImageOfPage\":{\"@id\":\"https:\/\/www.ilfrantoiosaporito.it\/de\/produkt\/100-italienisches-natives-olivenoel-extra-nektarinenoel-kampagne-2021-2022-nur-carboncella\/#primaryimage\"},\"image\":{\"@id\":\"https:\/\/www.ilfrantoiosaporito.it\/de\/produkt\/100-italienisches-natives-olivenoel-extra-nektarinenoel-kampagne-2021-2022-nur-carboncella\/#primaryimage\"},\"thumbnailUrl\":\"https:\/\/www.ilfrantoiosaporito.it\/wp-content\/uploads\/2021\/11\/Premium-Netterino.jpg\",\"datePublished\":\"2021-11-12T19:32:02+00:00\",\"dateModified\":\"2024-06-30T12:02:42+00:00\",\"description\":\"Das 100 % italienische Oliven\u00f6l extra vergine 2021-2022 ist ein einzigartiges und limitiertes Oliven\u00f6l extra vergine.\",\"breadcrumb\":{\"@id\":\"https:\/\/www.ilfrantoiosaporito.it\/de\/produkt\/100-italienisches-natives-olivenoel-extra-nektarinenoel-kampagne-2021-2022-nur-carboncella\/#breadcrumb\"},\"inLanguage\":\"de\",\"potentialAction\":[{\"@type\":\"ReadAction\",\"target\":[\"https:\/\/www.ilfrantoiosaporito.it\/de\/produkt\/100-italienisches-natives-olivenoel-extra-nektarinenoel-kampagne-2021-2022-nur-carboncella\/\"]}]},{\"@type\":\"ImageObject\",\"inLanguage\":\"de\",\"@id\":\"https:\/\/www.ilfrantoiosaporito.it\/de\/produkt\/100-italienisches-natives-olivenoel-extra-nektarinenoel-kampagne-2021-2022-nur-carboncella\/#primaryimage\",\"url\":\"https:\/\/www.ilfrantoiosaporito.it\/wp-content\/uploads\/2021\/11\/Premium-Netterino.jpg\",\"contentUrl\":\"https:\/\/www.ilfrantoiosaporito.it\/wp-content\/uploads\/2021\/11\/Premium-Netterino.jpg\",\"width\":1200,\"height\":1200},{\"@type\":\"BreadcrumbList\",\"@id\":\"https:\/\/www.ilfrantoiosaporito.it\/de\/produkt\/100-italienisches-natives-olivenoel-extra-nektarinenoel-kampagne-2021-2022-nur-carboncella\/#breadcrumb\",\"itemListElement\":[{\"@type\":\"ListItem\",\"position\":1,\"name\":\"Home\",\"item\":\"https:\/\/www.ilfrantoiosaporito.it\/de\/\"},{\"@type\":\"ListItem\",\"position\":2,\"name\":\"Shop\",\"item\":\"https:\/\/www.ilfrantoiosaporito.it\/de\/shop\/\"},{\"@type\":\"ListItem\",\"position\":3,\"name\":\"100 % italienisches natives Oliven\u00f6l extra Nektarinen\u00f6l Kampagne 2021-2022 nur Carboncella\"}]},{\"@type\":\"WebSite\",\"@id\":\"https:\/\/www.ilfrantoiosaporito.it\/de\/#website\",\"url\":\"https:\/\/www.ilfrantoiosaporito.it\/de\/\",\"name\":\"Azienda agricola Saporito l&#039;olio extravergine di oliva\",\"description\":\"Azienda Agricola Saporito In Sabina l&#039;olivo \u00e8 coltivato da millenni \",\"potentialAction\":[{\"@type\":\"SearchAction\",\"target\":{\"@type\":\"EntryPoint\",\"urlTemplate\":\"https:\/\/www.ilfrantoiosaporito.it\/de\/?s={search_term_string}\"},\"query-input\":{\"@type\":\"PropertyValueSpecification\",\"valueRequired\":true,\"valueName\":\"search_term_string\"}}],\"inLanguage\":\"de\"}]}<\/script>\n<!-- \/ Yoast SEO plugin. -->","yoast_head_json":{"title":"100 % reines und nat\u00fcrliches natives Oliven\u00f6l extra - Il Nettarino","description":"Das 100 % italienische Oliven\u00f6l extra vergine 2021-2022 ist ein einzigartiges und limitiertes Oliven\u00f6l extra vergine.","robots":{"index":"index","follow":"follow","max-snippet":"max-snippet:-1","max-image-preview":"max-image-preview:large","max-video-preview":"max-video-preview:-1"},"canonical":"https:\/\/www.ilfrantoiosaporito.it\/de\/produkt\/100-italienisches-natives-olivenoel-extra-nektarinenoel-kampagne-2021-2022-nur-carboncella\/","og_locale":"de_DE","og_type":"article","og_title":"100 % reines und nat\u00fcrliches natives Oliven\u00f6l extra - Il Nettarino","og_description":"Das 100 % italienische Oliven\u00f6l extra vergine 2021-2022 ist ein einzigartiges und limitiertes Oliven\u00f6l extra vergine.","og_url":"https:\/\/www.ilfrantoiosaporito.it\/de\/produkt\/100-italienisches-natives-olivenoel-extra-nektarinenoel-kampagne-2021-2022-nur-carboncella\/","og_site_name":"Azienda agricola Saporito l&#039;olio extravergine di oliva","article_modified_time":"2024-06-30T12:02:42+00:00","og_image":[{"width":1000,"height":1000,"url":"https:\/\/www.ilfrantoiosaporito.it\/wp-content\/uploads\/2021\/11\/Carboncella-3.jpg","type":"image\/jpeg"}],"twitter_card":"summary_large_image","twitter_misc":{"Gesch\u00e4tzte Lesezeit":"1\u00a0Minute"},"schema":{"@context":"https:\/\/schema.org","@graph":[{"@type":"WebPage","@id":"https:\/\/www.ilfrantoiosaporito.it\/de\/produkt\/100-italienisches-natives-olivenoel-extra-nektarinenoel-kampagne-2021-2022-nur-carboncella\/","url":"https:\/\/www.ilfrantoiosaporito.it\/de\/produkt\/100-italienisches-natives-olivenoel-extra-nektarinenoel-kampagne-2021-2022-nur-carboncella\/","name":"100 % reines und nat\u00fcrliches natives Oliven\u00f6l extra - Il Nettarino","isPartOf":{"@id":"https:\/\/www.ilfrantoiosaporito.it\/de\/#website"},"primaryImageOfPage":{"@id":"https:\/\/www.ilfrantoiosaporito.it\/de\/produkt\/100-italienisches-natives-olivenoel-extra-nektarinenoel-kampagne-2021-2022-nur-carboncella\/#primaryimage"},"image":{"@id":"https:\/\/www.ilfrantoiosaporito.it\/de\/produkt\/100-italienisches-natives-olivenoel-extra-nektarinenoel-kampagne-2021-2022-nur-carboncella\/#primaryimage"},"thumbnailUrl":"https:\/\/www.ilfrantoiosaporito.it\/wp-content\/uploads\/2021\/11\/Premium-Netterino.jpg","datePublished":"2021-11-12T19:32:02+00:00","dateModified":"2024-06-30T12:02:42+00:00","description":"Das 100 % italienische Oliven\u00f6l extra vergine 2021-2022 ist ein einzigartiges und limitiertes Oliven\u00f6l extra vergine.","breadcrumb":{"@id":"https:\/\/www.ilfrantoiosaporito.it\/de\/produkt\/100-italienisches-natives-olivenoel-extra-nektarinenoel-kampagne-2021-2022-nur-carboncella\/#breadcrumb"},"inLanguage":"de","potentialAction":[{"@type":"ReadAction","target":["https:\/\/www.ilfrantoiosaporito.it\/de\/produkt\/100-italienisches-natives-olivenoel-extra-nektarinenoel-kampagne-2021-2022-nur-carboncella\/"]}]},{"@type":"ImageObject","inLanguage":"de","@id":"https:\/\/www.ilfrantoiosaporito.it\/de\/produkt\/100-italienisches-natives-olivenoel-extra-nektarinenoel-kampagne-2021-2022-nur-carboncella\/#primaryimage","url":"https:\/\/www.ilfrantoiosaporito.it\/wp-content\/uploads\/2021\/11\/Premium-Netterino.jpg","contentUrl":"https:\/\/www.ilfrantoiosaporito.it\/wp-content\/uploads\/2021\/11\/Premium-Netterino.jpg","width":1200,"height":1200},{"@type":"BreadcrumbList","@id":"https:\/\/www.ilfrantoiosaporito.it\/de\/produkt\/100-italienisches-natives-olivenoel-extra-nektarinenoel-kampagne-2021-2022-nur-carboncella\/#breadcrumb","itemListElement":[{"@type":"ListItem","position":1,"name":"Home","item":"https:\/\/www.ilfrantoiosaporito.it\/de\/"},{"@type":"ListItem","position":2,"name":"Shop","item":"https:\/\/www.ilfrantoiosaporito.it\/de\/shop\/"},{"@type":"ListItem","position":3,"name":"100 % italienisches natives Oliven\u00f6l extra Nektarinen\u00f6l Kampagne 2021-2022 nur Carboncella"}]},{"@type":"WebSite","@id":"https:\/\/www.ilfrantoiosaporito.it\/de\/#website","url":"https:\/\/www.ilfrantoiosaporito.it\/de\/","name":"Azienda agricola Saporito l&#039;olio extravergine di oliva","description":"Azienda Agricola Saporito In Sabina l&#039;olivo \u00e8 coltivato da millenni ","potentialAction":[{"@type":"SearchAction","target":{"@type":"EntryPoint","urlTemplate":"https:\/\/www.ilfrantoiosaporito.it\/de\/?s={search_term_string}"},"query-input":{"@type":"PropertyValueSpecification","valueRequired":true,"valueName":"search_term_string"}}],"inLanguage":"de"}]}},"_links":{"self":[{"href":"https:\/\/www.ilfrantoiosaporito.it\/de\/wp-json\/wp\/v2\/product\/260186","targetHints":{"allow":["GET"]}}],"collection":[{"href":"https:\/\/www.ilfrantoiosaporito.it\/de\/wp-json\/wp\/v2\/product"}],"about":[{"href":"https:\/\/www.ilfrantoiosaporito.it\/de\/wp-json\/wp\/v2\/types\/product"}],"replies":[{"embeddable":true,"href":"https:\/\/www.ilfrantoiosaporito.it\/de\/wp-json\/wp\/v2\/comments?post=260186"}],"wp:featuredmedia":[{"embeddable":true,"href":"https:\/\/www.ilfrantoiosaporito.it\/de\/wp-json\/wp\/v2\/media\/261911"}],"wp:attachment":[{"href":"https:\/\/www.ilfrantoiosaporito.it\/de\/wp-json\/wp\/v2\/media?parent=260186"}],"wp:term":[{"taxonomy":"product_brand","embeddable":true,"href":"https:\/\/www.ilfrantoiosaporito.it\/de\/wp-json\/wp\/v2\/product_brand?post=260186"},{"taxonomy":"product_cat","embeddable":true,"href":"https:\/\/www.ilfrantoiosaporito.it\/de\/wp-json\/wp\/v2\/product_cat?post=260186"},{"taxonomy":"product_tag","embeddable":true,"href":"https:\/\/www.ilfrantoiosaporito.it\/de\/wp-json\/wp\/v2\/product_tag?post=260186"}],"curies":[{"name":"wp","href":"https:\/\/api.w.org\/{rel}","templated":true}]}}