{"id":260077,"date":"2021-06-26T00:47:42","date_gmt":"2021-06-26T00:47:42","guid":{"rendered":"https:\/\/www.ilfrantoiosaporito.it\/prodotto\/bio-olivenoel-extra-vergine-1-liter\/"},"modified":"2025-10-15T21:58:48","modified_gmt":"2025-10-15T21:58:48","slug":"bio-natives-olivenol-1-liter","status":"publish","type":"product","link":"https:\/\/www.ilfrantoiosaporito.it\/de\/produkt\/bio-natives-olivenol-1-liter\/","title":{"rendered":"Bio-Oliven\u00f6l extra vergine 1 Liter"},"content":{"rendered":"<p>[et_pb_section fb_built=&#8220;1&#8243; theme_builder_area=&#8220;post_content&#8220; _builder_version=&#8220;4.22.2&#8243; _module_preset=&#8220;default&#8220;][\/et_pb_section]<\/p>\n","protected":false},"excerpt":{"rendered":"<p>Natives Oliven\u00f6l extra, ideal zum Anrichten von Rohkost, Fisch, Fleisch und Salaten<\/p>\n<p>Typ: BIO EXTRA NATIVES OLIVEN\u00d6L. <strong>Produktionskampagne 2023\/24<\/strong><\/p>\n<p><strong>Verpackung<\/strong>: TIN-Format: 1<\/p>\n","protected":false},"featured_media":258687,"comment_status":"open","ping_status":"closed","template":"","meta":{"_et_pb_use_builder":"on","_et_pb_old_content":"Natives Oliven\u00f6l extra 1 LT ideal zum Dressing von rohem Fisch, Fleisch und Salaten \"Paket: CAN\r\nFormat: 1 LITER\r\nGewicht: Gr.\r\nProduktionskampagne <strong>2023\/24<\/strong>\r\nTyp: NATIVES OLIVEN\u00d6L EXTRA BIO\r\nGeschmack: MITTELFRUCHTIG\r\nZertifizierung: BIO\r\nSorte: LECCINO - FRANTOIO - RAJA.\r\nHerkunft: 100 % natives Oliven\u00f6l extra, hergestellt, abgef\u00fcllt und verpackt in Italien aus in Italien geernteten Oliven.\r\nRegion Frantoio: Castelnuovo di Farfa\r\nLagerung: An einem k\u00fchlen und trockenen Ort, entfernt von Licht- und W\u00e4rmequellen. Optimale Temperatur: 15-18 \u00b0 C. \"\" Farbe: gr\u00fcn mit goldgelben Reflexen.\r\nBukett: intensiv fruchtig, mit Kr\u00e4uter- und Distelnoten.\r\nGeschmack: MITTEL fruchtig.\r\nKombination in der K\u00fcche: Dressing von Gem\u00fcse, H\u00fclsenfr\u00fcchten, Suppen, Bruschetta, gegrilltem Fleisch.","_et_gb_content_width":"","cybocfi_hide_featured_image":""},"product_brand":[],"product_cat":[],"product_tag":[161],"class_list":{"0":"post-260077","1":"product","2":"type-product","3":"status-publish","4":"has-post-thumbnail","6":"product_tag-natives-olivenol-extra","8":"first","9":"instock","10":"taxable","11":"shipping-taxable","12":"purchasable","13":"product-type-simple"},"yoast_head":"<!-- This site is optimized with the Yoast SEO plugin v27.2 - https:\/\/yoast.com\/product\/yoast-seo-wordpress\/ -->\n<title>Bio-Oliven\u00f6l extra vergine 1 Liter - Azienda agricola Saporito l&#039;olio extravergine di oliva<\/title>\n<meta name=\"robots\" content=\"index, follow, max-snippet:-1, max-image-preview:large, max-video-preview:-1\" \/>\n<link rel=\"canonical\" href=\"https:\/\/www.ilfrantoiosaporito.it\/de\/produkt\/bio-natives-olivenol-1-liter\/\" \/>\n<meta property=\"og:locale\" content=\"de_DE\" \/>\n<meta property=\"og:type\" content=\"article\" \/>\n<meta property=\"og:title\" content=\"Bio-Oliven\u00f6l extra vergine 1 Liter - Azienda agricola Saporito l&#039;olio extravergine di oliva\" \/>\n<meta property=\"og:description\" content=\"Natives Oliven\u00f6l extra, ideal zum Anrichten von Rohkost, Fisch, Fleisch und Salaten  Typ: BIO EXTRA NATIVES OLIVEN\u00d6L. Produktionskampagne 2023\/24  Verpackung: TIN-Format: 1\" \/>\n<meta property=\"og:url\" content=\"https:\/\/www.ilfrantoiosaporito.it\/de\/produkt\/bio-natives-olivenol-1-liter\/\" \/>\n<meta property=\"og:site_name\" content=\"Azienda agricola Saporito l&#039;olio extravergine di oliva\" \/>\n<meta property=\"article:modified_time\" content=\"2025-10-15T21:58:48+00:00\" \/>\n<meta property=\"og:image\" content=\"https:\/\/www.ilfrantoiosaporito.it\/wp-content\/uploads\/2021\/06\/Baratole-Frantoio__1-LT.jpg\" \/>\n\t<meta property=\"og:image:width\" content=\"1000\" \/>\n\t<meta property=\"og:image:height\" content=\"1000\" \/>\n\t<meta property=\"og:image:type\" content=\"image\/jpeg\" \/>\n<meta name=\"twitter:card\" content=\"summary_large_image\" \/>\n<script type=\"application\/ld+json\" class=\"yoast-schema-graph\">{\"@context\":\"https:\/\/schema.org\",\"@graph\":[{\"@type\":\"WebPage\",\"@id\":\"https:\/\/www.ilfrantoiosaporito.it\/de\/produkt\/bio-natives-olivenol-1-liter\/\",\"url\":\"https:\/\/www.ilfrantoiosaporito.it\/de\/produkt\/bio-natives-olivenol-1-liter\/\",\"name\":\"Bio-Oliven\u00f6l extra vergine 1 Liter - Azienda agricola Saporito l&#039;olio extravergine di oliva\",\"isPartOf\":{\"@id\":\"https:\/\/www.ilfrantoiosaporito.it\/de\/#website\"},\"primaryImageOfPage\":{\"@id\":\"https:\/\/www.ilfrantoiosaporito.it\/de\/produkt\/bio-natives-olivenol-1-liter\/#primaryimage\"},\"image\":{\"@id\":\"https:\/\/www.ilfrantoiosaporito.it\/de\/produkt\/bio-natives-olivenol-1-liter\/#primaryimage\"},\"thumbnailUrl\":\"https:\/\/www.ilfrantoiosaporito.it\/wp-content\/uploads\/2021\/06\/Baratole-Frantoio__1-LT.jpg\",\"datePublished\":\"2021-06-26T00:47:42+00:00\",\"dateModified\":\"2025-10-15T21:58:48+00:00\",\"breadcrumb\":{\"@id\":\"https:\/\/www.ilfrantoiosaporito.it\/de\/produkt\/bio-natives-olivenol-1-liter\/#breadcrumb\"},\"inLanguage\":\"de\",\"potentialAction\":[{\"@type\":\"ReadAction\",\"target\":[\"https:\/\/www.ilfrantoiosaporito.it\/de\/produkt\/bio-natives-olivenol-1-liter\/\"]}]},{\"@type\":\"ImageObject\",\"inLanguage\":\"de\",\"@id\":\"https:\/\/www.ilfrantoiosaporito.it\/de\/produkt\/bio-natives-olivenol-1-liter\/#primaryimage\",\"url\":\"https:\/\/www.ilfrantoiosaporito.it\/wp-content\/uploads\/2021\/06\/Baratole-Frantoio__1-LT.jpg\",\"contentUrl\":\"https:\/\/www.ilfrantoiosaporito.it\/wp-content\/uploads\/2021\/06\/Baratole-Frantoio__1-LT.jpg\",\"width\":1000,\"height\":1000},{\"@type\":\"BreadcrumbList\",\"@id\":\"https:\/\/www.ilfrantoiosaporito.it\/de\/produkt\/bio-natives-olivenol-1-liter\/#breadcrumb\",\"itemListElement\":[{\"@type\":\"ListItem\",\"position\":1,\"name\":\"Home\",\"item\":\"https:\/\/www.ilfrantoiosaporito.it\/de\/\"},{\"@type\":\"ListItem\",\"position\":2,\"name\":\"Shop\",\"item\":\"https:\/\/www.ilfrantoiosaporito.it\/de\/shop\/\"},{\"@type\":\"ListItem\",\"position\":3,\"name\":\"Bio-Oliven\u00f6l extra vergine 1 Liter\"}]},{\"@type\":\"WebSite\",\"@id\":\"https:\/\/www.ilfrantoiosaporito.it\/de\/#website\",\"url\":\"https:\/\/www.ilfrantoiosaporito.it\/de\/\",\"name\":\"Azienda agricola Saporito l&#039;olio extravergine di oliva\",\"description\":\"Azienda Agricola Saporito In Sabina l&#039;olivo \u00e8 coltivato da millenni \",\"potentialAction\":[{\"@type\":\"SearchAction\",\"target\":{\"@type\":\"EntryPoint\",\"urlTemplate\":\"https:\/\/www.ilfrantoiosaporito.it\/de\/?s={search_term_string}\"},\"query-input\":{\"@type\":\"PropertyValueSpecification\",\"valueRequired\":true,\"valueName\":\"search_term_string\"}}],\"inLanguage\":\"de\"}]}<\/script>\n<!-- \/ Yoast SEO plugin. -->","yoast_head_json":{"title":"Bio-Oliven\u00f6l extra vergine 1 Liter - Azienda agricola Saporito l&#039;olio extravergine di oliva","robots":{"index":"index","follow":"follow","max-snippet":"max-snippet:-1","max-image-preview":"max-image-preview:large","max-video-preview":"max-video-preview:-1"},"canonical":"https:\/\/www.ilfrantoiosaporito.it\/de\/produkt\/bio-natives-olivenol-1-liter\/","og_locale":"de_DE","og_type":"article","og_title":"Bio-Oliven\u00f6l extra vergine 1 Liter - Azienda agricola Saporito l&#039;olio extravergine di oliva","og_description":"Natives Oliven\u00f6l extra, ideal zum Anrichten von Rohkost, Fisch, Fleisch und Salaten  Typ: BIO EXTRA NATIVES OLIVEN\u00d6L. Produktionskampagne 2023\/24  Verpackung: TIN-Format: 1","og_url":"https:\/\/www.ilfrantoiosaporito.it\/de\/produkt\/bio-natives-olivenol-1-liter\/","og_site_name":"Azienda agricola Saporito l&#039;olio extravergine di oliva","article_modified_time":"2025-10-15T21:58:48+00:00","og_image":[{"width":1000,"height":1000,"url":"https:\/\/www.ilfrantoiosaporito.it\/wp-content\/uploads\/2021\/06\/Baratole-Frantoio__1-LT.jpg","type":"image\/jpeg"}],"twitter_card":"summary_large_image","schema":{"@context":"https:\/\/schema.org","@graph":[{"@type":"WebPage","@id":"https:\/\/www.ilfrantoiosaporito.it\/de\/produkt\/bio-natives-olivenol-1-liter\/","url":"https:\/\/www.ilfrantoiosaporito.it\/de\/produkt\/bio-natives-olivenol-1-liter\/","name":"Bio-Oliven\u00f6l extra vergine 1 Liter - Azienda agricola Saporito l&#039;olio extravergine di oliva","isPartOf":{"@id":"https:\/\/www.ilfrantoiosaporito.it\/de\/#website"},"primaryImageOfPage":{"@id":"https:\/\/www.ilfrantoiosaporito.it\/de\/produkt\/bio-natives-olivenol-1-liter\/#primaryimage"},"image":{"@id":"https:\/\/www.ilfrantoiosaporito.it\/de\/produkt\/bio-natives-olivenol-1-liter\/#primaryimage"},"thumbnailUrl":"https:\/\/www.ilfrantoiosaporito.it\/wp-content\/uploads\/2021\/06\/Baratole-Frantoio__1-LT.jpg","datePublished":"2021-06-26T00:47:42+00:00","dateModified":"2025-10-15T21:58:48+00:00","breadcrumb":{"@id":"https:\/\/www.ilfrantoiosaporito.it\/de\/produkt\/bio-natives-olivenol-1-liter\/#breadcrumb"},"inLanguage":"de","potentialAction":[{"@type":"ReadAction","target":["https:\/\/www.ilfrantoiosaporito.it\/de\/produkt\/bio-natives-olivenol-1-liter\/"]}]},{"@type":"ImageObject","inLanguage":"de","@id":"https:\/\/www.ilfrantoiosaporito.it\/de\/produkt\/bio-natives-olivenol-1-liter\/#primaryimage","url":"https:\/\/www.ilfrantoiosaporito.it\/wp-content\/uploads\/2021\/06\/Baratole-Frantoio__1-LT.jpg","contentUrl":"https:\/\/www.ilfrantoiosaporito.it\/wp-content\/uploads\/2021\/06\/Baratole-Frantoio__1-LT.jpg","width":1000,"height":1000},{"@type":"BreadcrumbList","@id":"https:\/\/www.ilfrantoiosaporito.it\/de\/produkt\/bio-natives-olivenol-1-liter\/#breadcrumb","itemListElement":[{"@type":"ListItem","position":1,"name":"Home","item":"https:\/\/www.ilfrantoiosaporito.it\/de\/"},{"@type":"ListItem","position":2,"name":"Shop","item":"https:\/\/www.ilfrantoiosaporito.it\/de\/shop\/"},{"@type":"ListItem","position":3,"name":"Bio-Oliven\u00f6l extra vergine 1 Liter"}]},{"@type":"WebSite","@id":"https:\/\/www.ilfrantoiosaporito.it\/de\/#website","url":"https:\/\/www.ilfrantoiosaporito.it\/de\/","name":"Azienda agricola Saporito l&#039;olio extravergine di oliva","description":"Azienda Agricola Saporito In Sabina l&#039;olivo \u00e8 coltivato da millenni ","potentialAction":[{"@type":"SearchAction","target":{"@type":"EntryPoint","urlTemplate":"https:\/\/www.ilfrantoiosaporito.it\/de\/?s={search_term_string}"},"query-input":{"@type":"PropertyValueSpecification","valueRequired":true,"valueName":"search_term_string"}}],"inLanguage":"de"}]}},"_links":{"self":[{"href":"https:\/\/www.ilfrantoiosaporito.it\/de\/wp-json\/wp\/v2\/product\/260077","targetHints":{"allow":["GET"]}}],"collection":[{"href":"https:\/\/www.ilfrantoiosaporito.it\/de\/wp-json\/wp\/v2\/product"}],"about":[{"href":"https:\/\/www.ilfrantoiosaporito.it\/de\/wp-json\/wp\/v2\/types\/product"}],"replies":[{"embeddable":true,"href":"https:\/\/www.ilfrantoiosaporito.it\/de\/wp-json\/wp\/v2\/comments?post=260077"}],"wp:featuredmedia":[{"embeddable":true,"href":"https:\/\/www.ilfrantoiosaporito.it\/de\/wp-json\/wp\/v2\/media\/258687"}],"wp:attachment":[{"href":"https:\/\/www.ilfrantoiosaporito.it\/de\/wp-json\/wp\/v2\/media?parent=260077"}],"wp:term":[{"taxonomy":"product_brand","embeddable":true,"href":"https:\/\/www.ilfrantoiosaporito.it\/de\/wp-json\/wp\/v2\/product_brand?post=260077"},{"taxonomy":"product_cat","embeddable":true,"href":"https:\/\/www.ilfrantoiosaporito.it\/de\/wp-json\/wp\/v2\/product_cat?post=260077"},{"taxonomy":"product_tag","embeddable":true,"href":"https:\/\/www.ilfrantoiosaporito.it\/de\/wp-json\/wp\/v2\/product_tag?post=260077"}],"curies":[{"name":"wp","href":"https:\/\/api.w.org\/{rel}","templated":true}]}}