{"id":260307,"date":"2021-04-22T22:36:22","date_gmt":"2021-04-22T22:36:22","guid":{"rendered":"https:\/\/www.ilfrantoiosaporito.it\/verkaufsstelle-des-saporito-bauernhofs-castelnuovo-di-farfa\/"},"modified":"2022-03-20T13:32:07","modified_gmt":"2022-03-20T13:32:07","slug":"verkaufsstelle-des-saporito-bauernhofs-castelnuovo-di-farfa","status":"publish","type":"page","link":"https:\/\/www.ilfrantoiosaporito.it\/de\/verkaufsstelle-des-saporito-bauernhofs-castelnuovo-di-farfa\/","title":{"rendered":"Verkaufsstelle des SAPORITO-Bauernhofs Castelnuovo di Farfa"},"content":{"rendered":"<p>[et_pb_section fb_built=&#8220;1&#8243; _builder_version=&#8220;4.14.4&#8243; background_color=&#8220;rgba(69,68,22,0.07)&#8220; background_color_gradient_direction=&#8220;90deg&#8220; background_enable_image=&#8220;off&#8220; background_size=&#8220;initial&#8220; background_position=&#8220;center_right&#8220; z_index=&#8220;0&#8243; custom_padding=&#8220;0px||0px||true|false&#8220; top_divider_style=&#8220;wave2&#8243; top_divider_color=&#8220;#1A642C&#8220; top_divider_height=&#8220;20px&#8220; bottom_divider_style=&#8220;waves2&#8243; bottom_divider_color=&#8220;#A0EB00&#8243; bottom_divider_height=&#8220;30px&#8220; locked=&#8220;off&#8220; global_colors_info=&#8220;{}&#8220;][et_pb_row column_structure=&#8220;1_2,1_2&#8243; use_custom_gutter=&#8220;on&#8220; gutter_width=&#8220;1&#8243; make_equal=&#8220;on&#8220; _builder_version=&#8220;4.14.4&#8243; background_size=&#8220;contain&#8220; z_index=&#8220;-500&#8243; width=&#8220;100%&#8220; width_tablet=&#8220;90%&#8220; width_phone=&#8220;90%&#8220; width_last_edited=&#8220;off|tablet&#8220; max_width=&#8220;1280px&#8220; max_width_tablet=&#8220;90%&#8220; max_width_phone=&#8220;90%&#8220; max_width_last_edited=&#8220;off|phone&#8220; custom_margin=&#8220;0px||0px||false|false&#8220; custom_padding=&#8220;0px||0px||true&#8220; global_colors_info=&#8220;{}&#8220;][et_pb_column type=&#8220;1_2&#8243; _builder_version=&#8220;4.9.4&#8243; background_enable_color=&#8220;off&#8220; custom_padding=&#8220;80px|80px|83px|80px|false|true&#8220; custom_padding_tablet=&#8220;&#8220; custom_padding_phone=&#8220;50px|30px|50px|30px|true|true&#8220; custom_padding_last_edited=&#8220;on|desktop&#8220; global_colors_info=&#8220;{}&#8220;][et_pb_text _builder_version=&#8220;4.14.8&#8243; _module_preset=&#8220;default&#8220; header_font_size=&#8220;18px&#8220; global_colors_info=&#8220;{}&#8220;]<\/p>\n<h1>BAUERNHOF VERKAUFSSTELLE SAPORITO<\/h1>\n<p>CASTELNUOVO DI FARFA <\/p>\n<p>[\/et_pb_text][et_pb_text _builder_version=&#8220;4.9.4&#8243; text_font=&#8220;|300|||||||&#8220; text_text_color=&#8220;#474747&#8243; text_font_size=&#8220;15px&#8220; text_line_height=&#8220;1.8em&#8220; background_color=&#8220;RGBA(0,0,0,0)&#8220; text_orientation=&#8220;center&#8220; custom_padding=&#8220;12px||&#8220; text_text_align=&#8220;center&#8220; global_colors_info=&#8220;{}&#8220;]<\/p>\n<p style=\"text-align: left;\"><span style=\"font-weight: 400;\">Immer bereit, Ihre W\u00fcnsche zu erf\u00fcllen, haben wir unser erstes Gesch\u00e4ft in der \u00d6lm\u00fchle in via valle di Rose snc in Castelnuovo di Farfa er\u00f6ffnet. Von der Ausfahrt Rom Nord aus leicht erreichbar, m\u00fcssen Sie den Schildern zur Abtei Farfa folgen und einige Kilometer weiter in Richtung der Stadt Castelnuovo fahren, bevor Sie das Gesch\u00e4ft finden.<\/span><\/p>\n<p style=\"text-align: left;\"><span style=\"font-weight: 400;\">Oltre all\u2019Olio Extravergine di Oliva Bio troverete altri beni di altissima qualit\u00e0 prodotti con il nostro Olio Bio.<\/span><\/p>\n<p style=\"text-align: left;\">[\/et_pb_text][\/et_pb_column][et_pb_column type=&#8220;1_2&#8243; _builder_version=&#8220;4.9.4&#8243; background_enable_image=&#8220;off&#8220; background_size=&#8220;contain&#8220; global_colors_info=&#8220;{}&#8220;][et_pb_text _builder_version=&#8220;4.14.4&#8243; _module_preset=&#8220;default&#8220; background_video_mp4=&#8220;https:\/\/www.ilfrantoiosaporito.it\/wp-content\/uploads\/2021\/11\/WhatsApp-Video-2021-11-14-at-01.18.25.mp4&#8243; background_video_pause_outside_viewport=&#8220;off&#8220; z_index=&#8220;-500&#8243; custom_margin=&#8220;40px||||false|false&#8220; global_colors_info=&#8220;{}&#8220;]<\/p>\n<p>&nbsp;<\/p>\n<p>&nbsp;<\/p>\n<p>&nbsp;<\/p>\n<p>&nbsp;<\/p>\n<p>&nbsp;<\/p>\n<p>&nbsp;<\/p>\n<p>&nbsp;<\/p>\n<p>&nbsp;<\/p>\n<p>&nbsp;<\/p>\n<p>&nbsp;<\/p>\n<p>&nbsp;<\/p>\n<p>[\/et_pb_text][\/et_pb_column][\/et_pb_row][et_pb_row use_custom_gutter=&#8220;on&#8220; gutter_width=&#8220;1&#8243; make_equal=&#8220;on&#8220; _builder_version=&#8220;4.14.4&#8243; _module_preset=&#8220;default&#8220; background_size=&#8220;contain&#8220; width=&#8220;100%&#8220; max_width=&#8220;1280px&#8220; custom_margin=&#8220;0px||0px||false|false&#8220; custom_padding=&#8220;0px||0px||true&#8220; global_colors_info=&#8220;{}&#8220;][et_pb_column type=&#8220;4_4&#8243; _builder_version=&#8220;4.14.4&#8243; _module_preset=&#8220;default&#8220; global_colors_info=&#8220;{}&#8220;][et_pb_gallery gallery_ids=&#8220;256786,256785,256948,256954,256955,256956,256960,256961,256963,256964,256965,256966&#8243; posts_number=&#8220;13&#8243; show_title_and_caption=&#8220;off&#8220; show_pagination=&#8220;off&#8220; _builder_version=&#8220;4.14.4&#8243; _module_preset=&#8220;default&#8220; border_radii=&#8220;on|3px|3px|3px|3px&#8220; border_width_all=&#8220;3px&#8220; border_color_all=&#8220;#FFFFFF&#8220; global_colors_info=&#8220;{}&#8220;][\/et_pb_gallery][\/et_pb_column][\/et_pb_row][et_pb_row _builder_version=&#8220;4.9.4&#8243; _module_preset=&#8220;default&#8220; global_colors_info=&#8220;{}&#8220;][et_pb_column type=&#8220;4_4&#8243; _builder_version=&#8220;4.9.4&#8243; _module_preset=&#8220;default&#8220; global_colors_info=&#8220;{}&#8220;][et_pb_text content_tablet=&#8220;&#8220; content_phone=&#8220;&#8220; content_last_edited=&#8220;on|tablet&#8220; _builder_version=&#8220;4.9.4&#8243; _module_preset=&#8220;default&#8220; header_font_size=&#8220;16px&#8220; header_font_size_tablet=&#8220;&#8220; header_font_size_phone=&#8220;14px&#8220; header_font_size_last_edited=&#8220;on|phone&#8220; global_colors_info=&#8220;{}&#8220;]<\/p>\n<h1>Neben Bio-Oliven\u00f6l extra vergine finden Sie weitere hochwertige Produkte, die mit unserem Bio-\u00d6l hergestellt wurden.<\/h1>\n<p>[\/et_pb_text][\/et_pb_column][\/et_pb_row][et_pb_row column_structure=&#8220;1_2,1_2&#8243; use_custom_gutter=&#8220;on&#8220; gutter_width=&#8220;1&#8243; make_equal=&#8220;on&#8220; _builder_version=&#8220;4.13.1&#8243; _module_preset=&#8220;default&#8220; background_size=&#8220;contain&#8220; width=&#8220;100%&#8220; max_width=&#8220;1280px&#8220; custom_margin=&#8220;||&#8220; custom_padding=&#8220;0px|15px|0px|15px|true|false&#8220; global_colors_info=&#8220;{}&#8220;][et_pb_column type=&#8220;1_2&#8243; _builder_version=&#8220;4.9.4&#8243; _module_preset=&#8220;default&#8220; global_colors_info=&#8220;{}&#8220;][et_pb_text _builder_version=&#8220;4.14.7&#8243; _module_preset=&#8220;default&#8220; custom_padding=&#8220;|10px||10px|false|false&#8220; global_colors_info=&#8220;{}&#8220;]In diesem Gebiet leben V\u00f6gel wie der Wanderfalke und der Uhu, aber auch die Bergschwalbe, der Gr\u00fcnspecht und die sch\u00f6ne Wasseramsel. Unter den Fischen teilen sich der Brillensalamander, der Vairone und die Bachforelle das sehr saubere Wasser des Farfa mit Krebsen und Flusskrebsen.. Unter den S\u00e4ugetieren werden der Dachs, der Fuchs, das Stachelschwein, das Wiesel genannt. Unter der Flora gibt es auch Steineichen, Truthahneichen und Hainbuchen sowie Weiden, Pappeln und Erlen. Es ist auch m\u00f6glich, die Ufer des Flusses Farfa von der Stadt Mompeo aus zu erreichen, wo Sie die Schluchten bewundern k\u00f6nnen, in denen der Wildbach flie\u00dft. Am Ufer angekommen, verl\u00e4uft der Weg immer schmaler am Bach entlang. Wenn Sie dem Pfad folgen, um die Schluchten zu erreichen, k\u00f6nnen Sie eine alte Br\u00fccke \u00fcberqueren und den CAI-Pfad 312 nehmen (nur f\u00fcr erfahrene Wanderer) oder dem Zusammenfluss mit dem Bach Montenero folgen, vorbei an den Ruinen der als Mola Naro Patrizi bekannten Wasserm\u00fchle. Das Naturdenkmalgebiet ist[\/et_pb_text][\/et_pb_column][et_pb_column type=&#8220;1_2&#8243; _builder_version=&#8220;4.9.4&#8243; _module_preset=&#8220;default&#8220; global_colors_info=&#8220;{}&#8220;][et_pb_image src=&#8220;https:\/\/www.ilfrantoiosaporito.it\/wp-content\/uploads\/2021\/04\/Senza-titolo-2-min.jpg&#8220; title_text=&#8220;Senza-titolo-2-min&#8220; align=&#8220;center&#8220; _builder_version=&#8220;4.9.4&#8243; _module_preset=&#8220;default&#8220; width=&#8220;90%&#8220; custom_margin=&#8220;0px||||false|false&#8220; custom_padding=&#8220;20px||20px||false|false&#8220; global_colors_info=&#8220;{}&#8220;][\/et_pb_image][\/et_pb_column][\/et_pb_row][\/et_pb_section]<\/p>\n","protected":false},"excerpt":{"rendered":"<p>BAUERNHOF VERKAUFSSTELLE SAPORITO CASTELNUOVO DI FARFA Immer bereit, Ihre W\u00fcnsche zu erf\u00fcllen, haben wir unser erstes Gesch\u00e4ft in der \u00d6lm\u00fchle in via valle di Rose snc in Castelnuovo di Farfa er\u00f6ffnet. Von der Ausfahrt Rom Nord aus leicht erreichbar, m\u00fcssen Sie den Schildern zur Abtei Farfa folgen und einige Kilometer weiter in Richtung der Stadt [&hellip;]<\/p>\n","protected":false},"author":1,"featured_media":0,"parent":0,"menu_order":0,"comment_status":"closed","ping_status":"closed","template":"","meta":{"_et_pb_use_builder":"on","_et_pb_old_content":"","_et_gb_content_width":"","cybocfi_hide_featured_image":"","footnotes":""},"class_list":["post-260307","page","type-page","status-publish","hentry"],"yoast_head":"<!-- This site is optimized with the Yoast SEO plugin v27.2 - https:\/\/yoast.com\/product\/yoast-seo-wordpress\/ -->\n<title>Point of Sale Natives Oliven\u00f6l Extra von bester Qualit\u00e4t<\/title>\n<meta name=\"description\" content=\"Die Verkaufsstelle ist das hochwertigste native Oliven\u00f6l extra, das in einer Vielzahl von Geschmacksrichtungen und Typen erh\u00e4ltlich ist.\" \/>\n<meta name=\"robots\" content=\"index, follow, max-snippet:-1, max-image-preview:large, max-video-preview:-1\" \/>\n<link rel=\"canonical\" href=\"https:\/\/www.ilfrantoiosaporito.it\/de\/verkaufsstelle-des-saporito-bauernhofs-castelnuovo-di-farfa\/\" \/>\n<meta property=\"og:locale\" content=\"de_DE\" \/>\n<meta property=\"og:type\" content=\"article\" \/>\n<meta property=\"og:title\" content=\"Point of Sale Natives Oliven\u00f6l Extra von bester Qualit\u00e4t\" \/>\n<meta property=\"og:description\" content=\"Die Verkaufsstelle ist das hochwertigste native Oliven\u00f6l extra, das in einer Vielzahl von Geschmacksrichtungen und Typen erh\u00e4ltlich ist.\" \/>\n<meta property=\"og:url\" content=\"https:\/\/www.ilfrantoiosaporito.it\/de\/verkaufsstelle-des-saporito-bauernhofs-castelnuovo-di-farfa\/\" \/>\n<meta property=\"og:site_name\" content=\"Azienda agricola Saporito l&#039;olio extravergine di oliva\" \/>\n<meta property=\"article:modified_time\" content=\"2022-03-20T13:32:07+00:00\" \/>\n<meta name=\"twitter:card\" content=\"summary_large_image\" \/>\n<meta name=\"twitter:label1\" content=\"Gesch\u00e4tzte Lesezeit\" \/>\n\t<meta name=\"twitter:data1\" content=\"4\u00a0Minuten\" \/>\n<script type=\"application\/ld+json\" class=\"yoast-schema-graph\">{\"@context\":\"https:\/\/schema.org\",\"@graph\":[{\"@type\":\"WebPage\",\"@id\":\"https:\/\/www.ilfrantoiosaporito.it\/de\/verkaufsstelle-des-saporito-bauernhofs-castelnuovo-di-farfa\/\",\"url\":\"https:\/\/www.ilfrantoiosaporito.it\/de\/verkaufsstelle-des-saporito-bauernhofs-castelnuovo-di-farfa\/\",\"name\":\"Point of Sale Natives Oliven\u00f6l Extra von bester Qualit\u00e4t\",\"isPartOf\":{\"@id\":\"https:\/\/www.ilfrantoiosaporito.it\/de\/#website\"},\"datePublished\":\"2021-04-22T22:36:22+00:00\",\"dateModified\":\"2022-03-20T13:32:07+00:00\",\"description\":\"Die Verkaufsstelle ist das hochwertigste native Oliven\u00f6l extra, das in einer Vielzahl von Geschmacksrichtungen und Typen erh\u00e4ltlich ist.\",\"breadcrumb\":{\"@id\":\"https:\/\/www.ilfrantoiosaporito.it\/de\/verkaufsstelle-des-saporito-bauernhofs-castelnuovo-di-farfa\/#breadcrumb\"},\"inLanguage\":\"de\",\"potentialAction\":[{\"@type\":\"ReadAction\",\"target\":[\"https:\/\/www.ilfrantoiosaporito.it\/de\/verkaufsstelle-des-saporito-bauernhofs-castelnuovo-di-farfa\/\"]}]},{\"@type\":\"BreadcrumbList\",\"@id\":\"https:\/\/www.ilfrantoiosaporito.it\/de\/verkaufsstelle-des-saporito-bauernhofs-castelnuovo-di-farfa\/#breadcrumb\",\"itemListElement\":[{\"@type\":\"ListItem\",\"position\":1,\"name\":\"Home\",\"item\":\"https:\/\/www.ilfrantoiosaporito.it\/de\/\"},{\"@type\":\"ListItem\",\"position\":2,\"name\":\"Verkaufsstelle des SAPORITO-Bauernhofs Castelnuovo di Farfa\"}]},{\"@type\":\"WebSite\",\"@id\":\"https:\/\/www.ilfrantoiosaporito.it\/de\/#website\",\"url\":\"https:\/\/www.ilfrantoiosaporito.it\/de\/\",\"name\":\"Azienda agricola Saporito l&#039;olio extravergine di oliva\",\"description\":\"Azienda Agricola Saporito In Sabina l&#039;olivo \u00e8 coltivato da millenni \",\"potentialAction\":[{\"@type\":\"SearchAction\",\"target\":{\"@type\":\"EntryPoint\",\"urlTemplate\":\"https:\/\/www.ilfrantoiosaporito.it\/de\/?s={search_term_string}\"},\"query-input\":{\"@type\":\"PropertyValueSpecification\",\"valueRequired\":true,\"valueName\":\"search_term_string\"}}],\"inLanguage\":\"de\"}]}<\/script>\n<!-- \/ Yoast SEO plugin. -->","yoast_head_json":{"title":"Point of Sale Natives Oliven\u00f6l Extra von bester Qualit\u00e4t","description":"Die Verkaufsstelle ist das hochwertigste native Oliven\u00f6l extra, das in einer Vielzahl von Geschmacksrichtungen und Typen erh\u00e4ltlich ist.","robots":{"index":"index","follow":"follow","max-snippet":"max-snippet:-1","max-image-preview":"max-image-preview:large","max-video-preview":"max-video-preview:-1"},"canonical":"https:\/\/www.ilfrantoiosaporito.it\/de\/verkaufsstelle-des-saporito-bauernhofs-castelnuovo-di-farfa\/","og_locale":"de_DE","og_type":"article","og_title":"Point of Sale Natives Oliven\u00f6l Extra von bester Qualit\u00e4t","og_description":"Die Verkaufsstelle ist das hochwertigste native Oliven\u00f6l extra, das in einer Vielzahl von Geschmacksrichtungen und Typen erh\u00e4ltlich ist.","og_url":"https:\/\/www.ilfrantoiosaporito.it\/de\/verkaufsstelle-des-saporito-bauernhofs-castelnuovo-di-farfa\/","og_site_name":"Azienda agricola Saporito l&#039;olio extravergine di oliva","article_modified_time":"2022-03-20T13:32:07+00:00","twitter_card":"summary_large_image","twitter_misc":{"Gesch\u00e4tzte Lesezeit":"4\u00a0Minuten"},"schema":{"@context":"https:\/\/schema.org","@graph":[{"@type":"WebPage","@id":"https:\/\/www.ilfrantoiosaporito.it\/de\/verkaufsstelle-des-saporito-bauernhofs-castelnuovo-di-farfa\/","url":"https:\/\/www.ilfrantoiosaporito.it\/de\/verkaufsstelle-des-saporito-bauernhofs-castelnuovo-di-farfa\/","name":"Point of Sale Natives Oliven\u00f6l Extra von bester Qualit\u00e4t","isPartOf":{"@id":"https:\/\/www.ilfrantoiosaporito.it\/de\/#website"},"datePublished":"2021-04-22T22:36:22+00:00","dateModified":"2022-03-20T13:32:07+00:00","description":"Die Verkaufsstelle ist das hochwertigste native Oliven\u00f6l extra, das in einer Vielzahl von Geschmacksrichtungen und Typen erh\u00e4ltlich ist.","breadcrumb":{"@id":"https:\/\/www.ilfrantoiosaporito.it\/de\/verkaufsstelle-des-saporito-bauernhofs-castelnuovo-di-farfa\/#breadcrumb"},"inLanguage":"de","potentialAction":[{"@type":"ReadAction","target":["https:\/\/www.ilfrantoiosaporito.it\/de\/verkaufsstelle-des-saporito-bauernhofs-castelnuovo-di-farfa\/"]}]},{"@type":"BreadcrumbList","@id":"https:\/\/www.ilfrantoiosaporito.it\/de\/verkaufsstelle-des-saporito-bauernhofs-castelnuovo-di-farfa\/#breadcrumb","itemListElement":[{"@type":"ListItem","position":1,"name":"Home","item":"https:\/\/www.ilfrantoiosaporito.it\/de\/"},{"@type":"ListItem","position":2,"name":"Verkaufsstelle des SAPORITO-Bauernhofs Castelnuovo di Farfa"}]},{"@type":"WebSite","@id":"https:\/\/www.ilfrantoiosaporito.it\/de\/#website","url":"https:\/\/www.ilfrantoiosaporito.it\/de\/","name":"Azienda agricola Saporito l&#039;olio extravergine di oliva","description":"Azienda Agricola Saporito In Sabina l&#039;olivo \u00e8 coltivato da millenni ","potentialAction":[{"@type":"SearchAction","target":{"@type":"EntryPoint","urlTemplate":"https:\/\/www.ilfrantoiosaporito.it\/de\/?s={search_term_string}"},"query-input":{"@type":"PropertyValueSpecification","valueRequired":true,"valueName":"search_term_string"}}],"inLanguage":"de"}]}},"_links":{"self":[{"href":"https:\/\/www.ilfrantoiosaporito.it\/de\/wp-json\/wp\/v2\/pages\/260307","targetHints":{"allow":["GET"]}}],"collection":[{"href":"https:\/\/www.ilfrantoiosaporito.it\/de\/wp-json\/wp\/v2\/pages"}],"about":[{"href":"https:\/\/www.ilfrantoiosaporito.it\/de\/wp-json\/wp\/v2\/types\/page"}],"author":[{"embeddable":true,"href":"https:\/\/www.ilfrantoiosaporito.it\/de\/wp-json\/wp\/v2\/users\/1"}],"replies":[{"embeddable":true,"href":"https:\/\/www.ilfrantoiosaporito.it\/de\/wp-json\/wp\/v2\/comments?post=260307"}],"version-history":[{"count":4,"href":"https:\/\/www.ilfrantoiosaporito.it\/de\/wp-json\/wp\/v2\/pages\/260307\/revisions"}],"predecessor-version":[{"id":260901,"href":"https:\/\/www.ilfrantoiosaporito.it\/de\/wp-json\/wp\/v2\/pages\/260307\/revisions\/260901"}],"wp:attachment":[{"href":"https:\/\/www.ilfrantoiosaporito.it\/de\/wp-json\/wp\/v2\/media?parent=260307"}],"curies":[{"name":"wp","href":"https:\/\/api.w.org\/{rel}","templated":true}]}}